{"id":1756,"date":"2021-02-25T15:42:11","date_gmt":"2021-02-25T14:42:11","guid":{"rendered":"https:\/\/www.volvetia.com\/optimierung\/"},"modified":"2021-07-22T14:08:39","modified_gmt":"2021-07-22T12:08:39","slug":"optimierung","status":"publish","type":"page","link":"https:\/\/www.volvetia.com\/de\/optimierung\/","title":{"rendered":"Optimierung"},"content":{"rendered":"\n<div class=\"wp-block-group\"><div class=\"wp-block-group__inner-container is-layout-flow wp-block-group-is-layout-flow\">\n<div class=\"wp-block-columns are-vertically-aligned-center container box-optymalizacja is-layout-flex wp-container-core-columns-is-layout-9d6595d7 wp-block-columns-is-layout-flex\">\n<div class=\"wp-block-column is-vertically-aligned-center xs-order-2 is-layout-flow wp-block-column-is-layout-flow\" style=\"flex-basis:50%\">\n<p class=\"title-small\">Angebot<\/p>\n\n\n\n<h2 class=\"wp-block-heading\">Optimierung von Kosten und Parametern<\/h2>\n\n\n\n<p>Wir helfen Ihnen, die Anschaffungskosten von Mittelspannungskabeln durch den Austausch von <strong>XRUHAKXS<\/strong> Kabeln<br\/>gegen <strong>TUBULAR\u2122 TUB\u2013X<\/strong> zu optimieren.<\/p>\n<\/div>\n\n\n\n<div class=\"wp-block-column is-vertically-aligned-center xs-order-1 is-layout-flow wp-block-column-is-layout-flow\" style=\"flex-basis:50%\">\n<div class=\"wp-block-image img-xs-w50\"><figure class=\"alignright size-full\"><img loading=\"lazy\" decoding=\"async\" width=\"571\" height=\"433\" src=\"http:\/\/volvetia.com\/wp-content\/uploads\/2021\/03\/optymalizacja-ikona-2.png\" alt=\"\" class=\"wp-image-874\" srcset=\"https:\/\/www.volvetia.com\/wp-content\/uploads\/2021\/03\/optymalizacja-ikona-2.png 571w, https:\/\/www.volvetia.com\/wp-content\/uploads\/2021\/03\/optymalizacja-ikona-2-300x227.png 300w\" sizes=\"auto, (max-width: 571px) 100vw, 571px\" \/><\/figure><\/div>\n<\/div>\n<\/div>\n<\/div><\/div>\n\n<h2 class=\"container znacznik-bez wp-block-heading\">Optimierungsbeispiele<\/h2>\n\n<div class=\"wp-block-group alignfull\"><div class=\"wp-block-group__inner-container is-layout-flow wp-block-group-is-layout-flow\">\n<div class=\"wp-block-columns alignfull box4 box5 is-layout-flex wp-container-core-columns-is-layout-9d6595d7 wp-block-columns-is-layout-flex\">\n<div class=\"wp-block-column lewa-padding prawa-padding is-layout-flow wp-block-column-is-layout-flow\">\n<figure class=\"wp-block-image size-full\"><img loading=\"lazy\" decoding=\"async\" width=\"273\" height=\"183\" src=\"https:\/\/www.volvetia.com\/wp-content\/uploads\/2021\/02\/optymalizacja-ikona.png\" alt=\"\" class=\"wp-image-438\"\/><\/figure>\n\n\n\n<div style=\"height:50px\" aria-hidden=\"true\" class=\"wp-block-spacer\"><\/div>\n\n\n\n<p class=\"title-small\">Optimierung<\/p>\n\n\n\n<h2 class=\"bialy wp-block-heading\">20 MW Windpark in My\u015blino<\/h2>\n\n\n\n<p><strong>Investor : ENERGA OZE.<\/strong><br\/><\/p>\n\n\n\n<p>Im urspr\u00fcnglichen Projekt wurden XRUHAKXS-Kabel verwendet. Es stellte sich jedoch heraus, dass die TUBULAR \u2122 TUB-AX Kabel eine h\u00f6here Belastbarkeit des langfristig arbeitenden Leiters, einen kleineren Biegeradius, ein geringeres Gewicht und eine l\u00e4ngere Lebensdauer als die von XRUHAKXS Kabeln aufweisen. Durch eine bessere K\u00fchlung sowohl des Arbeitsleiters als auch im Bereich des R\u00fcckleiters k\u00f6nnen die Kabel zudem \u00fcber einen l\u00e4ngeren Zeitraum mit h\u00f6heren Str\u00f6men belastet werden.<\/p>\n<\/div>\n\n\n\n<div class=\"wp-block-column is-layout-flow wp-block-column-is-layout-flow\">\n<div class=\"wp-block-image top50\"><figure class=\"alignright size-full\"><img loading=\"lazy\" decoding=\"async\" width=\"968\" height=\"920\" src=\"http:\/\/volvetia.com\/wp-content\/uploads\/2021\/02\/optymalizacja-farma.jpg\" alt=\"\" class=\"wp-image-432\" srcset=\"https:\/\/www.volvetia.com\/wp-content\/uploads\/2021\/02\/optymalizacja-farma.jpg 968w, https:\/\/www.volvetia.com\/wp-content\/uploads\/2021\/02\/optymalizacja-farma-300x285.jpg 300w, https:\/\/www.volvetia.com\/wp-content\/uploads\/2021\/02\/optymalizacja-farma-768x730.jpg 768w\" sizes=\"auto, (max-width: 968px) 100vw, 968px\" \/><\/figure><\/div>\n\n\n\n<p><\/p>\n<\/div>\n<\/div>\n<\/div><\/div>\n\n<div class=\"wp-block-group alignfull\"><div class=\"wp-block-group__inner-container is-layout-flow wp-block-group-is-layout-flow\">\n<div class=\"wp-block-columns alignfull are-vertically-aligned-center box-optymalizacja-2 is-layout-flex wp-container-core-columns-is-layout-9d6595d7 wp-block-columns-is-layout-flex\">\n<div class=\"wp-block-column is-vertically-aligned-center lewa-padding xs-order-2 xs-container max-w is-layout-flow wp-block-column-is-layout-flow\">\n<figure class=\"wp-block-image size-full img-xs-w50\"><img loading=\"lazy\" decoding=\"async\" width=\"273\" height=\"183\" src=\"https:\/\/www.volvetia.com\/wp-content\/uploads\/2021\/02\/optymalizacja-ikona.png\" alt=\"\" class=\"wp-image-438\"\/><\/figure>\n\n\n\n<div style=\"height:50px\" aria-hidden=\"true\" class=\"wp-block-spacer\"><\/div>\n\n\n\n<p class=\"title-small\">Optimierung<\/p>\n\n\n\n<h2 class=\"wp-block-heading\">Bau von Infrastruktur f\u00fcr KGHM SA<\/h2>\n\n\n\n<p>Der Ausgangspunkt waren 12\/20 kV XRUHAKXS-Kabel. Die Konstrukteure kamen nach sorgf\u00e4ltigen Berechnungen und dem Vergleich von Datenbl\u00e4ttern schnell zum Schluss, dass sich die Kabel TUBULAR\u2122TUB-AX im Vergleich zu XRUHAKXS-Kabeln nicht nur durch eine h\u00f6here Langzeitbelastbarkeit des Arbeitsleiters, sondern auch durch h\u00f6here Ein-Sekunden-Kurzschlussstr\u00f6me des R\u00fcckleiters auszeichnen. Die Kabel wurden auch von TAURON POLSKA ENERGIA zugelassen.<\/p>\n<\/div>\n\n\n\n<div class=\"wp-block-column is-vertically-aligned-center xs-order-1 xs-mb-3 optymalizacja-img-2 is-layout-flow wp-block-column-is-layout-flow\">\n<div class=\"wp-block-image\"><figure class=\"alignright size-full is-resized\"><img loading=\"lazy\" decoding=\"async\" src=\"http:\/\/volvetia.com\/wp-content\/uploads\/2021\/02\/optymalizacja-3.jpg\" alt=\"Optimierung - Ausf&#xFC;hrung\" class=\"wp-image-452\" width=\"968\" height=\"932\" srcset=\"https:\/\/www.volvetia.com\/wp-content\/uploads\/2021\/02\/optymalizacja-3.jpg 968w, https:\/\/www.volvetia.com\/wp-content\/uploads\/2021\/02\/optymalizacja-3-300x289.jpg 300w, https:\/\/www.volvetia.com\/wp-content\/uploads\/2021\/02\/optymalizacja-3-768x739.jpg 768w\" sizes=\"auto, (max-width: 968px) 100vw, 968px\" \/><\/figure><\/div>\n\n\n\n<p><\/p>\n<\/div>\n<\/div>\n<\/div><\/div>\n\n<div class=\"wp-block-group container\"><div class=\"wp-block-group__inner-container is-layout-flow wp-block-group-is-layout-flow\">\n<div class=\"wpcf7 no-js\" id=\"wpcf7-f2210-o1\" lang=\"de-DE\" dir=\"ltr\" data-wpcf7-id=\"2210\">\n<div class=\"screen-reader-response\"><p role=\"status\" aria-live=\"polite\" aria-atomic=\"true\"><\/p> <ul><\/ul><\/div>\n<form action=\"\/de\/wp-json\/wp\/v2\/pages\/1756#wpcf7-f2210-o1\" method=\"post\" class=\"wpcf7-form init wpcf7-acceptance-as-validation\" aria-label=\"Kontaktformular\" novalidate=\"novalidate\" data-status=\"init\">\n<div style=\"display: none;\">\n<input type=\"hidden\" name=\"_wpcf7\" value=\"2210\" \/>\n<input type=\"hidden\" name=\"_wpcf7_version\" value=\"6.0.5\" \/>\n<input type=\"hidden\" name=\"_wpcf7_locale\" value=\"de_DE\" \/>\n<input type=\"hidden\" name=\"_wpcf7_unit_tag\" value=\"wpcf7-f2210-o1\" \/>\n<input type=\"hidden\" name=\"_wpcf7_container_post\" value=\"0\" \/>\n<input type=\"hidden\" name=\"_wpcf7_posted_data_hash\" value=\"\" \/>\n<input type=\"hidden\" name=\"_wpcf7_recaptcha_response\" value=\"\" \/>\n<\/div>\n<hr class=\"footer-hr hr-form\" \/>\n<div class=\"row\">\n\t<div class=\"col-sm-12\">\n\t\t<div class=\"row\">\n\t\t\t<div class=\"col-sm-6\">\n\t\t\t\t<h4>Angebot anfordern\n\t\t\t\t<\/h4>\n\t\t\t\t<p class=\"s-f\">*Pflichtfeld\n\t\t\t\t<\/p>\n\t\t\t\t<p><label class=\"name\"> Vor- und Nachname*<br \/>\n<span class=\"wpcf7-form-control-wrap\" data-name=\"your-name\"><input size=\"40\" maxlength=\"400\" class=\"wpcf7-form-control wpcf7-text wpcf7-validates-as-required\" aria-required=\"true\" aria-invalid=\"false\" placeholder=\"Bitte nennen Sie uns Ihren vollst\u00e4ndigen Namen\" value=\"\" type=\"text\" name=\"your-name\" \/><\/span> <\/label>\n\t\t\t\t<\/p>\n\t\t\t\t<div class=\"row\">\n\t\t\t\t\t<div class=\"col-sm-6\">\n\t\t\t\t\t\t<p><label> E-mail*<br \/>\n<span class=\"wpcf7-form-control-wrap\" data-name=\"your-email\"><input size=\"40\" maxlength=\"400\" class=\"wpcf7-form-control wpcf7-email wpcf7-validates-as-required wpcf7-text wpcf7-validates-as-email\" aria-required=\"true\" aria-invalid=\"false\" placeholder=\"e-mail*\" value=\"\" type=\"email\" name=\"your-email\" \/><\/span> <\/label>\n\t\t\t\t\t\t<\/p>\n\t\t\t\t\t\t<p class=\"s-f desc\">Das Angebot wird Ihnen per E-Mail zugesandt\n\t\t\t\t\t\t<\/p>\n\t\t\t\t\t<\/div>\n\t\t\t\t\t<div class=\"col-sm-6 padding-left-0\">\n\t\t\t\t\t\t<p><label> Telefon<br \/>\n<span class=\"wpcf7-form-control-wrap\" data-name=\"telefon\"><input size=\"40\" maxlength=\"400\" class=\"wpcf7-form-control wpcf7-text\" aria-invalid=\"false\" placeholder=\"telefon\" value=\"\" type=\"text\" name=\"telefon\" \/><\/span> <\/label>\n\t\t\t\t\t\t<\/p>\n\t\t\t\t\t\t<p class=\"s-f desc\">dies erleichtert den Kontakt bei weiteren Fragen\n\t\t\t\t\t\t<\/p>\n\t\t\t\t\t<\/div>\n\t\t\t\t\t<div class=\"col-sm-12\">\n\t\t\t\t\t\t<h5>Angaben zum Kabel\n\t\t\t\t\t\t<\/h5>\n\t\t\t\t\t<\/div>\n\t\t\t\t\t<div class=\"col-sm-6\">\n\t\t\t\t\t\t<p><label> Kabeltyp<br \/>\n<span class=\"wpcf7-form-control-wrap\" data-name=\"typ-kabla\"><input size=\"40\" maxlength=\"400\" class=\"wpcf7-form-control wpcf7-text\" aria-invalid=\"false\" placeholder=\"kabeltyp\" value=\"\" type=\"text\" name=\"typ-kabla\" \/><\/span> <\/label>\n\t\t\t\t\t\t<\/p>\n\t\t\t\t\t\t<p class=\"s-f desc\">Kabeltyp - Beispiel XnUHAKXS\n\t\t\t\t\t\t<\/p>\n\t\t\t\t\t<\/div>\n\t\t\t\t\t<div class=\"col-sm-3 w122\">\n\t\t\t\t\t\t<p><label class=\"w122\"> Querschnitt<br \/>\n<span class=\"wpcf7-form-control-wrap\" data-name=\"przekroj\"><input size=\"40\" maxlength=\"400\" class=\"wpcf7-form-control wpcf7-text\" aria-invalid=\"false\" value=\"\" type=\"text\" name=\"przekroj\" \/><\/span> <\/label>\n\t\t\t\t\t\t<\/p>\n\t\t\t\t\t<\/div>\n\t\t\t\t\t<div class=\"col-sm-3 w122\">\n\t\t\t\t\t\t<p><label class=\"w122\"> Spannung<br \/>\n<span class=\"wpcf7-form-control-wrap\" data-name=\"napiecie\"><input size=\"40\" maxlength=\"400\" class=\"wpcf7-form-control wpcf7-text\" aria-invalid=\"false\" value=\"\" type=\"text\" name=\"napiecie\" \/><\/span> <\/label>\n\t\t\t\t\t\t<\/p>\n\t\t\t\t\t<\/div>\n\t\t\t\t\t<div class=\"col-sm-12\">\n\t\t\t\t\t\t<p><label> Zus\u00e4tzliche Informationen<br \/>\n<span class=\"wpcf7-form-control-wrap\" data-name=\"your-message\"><textarea cols=\"40\" rows=\"10\" maxlength=\"2000\" class=\"wpcf7-form-control wpcf7-textarea\" aria-invalid=\"false\" placeholder=\"Zus\u00e4tzliche Informationen\" name=\"your-message\"><\/textarea><\/span> <\/label><br \/>\n<button id=\"btn-sub\" type=\"submit\" value=\"Anfrage senden\" class=\"wpcf7-form-control wpcf7-submit\">Anfrage senden<span><\/span><\/button>\n\t\t\t\t\t\t<\/p>\n\t\t\t\t\t\t<p><span class=\"wpcf7-form-control-wrap\" data-name=\"acceptance-606\"><span class=\"wpcf7-form-control wpcf7-acceptance\"><span class=\"wpcf7-list-item\"><label><input type=\"checkbox\" name=\"acceptance-606\" value=\"1\" aria-invalid=\"false\" \/><span class=\"wpcf7-list-item-label\">* Ich bin mit der Verarbeitung der angegebenen Daten zur Erstellung eines Angebots einverstanden<\/span><\/label><\/span><\/span><\/span>\n\t\t\t\t\t\t<\/p>\n\t\t\t\t\t<\/div>\n\t\t\t\t<\/div>\n\t\t\t<\/div>\n\t\t<\/div>\n\t<\/div>\n<\/div><div class=\"wpcf7-response-output\" aria-hidden=\"true\"><\/div>\n<\/form>\n<\/div>\n\n<\/div><\/div>\n\r\n<div class=\"container\">\t\r\n<hr class=\"footer-hr box-red-hr\">\r\n        <div class=\"box-red\">\r\n            <div class=\"box-left\">\r\n                <h3>TUBULAR<sup>TM<\/sup><br>TUB-AX<\/h3>\r\n                <a class=\"btn-b btn-black\" href=\"https:\/\/www.volvetia.com\/specyfikacja-tubular-tub-ax\/#\">Tubular-Kabel<span><\/span><\/a>\r\n            <\/div>\r\n            <div class=\"box-right\">\r\n                <div class=\"red-desc\"><p class=\"title-small\">Optimierung<\/p> <p>Ein besseres \u00c4quivalent zu <strong>XRUHAKXS<\/strong><br> cost reduction by 15% &#8211; 20%<\/p><\/div>\r\n            <\/div>\r\n           <img decoding=\"async\" src=\"https:\/\/www.volvetia.com\/wp-content\/uploads\/2021\/02\/TUBULARTM-TUB-AX-b.png\" alt=\"TUBULARTMTUB-AX\">\r\n    <\/div>\r\n<\/div>\r\n\r\n","protected":false},"excerpt":{"rendered":"<p>Angebot Optimierung von Kosten und Parametern Wir helfen Ihnen, die Anschaffungskosten von Mittelspannungskabeln durch den Austausch von XRUHAKXS Kabelngegen TUBULAR\u2122 TUB\u2013X zu optimieren. Optimierungsbeispiele Optimierung 20 MW Windpark in My\u015blino Investor : ENERGA OZE. Im urspr\u00fcnglichen Projekt wurden XRUHAKXS-Kabel verwendet. Es stellte sich jedoch heraus, dass die TUBULAR \u2122 TUB-AX Kabel eine h\u00f6here Belastbarkeit des [&hellip;]<\/p>\n","protected":false},"author":1,"featured_media":1220,"parent":0,"menu_order":0,"comment_status":"closed","ping_status":"closed","template":"page-full-header-big.php","meta":{"_acf_changed":false,"inline_featured_image":false,"footnotes":""},"class_list":["post-1756","page","type-page","status-publish","has-post-thumbnail","hentry"],"acf":[],"yoast_head":"<!-- This site is optimized with the Yoast SEO plugin v24.8.1 - https:\/\/yoast.com\/wordpress\/plugins\/seo\/ -->\n<title>Optimierung - Reduktion der Investitionskosten f\u00fcr MV-Kabel um bis zu 20%.<\/title>\n<meta name=\"description\" content=\"Wir optimieren die Kosten von Mittelspannungskabeln um 15 - 20%. Wir verbessern die elektrischen Parameter von Anlagen, ohne die Kosten zu erh\u00f6hen.\" \/>\n<meta name=\"robots\" content=\"index, follow, max-snippet:-1, max-image-preview:large, max-video-preview:-1\" \/>\n<link rel=\"canonical\" href=\"https:\/\/www.volvetia.com\/optymalizacja\/\" \/>\n<meta property=\"og:locale\" content=\"de_DE\" \/>\n<meta property=\"og:type\" content=\"article\" \/>\n<meta property=\"og:title\" content=\"Optimierung - Reduktion der Investitionskosten f\u00fcr MV-Kabel um bis zu 20%.\" \/>\n<meta property=\"og:description\" content=\"Wir optimieren die Kosten von Mittelspannungskabeln um 15 - 20%. Wir verbessern die elektrischen Parameter von Anlagen, ohne die Kosten zu erh\u00f6hen.\" \/>\n<meta property=\"og:url\" content=\"https:\/\/www.volvetia.com\/optymalizacja\/\" \/>\n<meta property=\"og:site_name\" content=\"Volvetia\" \/>\n<meta property=\"article:modified_time\" content=\"2021-07-22T12:08:39+00:00\" \/>\n<meta property=\"og:image\" content=\"https:\/\/www.volvetia.com\/wp-content\/uploads\/2021\/04\/Kable-398X221-MINI_0004_9_volvetia.jpg\" \/>\n\t<meta property=\"og:image:width\" content=\"398\" \/>\n\t<meta property=\"og:image:height\" content=\"221\" \/>\n\t<meta property=\"og:image:type\" content=\"image\/jpeg\" \/>\n<meta name=\"twitter:card\" content=\"summary_large_image\" \/>\n<meta name=\"twitter:label1\" content=\"Gesch\u00e4tzte Lesezeit\" \/>\n\t<meta name=\"twitter:data1\" content=\"1\u00a0Minute\" \/>\n<script type=\"application\/ld+json\" class=\"yoast-schema-graph\">{\"@context\":\"https:\/\/schema.org\",\"@graph\":[{\"@type\":\"WebPage\",\"@id\":\"https:\/\/www.volvetia.com\/optymalizacja\/\",\"url\":\"https:\/\/www.volvetia.com\/optymalizacja\/\",\"name\":\"Optimierung - Reduktion der Investitionskosten f\u00fcr MV-Kabel um bis zu 20%.\",\"isPartOf\":{\"@id\":\"https:\/\/www.volvetia.com\/#website\"},\"primaryImageOfPage\":{\"@id\":\"https:\/\/www.volvetia.com\/optymalizacja\/#primaryimage\"},\"image\":{\"@id\":\"https:\/\/www.volvetia.com\/optymalizacja\/#primaryimage\"},\"thumbnailUrl\":\"https:\/\/www.volvetia.com\/wp-content\/uploads\/2021\/04\/Kable-398X221-MINI_0004_9_volvetia.jpg\",\"datePublished\":\"2021-02-25T14:42:11+00:00\",\"dateModified\":\"2021-07-22T12:08:39+00:00\",\"description\":\"Wir optimieren die Kosten von Mittelspannungskabeln um 15 - 20%. Wir verbessern die elektrischen Parameter von Anlagen, ohne die Kosten zu erh\u00f6hen.\",\"breadcrumb\":{\"@id\":\"https:\/\/www.volvetia.com\/optymalizacja\/#breadcrumb\"},\"inLanguage\":\"de\",\"potentialAction\":[{\"@type\":\"ReadAction\",\"target\":[\"https:\/\/www.volvetia.com\/optymalizacja\/\"]}]},{\"@type\":\"ImageObject\",\"inLanguage\":\"de\",\"@id\":\"https:\/\/www.volvetia.com\/optymalizacja\/#primaryimage\",\"url\":\"https:\/\/www.volvetia.com\/wp-content\/uploads\/2021\/04\/Kable-398X221-MINI_0004_9_volvetia.jpg\",\"contentUrl\":\"https:\/\/www.volvetia.com\/wp-content\/uploads\/2021\/04\/Kable-398X221-MINI_0004_9_volvetia.jpg\",\"width\":398,\"height\":221,\"caption\":\"kabel \u015bredniego napi\u0119cia Tubular\"},{\"@type\":\"BreadcrumbList\",\"@id\":\"https:\/\/www.volvetia.com\/optymalizacja\/#breadcrumb\",\"itemListElement\":[{\"@type\":\"ListItem\",\"position\":1,\"name\":\"Strona g\u0142\u00f3wna\",\"item\":\"https:\/\/www.volvetia.com\/de\/\"},{\"@type\":\"ListItem\",\"position\":2,\"name\":\"Optimierung\"}]},{\"@type\":\"WebSite\",\"@id\":\"https:\/\/www.volvetia.com\/#website\",\"url\":\"https:\/\/www.volvetia.com\/\",\"name\":\"Volvetia\",\"description\":\"Kable \u015brednich napi\u0119\u0107\",\"potentialAction\":[{\"@type\":\"SearchAction\",\"target\":{\"@type\":\"EntryPoint\",\"urlTemplate\":\"https:\/\/www.volvetia.com\/?s={search_term_string}\"},\"query-input\":{\"@type\":\"PropertyValueSpecification\",\"valueRequired\":true,\"valueName\":\"search_term_string\"}}],\"inLanguage\":\"de\"}]}<\/script>\n<!-- \/ Yoast SEO plugin. -->","yoast_head_json":{"title":"Optimierung - Reduktion der Investitionskosten f\u00fcr MV-Kabel um bis zu 20%.","description":"Wir optimieren die Kosten von Mittelspannungskabeln um 15 - 20%. Wir verbessern die elektrischen Parameter von Anlagen, ohne die Kosten zu erh\u00f6hen.","robots":{"index":"index","follow":"follow","max-snippet":"max-snippet:-1","max-image-preview":"max-image-preview:large","max-video-preview":"max-video-preview:-1"},"canonical":"https:\/\/www.volvetia.com\/optymalizacja\/","og_locale":"de_DE","og_type":"article","og_title":"Optimierung - Reduktion der Investitionskosten f\u00fcr MV-Kabel um bis zu 20%.","og_description":"Wir optimieren die Kosten von Mittelspannungskabeln um 15 - 20%. Wir verbessern die elektrischen Parameter von Anlagen, ohne die Kosten zu erh\u00f6hen.","og_url":"https:\/\/www.volvetia.com\/optymalizacja\/","og_site_name":"Volvetia","article_modified_time":"2021-07-22T12:08:39+00:00","og_image":[{"width":398,"height":221,"url":"https:\/\/www.volvetia.com\/wp-content\/uploads\/2021\/04\/Kable-398X221-MINI_0004_9_volvetia.jpg","type":"image\/jpeg"}],"twitter_card":"summary_large_image","twitter_misc":{"Gesch\u00e4tzte Lesezeit":"1\u00a0Minute"},"schema":{"@context":"https:\/\/schema.org","@graph":[{"@type":"WebPage","@id":"https:\/\/www.volvetia.com\/optymalizacja\/","url":"https:\/\/www.volvetia.com\/optymalizacja\/","name":"Optimierung - Reduktion der Investitionskosten f\u00fcr MV-Kabel um bis zu 20%.","isPartOf":{"@id":"https:\/\/www.volvetia.com\/#website"},"primaryImageOfPage":{"@id":"https:\/\/www.volvetia.com\/optymalizacja\/#primaryimage"},"image":{"@id":"https:\/\/www.volvetia.com\/optymalizacja\/#primaryimage"},"thumbnailUrl":"https:\/\/www.volvetia.com\/wp-content\/uploads\/2021\/04\/Kable-398X221-MINI_0004_9_volvetia.jpg","datePublished":"2021-02-25T14:42:11+00:00","dateModified":"2021-07-22T12:08:39+00:00","description":"Wir optimieren die Kosten von Mittelspannungskabeln um 15 - 20%. Wir verbessern die elektrischen Parameter von Anlagen, ohne die Kosten zu erh\u00f6hen.","breadcrumb":{"@id":"https:\/\/www.volvetia.com\/optymalizacja\/#breadcrumb"},"inLanguage":"de","potentialAction":[{"@type":"ReadAction","target":["https:\/\/www.volvetia.com\/optymalizacja\/"]}]},{"@type":"ImageObject","inLanguage":"de","@id":"https:\/\/www.volvetia.com\/optymalizacja\/#primaryimage","url":"https:\/\/www.volvetia.com\/wp-content\/uploads\/2021\/04\/Kable-398X221-MINI_0004_9_volvetia.jpg","contentUrl":"https:\/\/www.volvetia.com\/wp-content\/uploads\/2021\/04\/Kable-398X221-MINI_0004_9_volvetia.jpg","width":398,"height":221,"caption":"kabel \u015bredniego napi\u0119cia Tubular"},{"@type":"BreadcrumbList","@id":"https:\/\/www.volvetia.com\/optymalizacja\/#breadcrumb","itemListElement":[{"@type":"ListItem","position":1,"name":"Strona g\u0142\u00f3wna","item":"https:\/\/www.volvetia.com\/de\/"},{"@type":"ListItem","position":2,"name":"Optimierung"}]},{"@type":"WebSite","@id":"https:\/\/www.volvetia.com\/#website","url":"https:\/\/www.volvetia.com\/","name":"Volvetia","description":"Kable \u015brednich napi\u0119\u0107","potentialAction":[{"@type":"SearchAction","target":{"@type":"EntryPoint","urlTemplate":"https:\/\/www.volvetia.com\/?s={search_term_string}"},"query-input":{"@type":"PropertyValueSpecification","valueRequired":true,"valueName":"search_term_string"}}],"inLanguage":"de"}]}},"_links":{"self":[{"href":"https:\/\/www.volvetia.com\/de\/wp-json\/wp\/v2\/pages\/1756","targetHints":{"allow":["GET"]}}],"collection":[{"href":"https:\/\/www.volvetia.com\/de\/wp-json\/wp\/v2\/pages"}],"about":[{"href":"https:\/\/www.volvetia.com\/de\/wp-json\/wp\/v2\/types\/page"}],"author":[{"embeddable":true,"href":"https:\/\/www.volvetia.com\/de\/wp-json\/wp\/v2\/users\/1"}],"replies":[{"embeddable":true,"href":"https:\/\/www.volvetia.com\/de\/wp-json\/wp\/v2\/comments?post=1756"}],"version-history":[{"count":2,"href":"https:\/\/www.volvetia.com\/de\/wp-json\/wp\/v2\/pages\/1756\/revisions"}],"predecessor-version":[{"id":2220,"href":"https:\/\/www.volvetia.com\/de\/wp-json\/wp\/v2\/pages\/1756\/revisions\/2220"}],"wp:featuredmedia":[{"embeddable":true,"href":"https:\/\/www.volvetia.com\/de\/wp-json\/wp\/v2\/media\/1220"}],"wp:attachment":[{"href":"https:\/\/www.volvetia.com\/de\/wp-json\/wp\/v2\/media?parent=1756"}],"curies":[{"name":"wp","href":"https:\/\/api.w.org\/{rel}","templated":true}]}}