{"id":1780,"date":"2021-02-19T15:06:07","date_gmt":"2021-02-19T14:06:07","guid":{"rendered":"https:\/\/www.volvetia.com\/feuerbestaendige-mv-kabel-180-min\/"},"modified":"2021-07-22T15:44:23","modified_gmt":"2021-07-22T13:44:23","slug":"feuerbestaendige-mv-kabel-180-min","status":"publish","type":"page","link":"https:\/\/www.volvetia.com\/de\/feuerbestaendige-mv-kabel-180-min\/","title":{"rendered":"MV Feuerbest\u00e4ndige Kabel 180 Min"},"content":{"rendered":"\n<div class=\"wp-block-group\"><div class=\"wp-block-group__inner-container is-layout-flow wp-block-group-is-layout-flow\">\n<div class=\"wp-block-columns container is-layout-flex wp-container-core-columns-is-layout-9d6595d7 wp-block-columns-is-layout-flex\">\n<div class=\"wp-block-column is-layout-flow wp-block-column-is-layout-flow\">\n<p class=\"title-small\">Angebot<\/p>\n\n\n\n<h2 class=\"wp-block-heading\">Beispieldatenbl\u00e4tter<\/h2>\n\n\n\n<p>Lorem ipsum dolor sit amet, consectetur adipiscing elit, sed do eiusmod tempor incididunt ut labore et dolore magna aliqua. In iaculis nunc sed augue lacus viverra vitae congue eu.<\/p>\n<\/div>\n\n\n\n<div class=\"wp-block-column is-layout-flow wp-block-column-is-layout-flow\"><\/div>\n<\/div>\n<\/div><\/div>\n\n<div class=\"wp-block-group container\"><div class=\"wp-block-group__inner-container is-layout-flow wp-block-group-is-layout-flow\">\n<div class=\"wpcf7 no-js\" id=\"wpcf7-f2210-o1\" lang=\"de-DE\" dir=\"ltr\" data-wpcf7-id=\"2210\">\n<div class=\"screen-reader-response\"><p role=\"status\" aria-live=\"polite\" aria-atomic=\"true\"><\/p> <ul><\/ul><\/div>\n<form action=\"\/de\/wp-json\/wp\/v2\/pages\/1780#wpcf7-f2210-o1\" method=\"post\" class=\"wpcf7-form init wpcf7-acceptance-as-validation\" aria-label=\"Kontaktformular\" novalidate=\"novalidate\" data-status=\"init\">\n<div style=\"display: none;\">\n<input type=\"hidden\" name=\"_wpcf7\" value=\"2210\" \/>\n<input type=\"hidden\" name=\"_wpcf7_version\" value=\"6.0.5\" \/>\n<input type=\"hidden\" name=\"_wpcf7_locale\" value=\"de_DE\" \/>\n<input type=\"hidden\" name=\"_wpcf7_unit_tag\" value=\"wpcf7-f2210-o1\" \/>\n<input type=\"hidden\" name=\"_wpcf7_container_post\" value=\"0\" \/>\n<input type=\"hidden\" name=\"_wpcf7_posted_data_hash\" value=\"\" \/>\n<input type=\"hidden\" name=\"_wpcf7_recaptcha_response\" value=\"\" \/>\n<\/div>\n<hr class=\"footer-hr hr-form\" \/>\n<div class=\"row\">\n\t<div class=\"col-sm-12\">\n\t\t<div class=\"row\">\n\t\t\t<div class=\"col-sm-6\">\n\t\t\t\t<h4>Angebot anfordern\n\t\t\t\t<\/h4>\n\t\t\t\t<p class=\"s-f\">*Pflichtfeld\n\t\t\t\t<\/p>\n\t\t\t\t<p><label class=\"name\"> Vor- und Nachname*<br \/>\n<span class=\"wpcf7-form-control-wrap\" data-name=\"your-name\"><input size=\"40\" maxlength=\"400\" class=\"wpcf7-form-control wpcf7-text wpcf7-validates-as-required\" aria-required=\"true\" aria-invalid=\"false\" placeholder=\"Bitte nennen Sie uns Ihren vollst\u00e4ndigen Namen\" value=\"\" type=\"text\" name=\"your-name\" \/><\/span> <\/label>\n\t\t\t\t<\/p>\n\t\t\t\t<div class=\"row\">\n\t\t\t\t\t<div class=\"col-sm-6\">\n\t\t\t\t\t\t<p><label> E-mail*<br \/>\n<span class=\"wpcf7-form-control-wrap\" data-name=\"your-email\"><input size=\"40\" maxlength=\"400\" class=\"wpcf7-form-control wpcf7-email wpcf7-validates-as-required wpcf7-text wpcf7-validates-as-email\" aria-required=\"true\" aria-invalid=\"false\" placeholder=\"e-mail*\" value=\"\" type=\"email\" name=\"your-email\" \/><\/span> <\/label>\n\t\t\t\t\t\t<\/p>\n\t\t\t\t\t\t<p class=\"s-f desc\">Das Angebot wird Ihnen per E-Mail zugesandt\n\t\t\t\t\t\t<\/p>\n\t\t\t\t\t<\/div>\n\t\t\t\t\t<div class=\"col-sm-6 padding-left-0\">\n\t\t\t\t\t\t<p><label> Telefon<br \/>\n<span class=\"wpcf7-form-control-wrap\" data-name=\"telefon\"><input size=\"40\" maxlength=\"400\" class=\"wpcf7-form-control wpcf7-text\" aria-invalid=\"false\" placeholder=\"telefon\" value=\"\" type=\"text\" name=\"telefon\" \/><\/span> <\/label>\n\t\t\t\t\t\t<\/p>\n\t\t\t\t\t\t<p class=\"s-f desc\">dies erleichtert den Kontakt bei weiteren Fragen\n\t\t\t\t\t\t<\/p>\n\t\t\t\t\t<\/div>\n\t\t\t\t\t<div class=\"col-sm-12\">\n\t\t\t\t\t\t<h5>Angaben zum Kabel\n\t\t\t\t\t\t<\/h5>\n\t\t\t\t\t<\/div>\n\t\t\t\t\t<div class=\"col-sm-6\">\n\t\t\t\t\t\t<p><label> Kabeltyp<br \/>\n<span class=\"wpcf7-form-control-wrap\" data-name=\"typ-kabla\"><input size=\"40\" maxlength=\"400\" class=\"wpcf7-form-control wpcf7-text\" aria-invalid=\"false\" placeholder=\"kabeltyp\" value=\"\" type=\"text\" name=\"typ-kabla\" \/><\/span> <\/label>\n\t\t\t\t\t\t<\/p>\n\t\t\t\t\t\t<p class=\"s-f desc\">Kabeltyp - Beispiel XnUHAKXS\n\t\t\t\t\t\t<\/p>\n\t\t\t\t\t<\/div>\n\t\t\t\t\t<div class=\"col-sm-3 w122\">\n\t\t\t\t\t\t<p><label class=\"w122\"> Querschnitt<br \/>\n<span class=\"wpcf7-form-control-wrap\" data-name=\"przekroj\"><input size=\"40\" maxlength=\"400\" class=\"wpcf7-form-control wpcf7-text\" aria-invalid=\"false\" value=\"\" type=\"text\" name=\"przekroj\" \/><\/span> <\/label>\n\t\t\t\t\t\t<\/p>\n\t\t\t\t\t<\/div>\n\t\t\t\t\t<div class=\"col-sm-3 w122\">\n\t\t\t\t\t\t<p><label class=\"w122\"> Spannung<br \/>\n<span class=\"wpcf7-form-control-wrap\" data-name=\"napiecie\"><input size=\"40\" maxlength=\"400\" class=\"wpcf7-form-control wpcf7-text\" aria-invalid=\"false\" value=\"\" type=\"text\" name=\"napiecie\" \/><\/span> <\/label>\n\t\t\t\t\t\t<\/p>\n\t\t\t\t\t<\/div>\n\t\t\t\t\t<div class=\"col-sm-12\">\n\t\t\t\t\t\t<p><label> Zus\u00e4tzliche Informationen<br \/>\n<span class=\"wpcf7-form-control-wrap\" data-name=\"your-message\"><textarea cols=\"40\" rows=\"10\" maxlength=\"2000\" class=\"wpcf7-form-control wpcf7-textarea\" aria-invalid=\"false\" placeholder=\"Zus\u00e4tzliche Informationen\" name=\"your-message\"><\/textarea><\/span> <\/label><br \/>\n<button id=\"btn-sub\" type=\"submit\" value=\"Anfrage senden\" class=\"wpcf7-form-control wpcf7-submit\">Anfrage senden<span><\/span><\/button>\n\t\t\t\t\t\t<\/p>\n\t\t\t\t\t\t<p><span class=\"wpcf7-form-control-wrap\" data-name=\"acceptance-606\"><span class=\"wpcf7-form-control wpcf7-acceptance\"><span class=\"wpcf7-list-item\"><label><input type=\"checkbox\" name=\"acceptance-606\" value=\"1\" aria-invalid=\"false\" \/><span class=\"wpcf7-list-item-label\">* Ich bin mit der Verarbeitung der angegebenen Daten zur Erstellung eines Angebots einverstanden<\/span><\/label><\/span><\/span><\/span>\n\t\t\t\t\t\t<\/p>\n\t\t\t\t\t<\/div>\n\t\t\t\t<\/div>\n\t\t\t<\/div>\n\t\t<\/div>\n\t<\/div>\n<\/div><div class=\"wpcf7-response-output\" aria-hidden=\"true\"><\/div>\n<\/form>\n<\/div>\n\n<\/div><\/div>\n\n<div class=\"wp-block-group\"><div class=\"wp-block-group__inner-container is-layout-flow wp-block-group-is-layout-flow\">\r\n<div class=\"container\">\t\r\n<hr class=\"footer-hr box-red-hr\">\r\n        <div class=\"box-red\">\r\n            <div class=\"box-left\">\r\n                <h3><h3>TUBULAR<sup>TM<\/sup><br>TUB-AX<\/h3><\/h3>\r\n                <a class=\"btn-b btn-black\" href=\"https:\/\/www.volvetia.com\/specyfikacja-tubular-tub-ax\/#\">TUBULAR<span><\/span><\/a>\r\n            <\/div>\r\n            <div class=\"box-right\">\r\n                <div class=\"red-desc\"><p class=\"title-small\">Angebot<\/p>\n<p>Ein besseres \u00c4quivalent des <strong>XRUHAKXS<\/strong>-Kabels, Kostenreduktion um 15 &#8211; 20%.<\/p><\/div>\r\n            <\/div>\r\n           <img decoding=\"async\" src=\"https:\/\/www.volvetia.com\/wp-content\/uploads\/2021\/02\/TUBULARTM-TUB-AX-b.png\" alt=\"TUBULARTMTUB-AX\">\r\n    <\/div>\r\n<\/div>\r\n\r\n<\/div><\/div>\n","protected":false},"excerpt":{"rendered":"<p>Angebot Beispieldatenbl\u00e4tter Lorem ipsum dolor sit amet, consectetur adipiscing elit, sed do eiusmod tempor incididunt ut labore et dolore magna aliqua. In iaculis nunc sed augue lacus viverra vitae congue eu.<\/p>\n","protected":false},"author":1,"featured_media":0,"parent":0,"menu_order":0,"comment_status":"closed","ping_status":"open","template":"page-full-header-big.php","meta":{"_acf_changed":false,"inline_featured_image":false,"footnotes":""},"class_list":["post-1780","page","type-page","status-publish","hentry"],"acf":[],"yoast_head":"<!-- This site is optimized with the Yoast SEO plugin v24.8.1 - https:\/\/yoast.com\/wordpress\/plugins\/seo\/ -->\n<title>MV Feuerbest\u00e4ndige Kabel 180 Min - Volvetia<\/title>\n<meta name=\"robots\" content=\"index, follow, max-snippet:-1, max-image-preview:large, max-video-preview:-1\" \/>\n<link rel=\"canonical\" href=\"https:\/\/www.volvetia.com\/kable-odporne-na-ogien-180-min\/\" \/>\n<meta property=\"og:locale\" content=\"de_DE\" \/>\n<meta property=\"og:type\" content=\"article\" \/>\n<meta property=\"og:title\" content=\"MV Feuerbest\u00e4ndige Kabel 180 Min - Volvetia\" \/>\n<meta property=\"og:description\" content=\"Angebot Beispieldatenbl\u00e4tter Lorem ipsum dolor sit amet, consectetur adipiscing elit, sed do eiusmod tempor incididunt ut labore et dolore magna aliqua. In iaculis nunc sed augue lacus viverra vitae congue eu.\" \/>\n<meta property=\"og:url\" content=\"https:\/\/www.volvetia.com\/kable-odporne-na-ogien-180-min\/\" \/>\n<meta property=\"og:site_name\" content=\"Volvetia\" \/>\n<meta property=\"article:modified_time\" content=\"2021-07-22T13:44:23+00:00\" \/>\n<meta name=\"twitter:card\" content=\"summary_large_image\" \/>\n<script type=\"application\/ld+json\" class=\"yoast-schema-graph\">{\"@context\":\"https:\/\/schema.org\",\"@graph\":[{\"@type\":\"WebPage\",\"@id\":\"https:\/\/www.volvetia.com\/kable-odporne-na-ogien-180-min\/\",\"url\":\"https:\/\/www.volvetia.com\/kable-odporne-na-ogien-180-min\/\",\"name\":\"MV Feuerbest\u00e4ndige Kabel 180 Min - Volvetia\",\"isPartOf\":{\"@id\":\"https:\/\/www.volvetia.com\/#website\"},\"datePublished\":\"2021-02-19T14:06:07+00:00\",\"dateModified\":\"2021-07-22T13:44:23+00:00\",\"breadcrumb\":{\"@id\":\"https:\/\/www.volvetia.com\/kable-odporne-na-ogien-180-min\/#breadcrumb\"},\"inLanguage\":\"de\",\"potentialAction\":[{\"@type\":\"ReadAction\",\"target\":[\"https:\/\/www.volvetia.com\/kable-odporne-na-ogien-180-min\/\"]}]},{\"@type\":\"BreadcrumbList\",\"@id\":\"https:\/\/www.volvetia.com\/kable-odporne-na-ogien-180-min\/#breadcrumb\",\"itemListElement\":[{\"@type\":\"ListItem\",\"position\":1,\"name\":\"Strona g\u0142\u00f3wna\",\"item\":\"https:\/\/www.volvetia.com\/de\/\"},{\"@type\":\"ListItem\",\"position\":2,\"name\":\"MV Feuerbest\u00e4ndige Kabel 180 Min\"}]},{\"@type\":\"WebSite\",\"@id\":\"https:\/\/www.volvetia.com\/#website\",\"url\":\"https:\/\/www.volvetia.com\/\",\"name\":\"Volvetia\",\"description\":\"Kable \u015brednich napi\u0119\u0107\",\"potentialAction\":[{\"@type\":\"SearchAction\",\"target\":{\"@type\":\"EntryPoint\",\"urlTemplate\":\"https:\/\/www.volvetia.com\/?s={search_term_string}\"},\"query-input\":{\"@type\":\"PropertyValueSpecification\",\"valueRequired\":true,\"valueName\":\"search_term_string\"}}],\"inLanguage\":\"de\"}]}<\/script>\n<!-- \/ Yoast SEO plugin. -->","yoast_head_json":{"title":"MV Feuerbest\u00e4ndige Kabel 180 Min - Volvetia","robots":{"index":"index","follow":"follow","max-snippet":"max-snippet:-1","max-image-preview":"max-image-preview:large","max-video-preview":"max-video-preview:-1"},"canonical":"https:\/\/www.volvetia.com\/kable-odporne-na-ogien-180-min\/","og_locale":"de_DE","og_type":"article","og_title":"MV Feuerbest\u00e4ndige Kabel 180 Min - Volvetia","og_description":"Angebot Beispieldatenbl\u00e4tter Lorem ipsum dolor sit amet, consectetur adipiscing elit, sed do eiusmod tempor incididunt ut labore et dolore magna aliqua. In iaculis nunc sed augue lacus viverra vitae congue eu.","og_url":"https:\/\/www.volvetia.com\/kable-odporne-na-ogien-180-min\/","og_site_name":"Volvetia","article_modified_time":"2021-07-22T13:44:23+00:00","twitter_card":"summary_large_image","schema":{"@context":"https:\/\/schema.org","@graph":[{"@type":"WebPage","@id":"https:\/\/www.volvetia.com\/kable-odporne-na-ogien-180-min\/","url":"https:\/\/www.volvetia.com\/kable-odporne-na-ogien-180-min\/","name":"MV Feuerbest\u00e4ndige Kabel 180 Min - Volvetia","isPartOf":{"@id":"https:\/\/www.volvetia.com\/#website"},"datePublished":"2021-02-19T14:06:07+00:00","dateModified":"2021-07-22T13:44:23+00:00","breadcrumb":{"@id":"https:\/\/www.volvetia.com\/kable-odporne-na-ogien-180-min\/#breadcrumb"},"inLanguage":"de","potentialAction":[{"@type":"ReadAction","target":["https:\/\/www.volvetia.com\/kable-odporne-na-ogien-180-min\/"]}]},{"@type":"BreadcrumbList","@id":"https:\/\/www.volvetia.com\/kable-odporne-na-ogien-180-min\/#breadcrumb","itemListElement":[{"@type":"ListItem","position":1,"name":"Strona g\u0142\u00f3wna","item":"https:\/\/www.volvetia.com\/de\/"},{"@type":"ListItem","position":2,"name":"MV Feuerbest\u00e4ndige Kabel 180 Min"}]},{"@type":"WebSite","@id":"https:\/\/www.volvetia.com\/#website","url":"https:\/\/www.volvetia.com\/","name":"Volvetia","description":"Kable \u015brednich napi\u0119\u0107","potentialAction":[{"@type":"SearchAction","target":{"@type":"EntryPoint","urlTemplate":"https:\/\/www.volvetia.com\/?s={search_term_string}"},"query-input":{"@type":"PropertyValueSpecification","valueRequired":true,"valueName":"search_term_string"}}],"inLanguage":"de"}]}},"_links":{"self":[{"href":"https:\/\/www.volvetia.com\/de\/wp-json\/wp\/v2\/pages\/1780","targetHints":{"allow":["GET"]}}],"collection":[{"href":"https:\/\/www.volvetia.com\/de\/wp-json\/wp\/v2\/pages"}],"about":[{"href":"https:\/\/www.volvetia.com\/de\/wp-json\/wp\/v2\/types\/page"}],"author":[{"embeddable":true,"href":"https:\/\/www.volvetia.com\/de\/wp-json\/wp\/v2\/users\/1"}],"replies":[{"embeddable":true,"href":"https:\/\/www.volvetia.com\/de\/wp-json\/wp\/v2\/comments?post=1780"}],"version-history":[{"count":3,"href":"https:\/\/www.volvetia.com\/de\/wp-json\/wp\/v2\/pages\/1780\/revisions"}],"predecessor-version":[{"id":2236,"href":"https:\/\/www.volvetia.com\/de\/wp-json\/wp\/v2\/pages\/1780\/revisions\/2236"}],"wp:attachment":[{"href":"https:\/\/www.volvetia.com\/de\/wp-json\/wp\/v2\/media?parent=1780"}],"curies":[{"name":"wp","href":"https:\/\/api.w.org\/{rel}","templated":true}]}}