{"id":1805,"date":"2021-02-26T16:15:31","date_gmt":"2021-02-26T15:15:31","guid":{"rendered":"https:\/\/www.volvetia.com\/ausruestung-fuer-tubular-tub-ax\/"},"modified":"2021-07-22T15:00:11","modified_gmt":"2021-07-22T13:00:11","slug":"ausruestung-fuer-tubular-tub-ax","status":"publish","type":"page","link":"https:\/\/www.volvetia.com\/de\/ausruestung-fuer-tubular-tub-ax\/","title":{"rendered":"Ausr\u00fcstung f\u00fcr TUBULARTM TUB-AX"},"content":{"rendered":"\n<div class=\"wp-block-group\"><div class=\"wp-block-group__inner-container is-layout-flow wp-block-group-is-layout-flow\">\n<div class=\"wp-block-columns container is-layout-flex wp-container-core-columns-is-layout-9d6595d7 wp-block-columns-is-layout-flex\">\n<div class=\"wp-block-column is-layout-flow wp-block-column-is-layout-flow\" style=\"flex-basis:45%\">\n<h2 class=\"wp-block-heading\">Ausr\u00fcstung &#8211; Datenbl\u00e4tter<\/h2>\n\n\n\n<p>Schrumpf-Verbindungsmuffen, Schrumpf-Innen-Kabelendverschluss, Schrumpf-Au\u00dfen-Kabelendverschluss.<\/p>\n<\/div>\n\n\n\n<div class=\"wp-block-column is-layout-flow wp-block-column-is-layout-flow\" style=\"flex-basis:66.66%\"><\/div>\n<\/div>\n<\/div><\/div>\n\n<div class=\"wp-block-group\"><div class=\"wp-block-group__inner-container is-layout-flow wp-block-group-is-layout-flow\"><div class=\"container\">\r\n    <ul class=\"featured-post featured-post-2\">\r\n            <li>\r\n            <div class=\"img-block\">             \r\n              <img decoding=\"async\" src=\"https:\/\/www.volvetia.com\/wp-content\/uploads\/2021\/04\/Termokurczliwa-glowica-2.png\" alt=\"Termokurczliwa g\u0142owica napowietrzna typu E3UETH 24 K CM\">\r\n           <\/div>\r\n       <div class=\"desc\">\r\n            <span class=\"title-small\"> OSPRZ\u0118T TUBULAR TUB-AX<\/span>\r\n            <h2>Termokurczliwa g\u0142owica napowietrzna typu E3UETH 24 K CM<\/h2>\r\n            <span class=\"opis\"><p><strong>ZASTOSOWANIE<\/strong><br \/>\nG\u0142owica przeznaczona do zaka\u0144czania jedno\u017cy\u0142owych kabli energetycznych<br \/>\nw izolacji polietylenowej z \u017cy\u0142\u0105 powrotn\u0105 w postaci tuby Al dla kabla <strong>TUBULAR\u2122<\/strong> o napi\u0119ciu <strong>12\/20 (24) kV<\/strong><\/p>\n<\/span>\r\n\r\n            \t\t\t\t<a class=\"btn-b btn-pdf pfd-m\" target=\"blank\" href=\"https:\/\/www.volvetia.com\/wp-content\/uploads\/2021\/04\/2021-02-03-Karta-katalogowa-E3UETH_24_K.pdf\">Spezifikation herunterladen<span><\/span><\/a>\r\n\t    \t        <\/div>\r\n        <\/li>\r\n            <li>\r\n            <div class=\"img-block\">             \r\n              <img decoding=\"async\" src=\"https:\/\/www.volvetia.com\/wp-content\/uploads\/2021\/04\/Termokurczliwa-glowica-1.png\" alt=\"Termokurczliwa g\u0142owica napowietrzna typu E3UETH 12 K CM\">\r\n           <\/div>\r\n       <div class=\"desc\">\r\n            <span class=\"title-small\"> OSPRZ\u0118T TUBULAR TUB-AX<\/span>\r\n            <h2>Termokurczliwa g\u0142owica napowietrzna typu E3UETH 12 K CM<\/h2>\r\n            <span class=\"opis\"><p><strong>ZASTOSOWANIE<\/strong><br \/>\nG\u0142owica przeznaczona do zaka\u0144czania jedno\u017cy\u0142owych kabli energetycznych w izolacji polietylenowej z \u017cy\u0142\u0105 powrotn\u0105<br \/>\nw postaci tuby Al dla kabla <strong>TUBULAR\u2122<\/strong> o napi\u0119ciu <strong>6\/10 (12) kV<\/strong><\/p>\n<\/span>\r\n\r\n            \t\t\t\t<a class=\"btn-b btn-pdf pfd-m\" target=\"blank\" href=\"https:\/\/www.volvetia.com\/wp-content\/uploads\/2021\/04\/2021-02-03-Karta-katalogowa-E3UETH_12_K.pdf\">Spezifikation herunterladen<span><\/span><\/a>\r\n\t    \t        <\/div>\r\n        <\/li>\r\n            <li>\r\n            <div class=\"img-block\">             \r\n              <img decoding=\"async\" src=\"https:\/\/www.volvetia.com\/wp-content\/uploads\/2021\/04\/glowica_termokurczliwa.png\" alt=\"Termokurczliwa g\u0142owica wn\u0119trzowa typu E3UITH 36 K CM\">\r\n           <\/div>\r\n       <div class=\"desc\">\r\n            <span class=\"title-small\"> OSPRZ\u0118T TUBULAR TUB-AX<\/span>\r\n            <h2>Termokurczliwa g\u0142owica wn\u0119trzowa typu E3UITH 36 K CM<\/h2>\r\n            <span class=\"opis\"><p><strong>ZASTOSOWANIE<\/strong><br \/>\nG\u0142owica przeznaczona do zaka\u0144czania jedno\u017cy\u0142owych kabli energetycznych<br \/>\nw izolacji polietylenowej z \u017cy\u0142\u0105 powrotn\u0105 w postaci tuby Al dla kabla <strong>TUBULAR\u2122<\/strong><br \/>\no napi\u0119ciu <strong>18\/30(36) kV<\/strong><\/p>\n<\/span>\r\n\r\n            \t\t\t\t<a class=\"btn-b btn-pdf pfd-m\" target=\"blank\" href=\"https:\/\/www.volvetia.com\/wp-content\/uploads\/2021\/04\/2021-02-04-Karta-katalogowa-E3UITH_36_K.pdf\">Spezifikation herunterladen<span><\/span><\/a>\r\n\t    \t        <\/div>\r\n        <\/li>\r\n            <li>\r\n            <div class=\"img-block\">             \r\n              <img decoding=\"async\" src=\"https:\/\/www.volvetia.com\/wp-content\/uploads\/2021\/04\/glowica_termokurczliwa.png\" alt=\"Termokurczliwa g\u0142owica wn\u0119trzowa typu E3UITH 24 K CM\">\r\n           <\/div>\r\n       <div class=\"desc\">\r\n            <span class=\"title-small\"> OSPRZ\u0118T TUBULAR TUB-AX<\/span>\r\n            <h2>Termokurczliwa g\u0142owica wn\u0119trzowa typu E3UITH 24 K CM<\/h2>\r\n            <span class=\"opis\"><p><strong>ZASTOSOWANIE<\/strong><br \/>\nG\u0142owica przeznaczona do zaka\u0144czania jedno\u017cy\u0142owych kabli energetycznych<br \/>\nw izolacji polietylenowej z \u017cy\u0142\u0105 powrotn\u0105 w postaci tuby Al dla kabla <strong>TUBULAR\u2122 <\/strong><br \/>\no napi\u0119ciu <strong>12\/20 (24) kV<\/strong><\/p>\n<\/span>\r\n\r\n            \t\t\t\t<a class=\"btn-b btn-pdf pfd-m\" target=\"blank\" href=\"https:\/\/www.volvetia.com\/wp-content\/uploads\/2021\/04\/2021-02-04-Karta-katalogowa-E3UITH_24_K.pdf\">Spezifikation herunterladen<span><\/span><\/a>\r\n\t    \t        <\/div>\r\n        <\/li>\r\n            <li>\r\n            <div class=\"img-block\">             \r\n              <img decoding=\"async\" src=\"https:\/\/www.volvetia.com\/wp-content\/uploads\/2021\/04\/glowica_termokurczliwa.png\" alt=\"Termokurczliwa g\u0142owica wn\u0119trzowa typu E3UITH 12 K CM\">\r\n           <\/div>\r\n       <div class=\"desc\">\r\n            <span class=\"title-small\"> OSPRZ\u0118T TUBULAR TUB-AX<\/span>\r\n            <h2>Termokurczliwa g\u0142owica wn\u0119trzowa typu E3UITH 12 K CM<\/h2>\r\n            <span class=\"opis\"><p><strong>ZASTOSOWANIE<\/strong><br \/>\nG\u0142owica przeznaczona do zaka\u0144czania jedno\u017cy\u0142owych kabli energetycznych<br \/>\nw izolacji polietylenowej z \u017cy\u0142\u0105 powrotn\u0105 w postaci tuby Al dla kabla <strong>TUBULAR\u2122<\/strong><br \/>\no napi\u0119ciu <strong>6\/10(12)kV<\/strong><\/p>\n<\/span>\r\n\r\n            \t\t\t\t<a class=\"btn-b btn-pdf pfd-m\" target=\"blank\" href=\"https:\/\/www.volvetia.com\/wp-content\/uploads\/2021\/04\/2021-02-04-Karta-katalogowa-E3UITH_12_K.pdf\">Spezifikation herunterladen<span><\/span><\/a>\r\n\t    \t        <\/div>\r\n        <\/li>\r\n            <li>\r\n            <div class=\"img-block\">             \r\n              <img decoding=\"async\" src=\"https:\/\/www.volvetia.com\/wp-content\/uploads\/2021\/04\/osprzet-1.png\" alt=\"Termokurczliwe mufy przelotowe typu JUPTH 36 K CM\">\r\n           <\/div>\r\n       <div class=\"desc\">\r\n            <span class=\"title-small\"> OSPRZ\u0118T TUBULAR TUB-AX<\/span>\r\n            <h2>Termokurczliwe mufy przelotowe typu JUPTH 36 K CM<\/h2>\r\n            <span class=\"opis\"><p><strong>ZASTOSOWANIE<\/strong><br \/>\nMufy przeznaczone do \u0142\u0105czenia jedno\u017cy\u0142owych kabli w izolacji polietylenowej z \u017cy\u0142\u0105 powrotn\u0105 w postaci tuby Al dla<br \/>\nkabla <strong>TUBULAR\u2122<\/strong> o napi\u0119ciu <strong>18\/30 (36) kV.<\/strong><\/p>\n<\/span>\r\n\r\n            \t\t\t\t<a class=\"btn-b btn-pdf pfd-m\" target=\"blank\" href=\"https:\/\/www.volvetia.com\/wp-content\/uploads\/2021\/04\/2021-02-03-Karta-katalogowa-JUPTH_36_K-CM.pdf\">Spezifikation herunterladen<span><\/span><\/a>\r\n\t    \t        <\/div>\r\n        <\/li>\r\n            <li>\r\n            <div class=\"img-block\">             \r\n              <img decoding=\"async\" src=\"https:\/\/www.volvetia.com\/wp-content\/uploads\/2021\/04\/osprzet-1.png\" alt=\"Termokurczliwe mufy przelotowe typu JUPTH 24 K CM\">\r\n           <\/div>\r\n       <div class=\"desc\">\r\n            <span class=\"title-small\"> OSPRZ\u0118T TUBULAR TUB-AX<\/span>\r\n            <h2>Termokurczliwe mufy przelotowe typu JUPTH 24 K CM<\/h2>\r\n            <span class=\"opis\"><p><strong>ZASTOSOWANIE<\/strong><br \/>\nMufy przeznaczone do \u0142\u0105czenia jedno\u017cy\u0142owych kabli w izolacji polietylenowej z \u017cy\u0142\u0105 powrotn\u0105 w postaci tuby Al dla<br \/>\nkabla <strong>TUBULAR\u2122<\/strong> o napi\u0119ciu <strong>12\/20 (24) kV.<\/strong><\/p>\n<\/span>\r\n\r\n            \t\t\t\t<a class=\"btn-b btn-pdf pfd-m\" target=\"blank\" href=\"https:\/\/www.volvetia.com\/wp-content\/uploads\/2021\/04\/2021-02-04-Karta-katalogowa-JUPTH_24_K-CM.pdf\">Spezifikation herunterladen<span><\/span><\/a>\r\n\t    \t        <\/div>\r\n        <\/li>\r\n            <li>\r\n            <div class=\"img-block\">             \r\n              <img decoding=\"async\" src=\"https:\/\/www.volvetia.com\/wp-content\/uploads\/2021\/04\/osprzet-1.png\" alt=\"Termokurczliwe mufy przelotowe typu JUPTH 12 K CM\">\r\n           <\/div>\r\n       <div class=\"desc\">\r\n            <span class=\"title-small\"> OSPRZ\u0118T TUBULAR TUB-AX<\/span>\r\n            <h2>Termokurczliwe mufy przelotowe typu JUPTH 12 K CM<\/h2>\r\n            <span class=\"opis\"><p><strong>ZASTOSOWANIE<\/strong><br \/>\nMufy przeznaczone do \u0142\u0105czenia jedno\u017cy\u0142owych kabli w izolacji polietylenowej z \u017cy\u0142\u0105 powrotn\u0105 w postaci tuby Al dla<br \/>\nkabla <strong>TUBULAR\u2122<\/strong> o napi\u0119ciu <strong>6\/10 (12) kV.<\/strong><\/p>\n<\/span>\r\n\r\n            \t\t\t\t<a class=\"btn-b btn-pdf pfd-m\" target=\"blank\" href=\"https:\/\/www.volvetia.com\/wp-content\/uploads\/2021\/04\/2021-02-04-Karta-katalogowa-JUPTH_12_K-CM.pdf\">Spezifikation herunterladen<span><\/span><\/a>\r\n\t    \t        <\/div>\r\n        <\/li>\r\n            <li>\r\n            <div class=\"img-block\">             \r\n              <img decoding=\"async\" src=\"https:\/\/www.volvetia.com\/wp-content\/uploads\/2021\/04\/Termokurczliwa-glowica-3.png\" alt=\"Termokurczliwa g\u0142owica napowietrzna typu E3UETH 36 K CM\">\r\n           <\/div>\r\n       <div class=\"desc\">\r\n            <span class=\"title-small\"> OSPRZ\u0118T TUBULAR TUB-AX<\/span>\r\n            <h2>Termokurczliwa g\u0142owica napowietrzna typu E3UETH 36 K CM<\/h2>\r\n            <span class=\"opis\"><p><strong>ZASTOSOWANIE<\/strong><br \/>\nG\u0142owica przeznaczona do zaka\u0144czania jedno\u017cy\u0142owych kabli energetycznych<br \/>\nw izolacji polietylenowej z \u017cy\u0142\u0105 powrotn\u0105 w postaci tuby Al dla kabla <strong>TUBULAR\u2122<\/strong> o napi\u0119ciu <strong>18\/30 (36) kV<\/strong><\/p>\n<\/span>\r\n\r\n            \t\t\t\t<a class=\"btn-b btn-pdf pfd-m\" target=\"blank\" href=\"https:\/\/www.volvetia.com\/wp-content\/uploads\/2021\/04\/2021-02-03-Karta-katalogowa-E3UETH_36_K.pdf\">Spezifikation herunterladen<span><\/span><\/a>\r\n\t    \t        <\/div>\r\n        <\/li>\r\n        <\/ul>\r\n<\/div>\r\n<\/div><\/div>\n\n<div class=\"wp-block-group\"><div class=\"wp-block-group__inner-container is-layout-flow wp-block-group-is-layout-flow\">\n<div class=\"wp-block-columns container is-layout-flex wp-container-core-columns-is-layout-9d6595d7 wp-block-columns-is-layout-flex\">\n<div class=\"wp-block-column is-layout-flow wp-block-column-is-layout-flow\" style=\"flex-basis:45%\">\n<h2 class=\"wp-block-heading\">Montage des Kabelendverschlusses<\/h2>\n\n\n\n<p>Die Montage des Innen- und Au\u00dfen-Kabelendverschlusses auf einem TUBULAR\u2122TUB-AX-Kabel ist fast identisch wie bei einem XRUHAKXS-Kabel. Der einzige zus\u00e4tzliche Arbeitsschritt ist die Installation eines speziellen Erdungssatzes gem\u00e4\u00df der Installationsanleitung.\n<\/p>\n<\/div>\n\n\n\n<div class=\"wp-block-column is-layout-flow wp-block-column-is-layout-flow\" style=\"flex-basis:66.66%\"><\/div>\n<\/div>\n<\/div><\/div>\n\n<div class=\"wp-block-group\"><div class=\"wp-block-group__inner-container is-layout-flow wp-block-group-is-layout-flow\">\n<figure class=\"wp-block-video aligncenter container\"><video height=\"540\" style=\"aspect-ratio: 960 \/ 540;\" width=\"960\" controls=\"\" muted=\"\" src=\"https:\/\/www.volvetia.com\/wp-content\/uploads\/2021\/06\/gotowy-film-2-mufa.mp4\"><\/video><\/figure>\n<\/div><\/div>\n\n<div class=\"wp-block-columns container is-layout-flex wp-container-core-columns-is-layout-9d6595d7 wp-block-columns-is-layout-flex\">\n<div class=\"wp-block-column is-layout-flow wp-block-column-is-layout-flow\">\n<h2 class=\"wp-block-heading\">Montage eines Muffs<\/h2>\n\n\n\n<p>Die Montage des Innen- und Au\u00dfen-Kabelendverschlusses auf einem TUBULAR\u2122TUB-AX-Kabel ist fast identisch wie bei einem XRUHAKXS-Kabel. Der einzige zus\u00e4tzliche Arbeitsschritt ist die Installation eines speziellen Erdungssatzes gem\u00e4\u00df der Installationsanleitung.<\/p>\n<\/div>\n\n\n\n<div class=\"wp-block-column is-layout-flow wp-block-column-is-layout-flow\"><\/div>\n\n\n\n<div class=\"wp-block-column is-layout-flow wp-block-column-is-layout-flow\"><\/div>\n<\/div>\n\n<figure class=\"wp-block-video container\"><video height=\"720\" style=\"aspect-ratio: 1280 \/ 720;\" width=\"1280\" controls=\"\" src=\"https:\/\/www.volvetia.com\/wp-content\/uploads\/2021\/07\/film-cz.2-gotowy-korekta12.07.mp4\"><\/video><\/figure>\n","protected":false},"excerpt":{"rendered":"<p>Ausr\u00fcstung &#8211; Datenbl\u00e4tter Schrumpf-Verbindungsmuffen, Schrumpf-Innen-Kabelendverschluss, Schrumpf-Au\u00dfen-Kabelendverschluss. Montage des Kabelendverschlusses Die Montage des Innen- und Au\u00dfen-Kabelendverschlusses auf einem TUBULAR\u2122TUB-AX-Kabel ist fast identisch wie bei einem XRUHAKXS-Kabel. Der einzige zus\u00e4tzliche Arbeitsschritt ist die Installation eines speziellen Erdungssatzes gem\u00e4\u00df der Installationsanleitung. Montage eines Muffs Die Montage des Innen- und Au\u00dfen-Kabelendverschlusses auf einem TUBULAR\u2122TUB-AX-Kabel ist fast identisch wie bei [&hellip;]<\/p>\n","protected":false},"author":1,"featured_media":0,"parent":0,"menu_order":0,"comment_status":"closed","ping_status":"closed","template":"page-full-header-big.php","meta":{"_acf_changed":false,"inline_featured_image":false,"footnotes":""},"class_list":["post-1805","page","type-page","status-publish","hentry"],"acf":[],"yoast_head":"<!-- This site is optimized with the Yoast SEO plugin v24.8.1 - https:\/\/yoast.com\/wordpress\/plugins\/seo\/ -->\n<title>Ausr\u00fcstung f\u00fcr TUBULARTM TUB-AX - Volvetia<\/title>\n<meta name=\"description\" content=\"Schrumpf-Verbindungsmuffen, Schrumpf-Innen-Kabelendverschluss, Schrumpf-Au\u00dfen-Kabelendverschluss. Ausr\u00fcstung f\u00fcr Tubular-Kabel\" \/>\n<meta name=\"robots\" content=\"index, follow, max-snippet:-1, max-image-preview:large, max-video-preview:-1\" \/>\n<link rel=\"canonical\" href=\"https:\/\/www.volvetia.com\/osprzet\/\" \/>\n<meta property=\"og:locale\" content=\"de_DE\" \/>\n<meta property=\"og:type\" content=\"article\" \/>\n<meta property=\"og:title\" content=\"Ausr\u00fcstung f\u00fcr TUBULARTM TUB-AX - Volvetia\" \/>\n<meta property=\"og:description\" content=\"Schrumpf-Verbindungsmuffen, Schrumpf-Innen-Kabelendverschluss, Schrumpf-Au\u00dfen-Kabelendverschluss. Ausr\u00fcstung f\u00fcr Tubular-Kabel\" \/>\n<meta property=\"og:url\" content=\"https:\/\/www.volvetia.com\/osprzet\/\" \/>\n<meta property=\"og:site_name\" content=\"Volvetia\" \/>\n<meta property=\"article:modified_time\" content=\"2021-07-22T13:00:11+00:00\" \/>\n<meta name=\"twitter:card\" content=\"summary_large_image\" \/>\n<script type=\"application\/ld+json\" class=\"yoast-schema-graph\">{\"@context\":\"https:\/\/schema.org\",\"@graph\":[{\"@type\":\"WebPage\",\"@id\":\"https:\/\/www.volvetia.com\/osprzet\/\",\"url\":\"https:\/\/www.volvetia.com\/osprzet\/\",\"name\":\"Ausr\u00fcstung f\u00fcr TUBULARTM TUB-AX - Volvetia\",\"isPartOf\":{\"@id\":\"https:\/\/www.volvetia.com\/#website\"},\"datePublished\":\"2021-02-26T15:15:31+00:00\",\"dateModified\":\"2021-07-22T13:00:11+00:00\",\"description\":\"Schrumpf-Verbindungsmuffen, Schrumpf-Innen-Kabelendverschluss, Schrumpf-Au\u00dfen-Kabelendverschluss. Ausr\u00fcstung f\u00fcr Tubular-Kabel\",\"breadcrumb\":{\"@id\":\"https:\/\/www.volvetia.com\/osprzet\/#breadcrumb\"},\"inLanguage\":\"de\",\"potentialAction\":[{\"@type\":\"ReadAction\",\"target\":[\"https:\/\/www.volvetia.com\/osprzet\/\"]}]},{\"@type\":\"BreadcrumbList\",\"@id\":\"https:\/\/www.volvetia.com\/osprzet\/#breadcrumb\",\"itemListElement\":[{\"@type\":\"ListItem\",\"position\":1,\"name\":\"Strona g\u0142\u00f3wna\",\"item\":\"https:\/\/www.volvetia.com\/de\/\"},{\"@type\":\"ListItem\",\"position\":2,\"name\":\"Ausr\u00fcstung f\u00fcr TUBULARTM TUB-AX\"}]},{\"@type\":\"WebSite\",\"@id\":\"https:\/\/www.volvetia.com\/#website\",\"url\":\"https:\/\/www.volvetia.com\/\",\"name\":\"Volvetia\",\"description\":\"Kable \u015brednich napi\u0119\u0107\",\"potentialAction\":[{\"@type\":\"SearchAction\",\"target\":{\"@type\":\"EntryPoint\",\"urlTemplate\":\"https:\/\/www.volvetia.com\/?s={search_term_string}\"},\"query-input\":{\"@type\":\"PropertyValueSpecification\",\"valueRequired\":true,\"valueName\":\"search_term_string\"}}],\"inLanguage\":\"de\"}]}<\/script>\n<!-- \/ Yoast SEO plugin. -->","yoast_head_json":{"title":"Ausr\u00fcstung f\u00fcr TUBULARTM TUB-AX - Volvetia","description":"Schrumpf-Verbindungsmuffen, Schrumpf-Innen-Kabelendverschluss, Schrumpf-Au\u00dfen-Kabelendverschluss. Ausr\u00fcstung f\u00fcr Tubular-Kabel","robots":{"index":"index","follow":"follow","max-snippet":"max-snippet:-1","max-image-preview":"max-image-preview:large","max-video-preview":"max-video-preview:-1"},"canonical":"https:\/\/www.volvetia.com\/osprzet\/","og_locale":"de_DE","og_type":"article","og_title":"Ausr\u00fcstung f\u00fcr TUBULARTM TUB-AX - Volvetia","og_description":"Schrumpf-Verbindungsmuffen, Schrumpf-Innen-Kabelendverschluss, Schrumpf-Au\u00dfen-Kabelendverschluss. Ausr\u00fcstung f\u00fcr Tubular-Kabel","og_url":"https:\/\/www.volvetia.com\/osprzet\/","og_site_name":"Volvetia","article_modified_time":"2021-07-22T13:00:11+00:00","twitter_card":"summary_large_image","schema":{"@context":"https:\/\/schema.org","@graph":[{"@type":"WebPage","@id":"https:\/\/www.volvetia.com\/osprzet\/","url":"https:\/\/www.volvetia.com\/osprzet\/","name":"Ausr\u00fcstung f\u00fcr TUBULARTM TUB-AX - Volvetia","isPartOf":{"@id":"https:\/\/www.volvetia.com\/#website"},"datePublished":"2021-02-26T15:15:31+00:00","dateModified":"2021-07-22T13:00:11+00:00","description":"Schrumpf-Verbindungsmuffen, Schrumpf-Innen-Kabelendverschluss, Schrumpf-Au\u00dfen-Kabelendverschluss. Ausr\u00fcstung f\u00fcr Tubular-Kabel","breadcrumb":{"@id":"https:\/\/www.volvetia.com\/osprzet\/#breadcrumb"},"inLanguage":"de","potentialAction":[{"@type":"ReadAction","target":["https:\/\/www.volvetia.com\/osprzet\/"]}]},{"@type":"BreadcrumbList","@id":"https:\/\/www.volvetia.com\/osprzet\/#breadcrumb","itemListElement":[{"@type":"ListItem","position":1,"name":"Strona g\u0142\u00f3wna","item":"https:\/\/www.volvetia.com\/de\/"},{"@type":"ListItem","position":2,"name":"Ausr\u00fcstung f\u00fcr TUBULARTM TUB-AX"}]},{"@type":"WebSite","@id":"https:\/\/www.volvetia.com\/#website","url":"https:\/\/www.volvetia.com\/","name":"Volvetia","description":"Kable \u015brednich napi\u0119\u0107","potentialAction":[{"@type":"SearchAction","target":{"@type":"EntryPoint","urlTemplate":"https:\/\/www.volvetia.com\/?s={search_term_string}"},"query-input":{"@type":"PropertyValueSpecification","valueRequired":true,"valueName":"search_term_string"}}],"inLanguage":"de"}]}},"_links":{"self":[{"href":"https:\/\/www.volvetia.com\/de\/wp-json\/wp\/v2\/pages\/1805","targetHints":{"allow":["GET"]}}],"collection":[{"href":"https:\/\/www.volvetia.com\/de\/wp-json\/wp\/v2\/pages"}],"about":[{"href":"https:\/\/www.volvetia.com\/de\/wp-json\/wp\/v2\/types\/page"}],"author":[{"embeddable":true,"href":"https:\/\/www.volvetia.com\/de\/wp-json\/wp\/v2\/users\/1"}],"replies":[{"embeddable":true,"href":"https:\/\/www.volvetia.com\/de\/wp-json\/wp\/v2\/comments?post=1805"}],"version-history":[{"count":3,"href":"https:\/\/www.volvetia.com\/de\/wp-json\/wp\/v2\/pages\/1805\/revisions"}],"predecessor-version":[{"id":2224,"href":"https:\/\/www.volvetia.com\/de\/wp-json\/wp\/v2\/pages\/1805\/revisions\/2224"}],"wp:attachment":[{"href":"https:\/\/www.volvetia.com\/de\/wp-json\/wp\/v2\/media?parent=1805"}],"curies":[{"name":"wp","href":"https:\/\/api.w.org\/{rel}","templated":true}]}}