{"id":1818,"date":"2021-02-25T09:34:20","date_gmt":"2021-02-25T08:34:20","guid":{"rendered":"https:\/\/www.volvetia.com\/ausgefuehrte-projekte\/"},"modified":"2021-07-22T10:18:19","modified_gmt":"2021-07-22T08:18:19","slug":"ausgefuehrte-projekte","status":"publish","type":"page","link":"https:\/\/www.volvetia.com\/de\/ausgefuehrte-projekte\/","title":{"rendered":"Ausgef\u00fchrte Projekte"},"content":{"rendered":"\n<div class=\"wp-block-columns container is-layout-flex wp-container-core-columns-is-layout-9d6595d7 wp-block-columns-is-layout-flex\">\n<div class=\"wp-block-column is-layout-flow wp-block-column-is-layout-flow\">\n<p class=\"title-small\">Zahlen \u00fcber uns<\/p>\n\n\n\n<h1 class=\"h2 wp-block-heading\">Ausgef\u00fchrte Projekte<\/h1>\n\n\n\n<p>Wir haben f\u00fcr zahlreiche Investitionen im ganzen Land innovative L\u00f6sungen f\u00fcr die Strom\u00fcbertragung geliefert.<\/p>\n<\/div>\n\n\n\n<div class=\"wp-block-column is-layout-flow wp-block-column-is-layout-flow\"><\/div>\n\n\n\n<div class=\"wp-block-column is-layout-flow wp-block-column-is-layout-flow\"><\/div>\n<\/div>\n\n<div class=\"wp-block-columns container is-layout-flex wp-container-core-columns-is-layout-9d6595d7 wp-block-columns-is-layout-flex\">\n<div class=\"wp-block-column is-layout-flow wp-block-column-is-layout-flow\">\n<p class=\"obrys\">6,5 Mio. km<\/p>\n\n\n\n<h3 class=\"wp-block-heading\">gelieferte Kabel<\/h3>\n<\/div>\n\n\n\n<div class=\"wp-block-column container is-layout-flow wp-block-column-is-layout-flow\">\n<p class=\"obrys\">450<\/p>\n\n\n\n<h3 class=\"wp-block-heading\">umgesetzter Investitionen<\/h3>\n<\/div>\n\n\n\n<div class=\"wp-block-column is-layout-flow wp-block-column-is-layout-flow\">\n<p class=\"obrys\">1000<\/p>\n\n\n\n<h3 class=\"wp-block-heading\">angebotener Kabeltypen<\/h3>\n<\/div>\n<\/div>\n\n<div class=\"wp-block-columns container is-layout-flex wp-container-core-columns-is-layout-9d6595d7 wp-block-columns-is-layout-flex\">\n<div class=\"wp-block-column is-layout-flow wp-block-column-is-layout-flow\">\n<p class=\"obrys\">25 JAHRE<\/p>\n\n\n\n<h3 class=\"wp-block-heading\">auf dem Markt<\/h3>\n<\/div>\n\n\n\n<div class=\"wp-block-column is-layout-flow wp-block-column-is-layout-flow\">\n<p class=\"obrys\">4<\/p>\n\n\n\n<h3 class=\"wp-block-heading\">Patente<\/h3>\n\n\n\n<p><\/p>\n<\/div>\n\n\n\n<div class=\"wp-block-column is-layout-flow wp-block-column-is-layout-flow\">\n<p class=\"obrys\">1000<\/p>\n\n\n\n<h3 class=\"wp-block-heading\">\u00fcber 1000 Optionen von MV-Kabeltypen<\/h3>\n<\/div>\n<\/div>\n\n<div style=\"height:100px\" aria-hidden=\"true\" class=\"wp-block-spacer\"><\/div>\n\n<div class=\"wp-block-columns container is-layout-flex wp-container-core-columns-is-layout-9d6595d7 wp-block-columns-is-layout-flex\">\n<div class=\"wp-block-column is-layout-flow wp-block-column-is-layout-flow\">\n<p class=\"title-small\">einige Beispiele<\/p>\n\n\n\n<h2 class=\"h2 wp-block-heading\">umgesetzte Investitionen<\/h2>\n\n\n\n<p><\/p>\n<\/div>\n\n\n\n<div class=\"wp-block-column is-layout-flow wp-block-column-is-layout-flow\"><\/div>\n<\/div>\n<div class=\"top-feature slider-realizacje\">\r\n    <div class=\"container\">\t\r\n        <div id=\"top-feature-slider\" class=\"row\">\r\n\r\n                <div class=\"col-4 c1\">\r\n             <a href=\"#\">\r\n\t\t        <h3>Ropczyce-D\u0119bica<\/h3>\r\n                <p><span class=\"title-small\">Lage<\/span><br \/>\n Ropczyce-D\u0119bica<br \/>\n<span class=\"title-small\">Kabell\u00e4nge<\/span><br \/>\n 23.000m Kabel<br \/>\n<span class=\"title-small\">Kabelart<\/span><br \/>\n TUBULAR TUB-AX<\/p>\n\t    \t<\/a>\r\n       <\/div>\r\n               <div class=\"col-4 c2\">\r\n             <a href=\"#\">\r\n\t\t        <h3>Siarkopol S.A<\/h3>\r\n                <p><span class=\"title-small\">Lage<\/span><br \/>\n Siarkopol S.A<br \/>\n<span class=\"title-small\">Kabell\u00e4nge<\/span><br \/>\n 42.000m Kabel<br \/>\n<span class=\"title-small\">Kabelart<\/span><br \/>\n TUBULAR TUB-AX<\/p>\n\t    \t<\/a>\r\n       <\/div>\r\n               <div class=\"col-4 c3\">\r\n             <a href=\"#\">\r\n\t\t        <h3>ZMPG S.A.<\/h3>\r\n                <p><span class=\"title-small\">Lage<\/span><br \/>\n ZMPG S.A.<br \/>\n<span class=\"title-small\">Kabell\u00e4nge<\/span><br \/>\n 32.000 m Kabel<br \/>\n<span class=\"title-small\">Kabelart<\/span><br \/>\n TUBULAR TUB-AX<\/p>\n\t    \t<\/a>\r\n       <\/div>\r\n               <div class=\"col-4 c4\">\r\n             <a href=\"#\">\r\n\t\t        <h3>KRONOSPAN S.A.<\/h3>\r\n                <p><span class=\"title-small\">Lage<\/span><br \/>\n KRONOSPAN S.A.<br \/>\n<span class=\"title-small\">Kabell\u00e4nge<\/span><br \/>\n 38.000m Kabel<br \/>\n<span class=\"title-small\">Kabelart<\/span><br \/>\n TUBULAR TUB-AX<\/p>\n\t    \t<\/a>\r\n       <\/div>\r\n               <div class=\"col-4 c5\">\r\n             <a href=\"#\">\r\n\t\t        <h3>GRUPA ORLEN<\/h3>\r\n                <p><span class=\"title-small\">Lage<\/span><br \/>\n Lieferung von \u00d6ltanks<br \/>\n<span class=\"title-small\">Kabell\u00e4nge<\/span><br \/>\n 9000m Kabel<br \/>\n<span class=\"title-small\">Kabelart<\/span><br \/>\n TUBULAR TUB-AX<\/p>\n\t    \t<\/a>\r\n       <\/div>\r\n               <div class=\"col-4 c6\">\r\n             <a href=\"#\">\r\n\t\t        <h3>PGNiG S.A.<\/h3>\r\n                <p><span class=\"title-small\">Lage<\/span><br \/>\n PGNiG S.A.<br \/>\n<span class=\"title-small\">Kabell\u00e4nge<\/span><br \/>\n 29.000m Kabel<br \/>\n<span class=\"title-small\">Kabelart<\/span><br \/>\n TUBULAR TUB-AX<\/p>\n\t    \t<\/a>\r\n       <\/div>\r\n               <div class=\"col-4 c7\">\r\n             <a href=\"#\">\r\n\t\t        <h3>OI-GLASS<\/h3>\r\n                <p><span class=\"title-small\">Lage<\/span><br \/>\n Huta Antoninek<br \/>\n<span class=\"title-small\">Kabell\u00e4nge<\/span><br \/>\n 16.000m Kabel<br \/>\n<span class=\"title-small\">Kabelart<\/span><br \/>\n TUBULAR TUB-AX<\/p>\n\t    \t<\/a>\r\n       <\/div>\r\n               <div class=\"col-4 c8\">\r\n             <a href=\"#\">\r\n\t\t        <h3>ENERGA OZE<\/h3>\r\n                <p><span class=\"title-small\">Lage<\/span><br \/>\n My\u015blino 20 MW<br \/>\n<span class=\"title-small\">Kabell\u00e4nge<\/span><br \/>\n 22000m Kabel<br \/>\n<span class=\"title-small\">Kabelart<\/span><br \/>\n TUBULAR TUB-AX<\/p>\n\t    \t<\/a>\r\n       <\/div>\r\n               <div class=\"col-4 c9\">\r\n             <a href=\"#\">\r\n\t\t        <h3>GRUPA AZOTY S.A.<\/h3>\r\n                <p><span class=\"title-small\">Lage<\/span><br \/>\n GRUPA AZOTY S.A.<br \/>\n<span class=\"title-small\">Kabell\u00e4nge<\/span><br \/>\n 45.000m Kabel<br \/>\n<span class=\"title-small\">Kabelart<\/span><br \/>\n TUBULAR TUB-AX<\/p>\n\t    \t<\/a>\r\n       <\/div>\r\n           \r\n\r\n<\/div>\r\n<\/div>\r\n<\/div>\r\n<style type=\"text\/css\">\r\n\t\r\n        .top-feature .col-4.c1::after {\r\n            background-image: url(https:\/\/www.volvetia.com\/wp-content\/uploads\/2021\/06\/tlo_6_realizacje.jpg);           \r\n        }        \r\n\t\r\n        .top-feature .col-4.c2::after {\r\n            background-image: url(https:\/\/www.volvetia.com\/wp-content\/uploads\/2021\/06\/sirkopol.png);           \r\n        }        \r\n\t\r\n        .top-feature .col-4.c3::after {\r\n            background-image: url(https:\/\/www.volvetia.com\/wp-content\/uploads\/2021\/06\/ZMPG.png);           \r\n        }        \r\n\t\r\n        .top-feature .col-4.c4::after {\r\n            background-image: url(https:\/\/www.volvetia.com\/wp-content\/uploads\/2021\/06\/kronospan.png);           \r\n        }        \r\n\t\r\n        .top-feature .col-4.c5::after {\r\n            background-image: url(https:\/\/www.volvetia.com\/wp-content\/uploads\/2021\/03\/bg4.jpg);           \r\n        }        \r\n\t\r\n        .top-feature .col-4.c6::after {\r\n            background-image: url(https:\/\/www.volvetia.com\/wp-content\/uploads\/2021\/02\/bg2.jpg);           \r\n        }        \r\n\t\r\n        .top-feature .col-4.c7::after {\r\n            background-image: url(https:\/\/www.volvetia.com\/wp-content\/uploads\/2021\/03\/bg4.jpg);           \r\n        }        \r\n\t\r\n        .top-feature .col-4.c8::after {\r\n            background-image: url(https:\/\/www.volvetia.com\/wp-content\/uploads\/2021\/02\/bg1.jpg);           \r\n        }        \r\n\t\r\n        .top-feature .col-4.c9::after {\r\n            background-image: url(https:\/\/www.volvetia.com\/wp-content\/uploads\/2021\/06\/tlo_7_realizacje.jpg);           \r\n        }        \r\n<\/style>","protected":false},"excerpt":{"rendered":"<p>Zahlen \u00fcber uns Ausgef\u00fchrte Projekte Wir haben f\u00fcr zahlreiche Investitionen im ganzen Land innovative L\u00f6sungen f\u00fcr die Strom\u00fcbertragung geliefert. 6,5 Mio. km gelieferte Kabel 450 umgesetzter Investitionen 1000 angebotener Kabeltypen 25 JAHRE auf dem Markt 4 Patente 1000 \u00fcber 1000 Optionen von MV-Kabeltypen einige Beispiele umgesetzte Investitionen<\/p>\n","protected":false},"author":1,"featured_media":0,"parent":0,"menu_order":0,"comment_status":"closed","ping_status":"closed","template":"page-full-header-big.php","meta":{"_acf_changed":false,"inline_featured_image":false,"footnotes":""},"class_list":["post-1818","page","type-page","status-publish","hentry"],"acf":[],"yoast_head":"<!-- This site is optimized with the Yoast SEO plugin v24.8.1 - https:\/\/yoast.com\/wordpress\/plugins\/seo\/ -->\n<title>Ausgef\u00fchrte Projekte - Volvetia Liste der umgesetzten Investitionen f\u00fcr Mittelspannungskabel<\/title>\n<meta name=\"description\" content=\"Wir haben f\u00fcr zahlreiche Investitionen im ganzen Land innovative L\u00f6sungen f\u00fcr die Strom\u00fcbertragung geliefert.\" \/>\n<meta name=\"robots\" content=\"index, follow, max-snippet:-1, max-image-preview:large, max-video-preview:-1\" \/>\n<link rel=\"canonical\" href=\"https:\/\/www.volvetia.com\/realizacje\/\" \/>\n<meta property=\"og:locale\" content=\"de_DE\" \/>\n<meta property=\"og:type\" content=\"article\" \/>\n<meta property=\"og:title\" content=\"Ausgef\u00fchrte Projekte - Volvetia Liste der umgesetzten Investitionen f\u00fcr Mittelspannungskabel\" \/>\n<meta property=\"og:description\" content=\"Wir haben f\u00fcr zahlreiche Investitionen im ganzen Land innovative L\u00f6sungen f\u00fcr die Strom\u00fcbertragung geliefert.\" \/>\n<meta property=\"og:url\" content=\"https:\/\/www.volvetia.com\/realizacje\/\" \/>\n<meta property=\"og:site_name\" content=\"Volvetia\" \/>\n<meta property=\"article:modified_time\" content=\"2021-07-22T08:18:19+00:00\" \/>\n<meta name=\"twitter:card\" content=\"summary_large_image\" \/>\n<script type=\"application\/ld+json\" class=\"yoast-schema-graph\">{\"@context\":\"https:\/\/schema.org\",\"@graph\":[{\"@type\":\"WebPage\",\"@id\":\"https:\/\/www.volvetia.com\/realizacje\/\",\"url\":\"https:\/\/www.volvetia.com\/realizacje\/\",\"name\":\"Ausgef\u00fchrte Projekte - Volvetia Liste der umgesetzten Investitionen f\u00fcr Mittelspannungskabel\",\"isPartOf\":{\"@id\":\"https:\/\/www.volvetia.com\/#website\"},\"datePublished\":\"2021-02-25T08:34:20+00:00\",\"dateModified\":\"2021-07-22T08:18:19+00:00\",\"description\":\"Wir haben f\u00fcr zahlreiche Investitionen im ganzen Land innovative L\u00f6sungen f\u00fcr die Strom\u00fcbertragung geliefert.\",\"breadcrumb\":{\"@id\":\"https:\/\/www.volvetia.com\/realizacje\/#breadcrumb\"},\"inLanguage\":\"de\",\"potentialAction\":[{\"@type\":\"ReadAction\",\"target\":[\"https:\/\/www.volvetia.com\/realizacje\/\"]}]},{\"@type\":\"BreadcrumbList\",\"@id\":\"https:\/\/www.volvetia.com\/realizacje\/#breadcrumb\",\"itemListElement\":[{\"@type\":\"ListItem\",\"position\":1,\"name\":\"Strona g\u0142\u00f3wna\",\"item\":\"https:\/\/www.volvetia.com\/de\/\"},{\"@type\":\"ListItem\",\"position\":2,\"name\":\"Ausgef\u00fchrte Projekte\"}]},{\"@type\":\"WebSite\",\"@id\":\"https:\/\/www.volvetia.com\/#website\",\"url\":\"https:\/\/www.volvetia.com\/\",\"name\":\"Volvetia\",\"description\":\"Kable \u015brednich napi\u0119\u0107\",\"potentialAction\":[{\"@type\":\"SearchAction\",\"target\":{\"@type\":\"EntryPoint\",\"urlTemplate\":\"https:\/\/www.volvetia.com\/?s={search_term_string}\"},\"query-input\":{\"@type\":\"PropertyValueSpecification\",\"valueRequired\":true,\"valueName\":\"search_term_string\"}}],\"inLanguage\":\"de\"}]}<\/script>\n<!-- \/ Yoast SEO plugin. -->","yoast_head_json":{"title":"Ausgef\u00fchrte Projekte - Volvetia Liste der umgesetzten Investitionen f\u00fcr Mittelspannungskabel","description":"Wir haben f\u00fcr zahlreiche Investitionen im ganzen Land innovative L\u00f6sungen f\u00fcr die Strom\u00fcbertragung geliefert.","robots":{"index":"index","follow":"follow","max-snippet":"max-snippet:-1","max-image-preview":"max-image-preview:large","max-video-preview":"max-video-preview:-1"},"canonical":"https:\/\/www.volvetia.com\/realizacje\/","og_locale":"de_DE","og_type":"article","og_title":"Ausgef\u00fchrte Projekte - Volvetia Liste der umgesetzten Investitionen f\u00fcr Mittelspannungskabel","og_description":"Wir haben f\u00fcr zahlreiche Investitionen im ganzen Land innovative L\u00f6sungen f\u00fcr die Strom\u00fcbertragung geliefert.","og_url":"https:\/\/www.volvetia.com\/realizacje\/","og_site_name":"Volvetia","article_modified_time":"2021-07-22T08:18:19+00:00","twitter_card":"summary_large_image","schema":{"@context":"https:\/\/schema.org","@graph":[{"@type":"WebPage","@id":"https:\/\/www.volvetia.com\/realizacje\/","url":"https:\/\/www.volvetia.com\/realizacje\/","name":"Ausgef\u00fchrte Projekte - Volvetia Liste der umgesetzten Investitionen f\u00fcr Mittelspannungskabel","isPartOf":{"@id":"https:\/\/www.volvetia.com\/#website"},"datePublished":"2021-02-25T08:34:20+00:00","dateModified":"2021-07-22T08:18:19+00:00","description":"Wir haben f\u00fcr zahlreiche Investitionen im ganzen Land innovative L\u00f6sungen f\u00fcr die Strom\u00fcbertragung geliefert.","breadcrumb":{"@id":"https:\/\/www.volvetia.com\/realizacje\/#breadcrumb"},"inLanguage":"de","potentialAction":[{"@type":"ReadAction","target":["https:\/\/www.volvetia.com\/realizacje\/"]}]},{"@type":"BreadcrumbList","@id":"https:\/\/www.volvetia.com\/realizacje\/#breadcrumb","itemListElement":[{"@type":"ListItem","position":1,"name":"Strona g\u0142\u00f3wna","item":"https:\/\/www.volvetia.com\/de\/"},{"@type":"ListItem","position":2,"name":"Ausgef\u00fchrte Projekte"}]},{"@type":"WebSite","@id":"https:\/\/www.volvetia.com\/#website","url":"https:\/\/www.volvetia.com\/","name":"Volvetia","description":"Kable \u015brednich napi\u0119\u0107","potentialAction":[{"@type":"SearchAction","target":{"@type":"EntryPoint","urlTemplate":"https:\/\/www.volvetia.com\/?s={search_term_string}"},"query-input":{"@type":"PropertyValueSpecification","valueRequired":true,"valueName":"search_term_string"}}],"inLanguage":"de"}]}},"_links":{"self":[{"href":"https:\/\/www.volvetia.com\/de\/wp-json\/wp\/v2\/pages\/1818","targetHints":{"allow":["GET"]}}],"collection":[{"href":"https:\/\/www.volvetia.com\/de\/wp-json\/wp\/v2\/pages"}],"about":[{"href":"https:\/\/www.volvetia.com\/de\/wp-json\/wp\/v2\/types\/page"}],"author":[{"embeddable":true,"href":"https:\/\/www.volvetia.com\/de\/wp-json\/wp\/v2\/users\/1"}],"replies":[{"embeddable":true,"href":"https:\/\/www.volvetia.com\/de\/wp-json\/wp\/v2\/comments?post=1818"}],"version-history":[{"count":2,"href":"https:\/\/www.volvetia.com\/de\/wp-json\/wp\/v2\/pages\/1818\/revisions"}],"predecessor-version":[{"id":2191,"href":"https:\/\/www.volvetia.com\/de\/wp-json\/wp\/v2\/pages\/1818\/revisions\/2191"}],"wp:attachment":[{"href":"https:\/\/www.volvetia.com\/de\/wp-json\/wp\/v2\/media?parent=1818"}],"curies":[{"name":"wp","href":"https:\/\/api.w.org\/{rel}","templated":true}]}}