{"id":2015,"date":"2021-02-20T13:45:13","date_gmt":"2021-02-20T12:45:13","guid":{"rendered":"https:\/\/www.volvetia.com\/strona-glowna\/"},"modified":"2021-08-10T11:24:55","modified_gmt":"2021-08-10T09:24:55","slug":"strona-glowna","status":"publish","type":"page","link":"https:\/\/www.volvetia.com\/de\/","title":{"rendered":"Startseite"},"content":{"rendered":"\n<div class=\"wp-block-group alignfull top-feature\"><div class=\"wp-block-group__inner-container is-layout-flow wp-block-group-is-layout-flow\"><div class=\"top-feature\">\r\n    <div class=\"container\">\t\r\n        \r\n         <span class=\"title-small\">Angebot<\/span>\r\n             \r\n         <h2>Wir liefern Kabel f\u00fcr<\/h2>\r\n              <div id=\"top-feature-slider\" class=\"row\">            \r\n                <div class=\"col-4 c1\">\r\n             <a href=\"#\">\r\n\t\t        <h3>Erneuerbare Energien<\/h3>\r\n                <p>Sowohl polnische Investoren als auch internationale Konzerne reduzieren die Anschaffungskosten von Mittelspannungskabeln, indem sie XRUHAKXS-Kabel mit einem 50 mm\u00b2 Cu-R\u00fcckleiter durch Kabel mit besseren elektrischen Parametern vom Typ TUBULAR\u2122TUB-AX ersetzen und so die Anschaffungskosten um bis zu 20 % senken.<\/p>\n\t    \t<\/a>\r\n       <\/div>\r\n               <div class=\"col-4 c2\">\r\n             <a href=\"#\">\r\n\t\t        <h3>Schwerindustrie<\/h3>\r\n                <p>Ihre industrielle Investition kann durch den Einsatz von TUBULAR\u2122TUB-AX- MS-Kabeln optimiert werden.<br \/>\nEs ist jederzeit m\u00f6glich, XRUHAKXS- oder YHAKXS-Kabel durch einen Cu-R\u00fcckleiter durch Kabel mit besseren elektrischen und mechanischen Parametern wie TUBULAR \u2122 TUB-AX zu ersetzen, wodurch die Anschaffungskosten von 15% auf 20% gesenkt werden.<\/p>\n\t    \t<\/a>\r\n       <\/div>\r\n               <div class=\"col-4 c3\">\r\n             <a href=\"#\">\r\n\t\t        <h3>Energietechnik<\/h3>\r\n                <p>Wir liefern Kabel sowohl mit Kupfer- als auch mit Aluminium-Arbeitsleitern, in allen m\u00f6glichen Varianten, wie XnRUHAKXS, XnRUHKXS, YHAKXS, YHKXS, XUHKXS, XUHAKXS, XnUHKXS, XnUHAKXS, XnUHAKXS f\u00fcr 6\/10, 12\/20 und 18\/30 kV Spannung<\/p>\n\t    \t<\/a>\r\n       <\/div>\r\n               <div class=\"col-4 c4\">\r\n             <a href=\"#\">\r\n\t\t        <h3>Raffinerien und Chemieanlagen<\/h3>\r\n                <p>Dedizierte Mittelspannungskabel mit selbstl\u00f6schenden und nicht brennbaren Ummantelungen, Mittelspannungskabel best\u00e4ndig gegen Kohlenwasserstoffe, \u00d6le und Erd\u00f6lderivate, sowie verst\u00e4rkte XRUHAKXSFoy, XRUHAKXSFpy, XRUHKXSFoXn XRUHAKXSFoxn Mittelspannungskabel. Verst\u00e4rkung sowohl aus Stahlband als auch aus verzinkten Stahldr\u00e4hten.<\/p>\n\t    \t<\/a>\r\n       <\/div>\r\n               <div class=\"col-4 c5\">\r\n             <a href=\"\">\r\n\t\t        <h3>Produktionshallen<\/h3>\r\n                <p>XRUHAKXS Mittelspannungskabel k\u00f6nnen in jedem Produktions- und Lagergeb\u00e4ude erfolgreich durch die elektrisch effizienteren TUBULAR\u2122TUB-AX-Kabel ersetzt werden, was die Anschaffungskosten um 15 bis 20% reduziert.<\/p>\n\t    \t<\/a>\r\n       <\/div>\r\n               <div class=\"col-4 c6\">\r\n             <a href=\"\">\r\n\t\t        <h3>Autobahnen und Tunnel<\/h3>\r\n                <p>Das Mittelspannungskabel, das bei Stra\u00dfen- und Eisenbahntunneln verwendet wird, ist ein MS-Kabel, das \u00fcber 90 Minuten feuerbest\u00e4ndig bleibt. Es ist weltweit die einzige L\u00f6sung, die die Kosten f\u00fcr die Abdeckung von MS-Kabeln mit feuerfesten PROMATECT-H, PROMAXON, PROMATECT-100 X, Silikat-Kalk, und Silikat-Zement-Platten um bis zu 80% reduziert.<\/p>\n\t    \t<\/a>\r\n       <\/div>\r\n           \r\n\r\n<\/div>\r\n<\/div>\r\n<\/div>\r\n<style type=\"text\/css\">\r\n\t\r\n        .top-feature .col-4.c1::after {\r\n            background-image: url(https:\/\/www.volvetia.com\/wp-content\/uploads\/2021\/02\/bg1.jpg);           \r\n        }        \r\n\t\r\n        .top-feature .col-4.c2::after {\r\n            background-image: url(https:\/\/www.volvetia.com\/wp-content\/uploads\/2021\/02\/bg2.jpg);           \r\n        }        \r\n\t\r\n        .top-feature .col-4.c3::after {\r\n            background-image: url(https:\/\/www.volvetia.com\/wp-content\/uploads\/2021\/03\/bg3.jpg);           \r\n        }        \r\n\t\r\n        .top-feature .col-4.c4::after {\r\n            background-image: url(https:\/\/www.volvetia.com\/wp-content\/uploads\/2021\/03\/bg4.jpg);           \r\n        }        \r\n\t\r\n        .top-feature .col-4.c5::after {\r\n            background-image: url(https:\/\/www.volvetia.com\/wp-content\/uploads\/2021\/03\/bg5.jpg);           \r\n        }        \r\n\t\r\n        .top-feature .col-4.c6::after {\r\n            background-image: url(https:\/\/www.volvetia.com\/wp-content\/uploads\/2021\/03\/bg6.jpg);           \r\n        }        \r\n<\/style><\/div><\/div>\n\n<div class=\"wp-block-group alignwide box1 box\"><div class=\"wp-block-group__inner-container is-layout-flow wp-block-group-is-layout-flow\">\n<div class=\"wp-block-columns alignfull are-vertically-aligned-center container is-layout-flex wp-container-core-columns-is-layout-9d6595d7 wp-block-columns-is-layout-flex\">\n<div class=\"wp-block-column is-vertically-aligned-center is-layout-flow wp-block-column-is-layout-flow\" style=\"flex-basis:33.33%\">\n<p class=\"title-small\">Angebot<\/p>\n\n\n\n<h3 class=\"wp-block-heading\">TUBULAR<sup>TM<\/sup><br\/>TUB-AX<\/h3>\n\n\n\n<p>Innovatives Mittelspannungskabel.<br\/>Ein besseres <strong>\u00c4quivalent zu XRUHAKXS<\/strong><\/p>\n\n\n\n<a class=\"btn-b\" href=\"https:\/\/www.volvetia.com\/de\/tubular-tub-ax-spezifikationen\/#\">Tubular-Kabel<span><\/span><\/a>\n<\/div>\n\n\n\n<div class=\"wp-block-column is-vertically-aligned-center is-layout-flow wp-block-column-is-layout-flow\" style=\"flex-basis:66.66%\">\n<figure class=\"wp-block-image size-large\"><img loading=\"lazy\" decoding=\"async\" width=\"1024\" height=\"364\" src=\"https:\/\/www.volvetia.com\/wp-content\/uploads\/2021\/03\/kabel-Tubular-svg-1024x364.png\" alt=\"\" class=\"wp-image-986\" srcset=\"https:\/\/www.volvetia.com\/wp-content\/uploads\/2021\/03\/kabel-Tubular-svg-1024x364.png 1024w, https:\/\/www.volvetia.com\/wp-content\/uploads\/2021\/03\/kabel-Tubular-svg-300x107.png 300w, https:\/\/www.volvetia.com\/wp-content\/uploads\/2021\/03\/kabel-Tubular-svg-768x273.png 768w, https:\/\/www.volvetia.com\/wp-content\/uploads\/2021\/03\/kabel-Tubular-svg.png 1114w\" sizes=\"auto, (max-width: 1024px) 100vw, 1024px\" \/><\/figure>\n\n\n\n<div class=\"lottie\" id=\"svg-anim\"><\/div>\n<\/div>\n<\/div>\n<\/div><\/div>\n\n<div class=\"wp-block-group alignwide box2 box box-dark\"><div class=\"wp-block-group__inner-container is-layout-flow wp-block-group-is-layout-flow\">\n<div class=\"wp-block-columns alignfull are-vertically-aligned-center container is-layout-flex wp-container-core-columns-is-layout-9d6595d7 wp-block-columns-is-layout-flex\">\n<div class=\"wp-block-column is-vertically-aligned-center is-layout-flow wp-block-column-is-layout-flow\" style=\"flex-basis:36.33%\">\n<p class=\"title-small\">Angebot<\/p>\n\n\n\n<h3 class=\"wp-block-heading\">STANDARD-MITTELSPANNUNGSKABEL<\/h3>\n\n\n\n<p>XnRUHAKXS, XnRUHKXS, YnRUHKXS<br\/>YnRUHAKXS, YHKXS, YnHKXS, YUHAKXS<br\/>Andere Mittelspannungskabel.<\/p>\n\n\n\n<a class=\"btn-b\" href=\"https:\/\/www.volvetia.com\/?s=&#038;typ=&#038;napiecie=&#038;przekroj_zyly=&#038;material_powloki=#\">Standard-Kabel<span><\/span><\/a>\n<\/div>\n\n\n\n<div class=\"wp-block-column is-vertically-aligned-center is-layout-flow wp-block-column-is-layout-flow\" style=\"flex-basis:66.66%\">\n<figure class=\"wp-block-image size-large\"><img loading=\"lazy\" decoding=\"async\" width=\"1024\" height=\"402\" src=\"https:\/\/www.volvetia.com\/wp-content\/uploads\/2021\/06\/1-kabel-Volvetia-OLX-1500x1205_3_2-1024x402.png\" alt=\"\" class=\"wp-image-1744\" srcset=\"https:\/\/www.volvetia.com\/wp-content\/uploads\/2021\/06\/1-kabel-Volvetia-OLX-1500x1205_3_2-1024x402.png 1024w, https:\/\/www.volvetia.com\/wp-content\/uploads\/2021\/06\/1-kabel-Volvetia-OLX-1500x1205_3_2-300x118.png 300w, https:\/\/www.volvetia.com\/wp-content\/uploads\/2021\/06\/1-kabel-Volvetia-OLX-1500x1205_3_2-768x302.png 768w, https:\/\/www.volvetia.com\/wp-content\/uploads\/2021\/06\/1-kabel-Volvetia-OLX-1500x1205_3_2-1536x603.png 1536w, https:\/\/www.volvetia.com\/wp-content\/uploads\/2021\/06\/1-kabel-Volvetia-OLX-1500x1205_3_2.png 1900w\" sizes=\"auto, (max-width: 1024px) 100vw, 1024px\" \/><\/figure>\n\n\n\n<div class=\"lottie\" id=\"svg-anim2\"><\/div>\n<\/div>\n<\/div>\n\n\n\n<p><\/p>\n<\/div><\/div>\n\n<div class=\"wp-block-group alignwide box3\"><div class=\"wp-block-group__inner-container is-layout-flow wp-block-group-is-layout-flow\">\n<div class=\"wp-block-columns alignwide container is-layout-flex wp-container-core-columns-is-layout-9d6595d7 wp-block-columns-is-layout-flex\">\n<div class=\"wp-block-column is-layout-flow wp-block-column-is-layout-flow\" style=\"flex-basis:40%\">\n<figure class=\"wp-block-image size-full\"><img loading=\"lazy\" decoding=\"async\" width=\"254\" height=\"192\" src=\"https:\/\/www.volvetia.com\/wp-content\/uploads\/2021\/02\/kable-srednich-napiec.png\" alt=\"Investitionsoptimierung f&#xFC;r Mittelspannungskabel\" class=\"wp-image-90\"\/><\/figure>\n\n\n\n<p class=\"title-small\">Angebot<\/p>\n\n\n\n<h4 class=\"wp-block-heading\">Investitionsoptimierung<br\/>f\u00fcr Mittelspannungskabel<\/h4>\n\n\n\n<p>Wir optimieren die Einkaufskosten von Mittelspannungskabeln um 15 &#8211; 20%<\/p>\n\n\n\n<p>Wir verbessern die elektrischen Parameter von Anlagen, ohne die Kosten zu erh\u00f6hen.<\/p>\n\n\n\n<p><a class=\"btn-b\" href=\"https:\/\/www.volvetia.com\/de\/optimierung\/#\">Optimierung<span><\/span><\/a><\/p>\n\n\n\n<p><\/p>\n<\/div>\n\n\n\n<div class=\"wp-block-column is-layout-flow wp-block-column-is-layout-flow\" style=\"flex-basis:40%\">\n<figure class=\"wp-block-image size-full\"><img loading=\"lazy\" decoding=\"async\" width=\"174\" height=\"129\" src=\"https:\/\/www.volvetia.com\/wp-content\/uploads\/2021\/02\/optymalizacja-inwestycji.png\" alt=\"Investitionsoptimierung f&#xFC;r Mittelspannungskabel\" class=\"wp-image-92\"\/><\/figure>\n\n\n\n<p class=\"title-small\">Angebot<\/p>\n\n\n\n<h4 class=\"wp-block-heading\">spezialisierte<br\/>Mittelspannungskabel<\/h4>\n\n\n\n<p>Untypische Strukturen von Mittelspannungskabeln, verst\u00e4rkte Mittelspannungskabel<\/p>\n\n\n\n<p><a class=\"btn-b\" href=\"https:\/\/www.volvetia.com\/de\/spezialisierte-mittelspannungskabel\/#\">Spezialkabel<span><\/span><\/a><\/p>\n<\/div>\n<\/div>\n<\/div><\/div>\n\n<div class=\"wp-block-group alignwide box box-purple\"><div class=\"wp-block-group__inner-container is-layout-flow wp-block-group-is-layout-flow\">\n<div class=\"wp-block-columns alignwide container is-layout-flex wp-container-core-columns-is-layout-9d6595d7 wp-block-columns-is-layout-flex\">\n<div class=\"wp-block-column is-vertically-aligned-center is-layout-flow wp-block-column-is-layout-flow\" style=\"flex-basis:40%\">\n<p class=\"title-small\">Angebot<\/p>\n\n\n\n<h4 class=\"wp-block-heading\">wir f\u00fchren anspruchsvolle Auftr\u00e4ge mit kurzen Fristen aus<\/h4>\n\n\n\n<ul class=\"li-arrow wp-block-list\"><li>kurze Produktionsabl\u00e4ufe,<\/li><li>kurze Produktionszeiten<br\/>(bis zu 4 &#8211; 6 Wochen bei nicht standardisierten Querschnitten von Mittelspannungskabeln),<br\/>Ausf\u00fchrungen mit selbstl\u00f6schender Ummantelung <br\/>Xn lub Yn (XnRUHAKXS, XnRUHKXS, <br\/>YnRUHKXS, YnRUHAKXS, YHKXS,<br\/>YUHAKXS) und andere<\/li><li>sehr untypische MV-Kabelkonstruktionen, <br\/>einschlie\u00dflich verst\u00e4rkter MV-Kabel<\/li><\/ul>\n\n\n\n<p><\/p>\n<\/div>\n\n\n\n<div class=\"wp-block-column img-top is-layout-flow wp-block-column-is-layout-flow\">\n<figure class=\"wp-block-image size-full\"><img loading=\"lazy\" decoding=\"async\" width=\"952\" height=\"834\" src=\"https:\/\/www.volvetia.com\/wp-content\/uploads\/2021\/02\/wiatrak.jpg\" alt=\"\" class=\"wp-image-136\" srcset=\"https:\/\/www.volvetia.com\/wp-content\/uploads\/2021\/02\/wiatrak.jpg 952w, https:\/\/www.volvetia.com\/wp-content\/uploads\/2021\/02\/wiatrak-300x263.jpg 300w, https:\/\/www.volvetia.com\/wp-content\/uploads\/2021\/02\/wiatrak-768x673.jpg 768w\" sizes=\"auto, (max-width: 952px) 100vw, 952px\" \/><\/figure>\n<\/div>\n<\/div>\n<\/div><\/div>\n","protected":false},"excerpt":{"rendered":"<p>Angebot TUBULARTMTUB-AX Innovatives Mittelspannungskabel.Ein besseres \u00c4quivalent zu XRUHAKXS Tubular-Kabel Angebot STANDARD-MITTELSPANNUNGSKABEL XnRUHAKXS, XnRUHKXS, YnRUHKXSYnRUHAKXS, YHKXS, YnHKXS, YUHAKXSAndere Mittelspannungskabel. Standard-Kabel Angebot Investitionsoptimierungf\u00fcr Mittelspannungskabel Wir optimieren die Einkaufskosten von Mittelspannungskabeln um 15 &#8211; 20% Wir verbessern die elektrischen Parameter von Anlagen, ohne die Kosten zu erh\u00f6hen. Optimierung Angebot spezialisierteMittelspannungskabel Untypische Strukturen von Mittelspannungskabeln, verst\u00e4rkte Mittelspannungskabel Spezialkabel Angebot [&hellip;]<\/p>\n","protected":false},"author":1,"featured_media":0,"parent":0,"menu_order":0,"comment_status":"closed","ping_status":"closed","template":"page-full-slider.php","meta":{"_acf_changed":false,"inline_featured_image":false,"footnotes":""},"class_list":["post-2015","page","type-page","status-publish","hentry"],"acf":[],"yoast_head":"<!-- This site is optimized with the Yoast SEO plugin v24.8.1 - https:\/\/yoast.com\/wordpress\/plugins\/seo\/ -->\n<title>Volvetia - Mittelspannungskabel \/ Innovatives TUBULAR-Kabel<\/title>\n<meta name=\"description\" content=\"Innovative L\u00f6sungen f\u00fcr die \u00dcbertragung von elektrischer Energie. Mittelspannungskabel, Tubular-Kabel Besseres \u00c4quivalent zu XRUHAKXS-Kabeln Kostenreduktion um 15%.\" \/>\n<meta name=\"robots\" content=\"index, follow, max-snippet:-1, max-image-preview:large, max-video-preview:-1\" \/>\n<link rel=\"canonical\" href=\"https:\/\/www.volvetia.com\/de\/\" \/>\n<meta property=\"og:locale\" content=\"de_DE\" \/>\n<meta property=\"og:type\" content=\"article\" \/>\n<meta property=\"og:title\" content=\"Volvetia - Mittelspannungskabel \/ Innovatives TUBULAR-Kabel\" \/>\n<meta property=\"og:description\" content=\"Innovative L\u00f6sungen f\u00fcr die \u00dcbertragung von elektrischer Energie. Mittelspannungskabel, Tubular-Kabel Besseres \u00c4quivalent zu XRUHAKXS-Kabeln Kostenreduktion um 15%.\" \/>\n<meta property=\"og:url\" content=\"https:\/\/www.volvetia.com\/de\/\" \/>\n<meta property=\"og:site_name\" content=\"Volvetia\" \/>\n<meta property=\"article:modified_time\" content=\"2021-08-10T09:24:55+00:00\" \/>\n<meta property=\"og:image\" content=\"https:\/\/www.volvetia.com\/wp-content\/uploads\/2021\/03\/kabel-Tubular-svg-1024x364.png\" \/>\n<meta name=\"twitter:card\" content=\"summary_large_image\" \/>\n<meta name=\"twitter:label1\" content=\"Gesch\u00e4tzte Lesezeit\" \/>\n\t<meta name=\"twitter:data1\" content=\"1\u00a0Minute\" \/>\n<script type=\"application\/ld+json\" class=\"yoast-schema-graph\">{\"@context\":\"https:\/\/schema.org\",\"@graph\":[{\"@type\":\"WebPage\",\"@id\":\"https:\/\/www.volvetia.com\/de\/\",\"url\":\"https:\/\/www.volvetia.com\/de\/\",\"name\":\"Volvetia - Mittelspannungskabel \/ Innovatives TUBULAR-Kabel\",\"isPartOf\":{\"@id\":\"https:\/\/www.volvetia.com\/#website\"},\"primaryImageOfPage\":{\"@id\":\"https:\/\/www.volvetia.com\/de\/#primaryimage\"},\"image\":{\"@id\":\"https:\/\/www.volvetia.com\/de\/#primaryimage\"},\"thumbnailUrl\":\"https:\/\/www.volvetia.com\/wp-content\/uploads\/2021\/03\/kabel-Tubular-svg-1024x364.png\",\"datePublished\":\"2021-02-20T12:45:13+00:00\",\"dateModified\":\"2021-08-10T09:24:55+00:00\",\"description\":\"Innovative L\u00f6sungen f\u00fcr die \u00dcbertragung von elektrischer Energie. Mittelspannungskabel, Tubular-Kabel Besseres \u00c4quivalent zu XRUHAKXS-Kabeln Kostenreduktion um 15%.\",\"breadcrumb\":{\"@id\":\"https:\/\/www.volvetia.com\/de\/#breadcrumb\"},\"inLanguage\":\"de\",\"potentialAction\":[{\"@type\":\"ReadAction\",\"target\":[\"https:\/\/www.volvetia.com\/de\/\"]}]},{\"@type\":\"ImageObject\",\"inLanguage\":\"de\",\"@id\":\"https:\/\/www.volvetia.com\/de\/#primaryimage\",\"url\":\"https:\/\/www.volvetia.com\/wp-content\/uploads\/2021\/03\/kabel-Tubular-svg-1024x364.png\",\"contentUrl\":\"https:\/\/www.volvetia.com\/wp-content\/uploads\/2021\/03\/kabel-Tubular-svg-1024x364.png\"},{\"@type\":\"BreadcrumbList\",\"@id\":\"https:\/\/www.volvetia.com\/de\/#breadcrumb\",\"itemListElement\":[{\"@type\":\"ListItem\",\"position\":1,\"name\":\"Strona g\u0142\u00f3wna\",\"item\":\"https:\/\/www.volvetia.com\/de\/\"},{\"@type\":\"ListItem\",\"position\":2,\"name\":\"Startseite\"}]},{\"@type\":\"WebSite\",\"@id\":\"https:\/\/www.volvetia.com\/#website\",\"url\":\"https:\/\/www.volvetia.com\/\",\"name\":\"Volvetia\",\"description\":\"Kable \u015brednich napi\u0119\u0107\",\"potentialAction\":[{\"@type\":\"SearchAction\",\"target\":{\"@type\":\"EntryPoint\",\"urlTemplate\":\"https:\/\/www.volvetia.com\/?s={search_term_string}\"},\"query-input\":{\"@type\":\"PropertyValueSpecification\",\"valueRequired\":true,\"valueName\":\"search_term_string\"}}],\"inLanguage\":\"de\"}]}<\/script>\n<!-- \/ Yoast SEO plugin. -->","yoast_head_json":{"title":"Volvetia - Mittelspannungskabel \/ Innovatives TUBULAR-Kabel","description":"Innovative L\u00f6sungen f\u00fcr die \u00dcbertragung von elektrischer Energie. Mittelspannungskabel, Tubular-Kabel Besseres \u00c4quivalent zu XRUHAKXS-Kabeln Kostenreduktion um 15%.","robots":{"index":"index","follow":"follow","max-snippet":"max-snippet:-1","max-image-preview":"max-image-preview:large","max-video-preview":"max-video-preview:-1"},"canonical":"https:\/\/www.volvetia.com\/de\/","og_locale":"de_DE","og_type":"article","og_title":"Volvetia - Mittelspannungskabel \/ Innovatives TUBULAR-Kabel","og_description":"Innovative L\u00f6sungen f\u00fcr die \u00dcbertragung von elektrischer Energie. Mittelspannungskabel, Tubular-Kabel Besseres \u00c4quivalent zu XRUHAKXS-Kabeln Kostenreduktion um 15%.","og_url":"https:\/\/www.volvetia.com\/de\/","og_site_name":"Volvetia","article_modified_time":"2021-08-10T09:24:55+00:00","og_image":[{"url":"https:\/\/www.volvetia.com\/wp-content\/uploads\/2021\/03\/kabel-Tubular-svg-1024x364.png","type":"","width":"","height":""}],"twitter_card":"summary_large_image","twitter_misc":{"Gesch\u00e4tzte Lesezeit":"1\u00a0Minute"},"schema":{"@context":"https:\/\/schema.org","@graph":[{"@type":"WebPage","@id":"https:\/\/www.volvetia.com\/de\/","url":"https:\/\/www.volvetia.com\/de\/","name":"Volvetia - Mittelspannungskabel \/ Innovatives TUBULAR-Kabel","isPartOf":{"@id":"https:\/\/www.volvetia.com\/#website"},"primaryImageOfPage":{"@id":"https:\/\/www.volvetia.com\/de\/#primaryimage"},"image":{"@id":"https:\/\/www.volvetia.com\/de\/#primaryimage"},"thumbnailUrl":"https:\/\/www.volvetia.com\/wp-content\/uploads\/2021\/03\/kabel-Tubular-svg-1024x364.png","datePublished":"2021-02-20T12:45:13+00:00","dateModified":"2021-08-10T09:24:55+00:00","description":"Innovative L\u00f6sungen f\u00fcr die \u00dcbertragung von elektrischer Energie. Mittelspannungskabel, Tubular-Kabel Besseres \u00c4quivalent zu XRUHAKXS-Kabeln Kostenreduktion um 15%.","breadcrumb":{"@id":"https:\/\/www.volvetia.com\/de\/#breadcrumb"},"inLanguage":"de","potentialAction":[{"@type":"ReadAction","target":["https:\/\/www.volvetia.com\/de\/"]}]},{"@type":"ImageObject","inLanguage":"de","@id":"https:\/\/www.volvetia.com\/de\/#primaryimage","url":"https:\/\/www.volvetia.com\/wp-content\/uploads\/2021\/03\/kabel-Tubular-svg-1024x364.png","contentUrl":"https:\/\/www.volvetia.com\/wp-content\/uploads\/2021\/03\/kabel-Tubular-svg-1024x364.png"},{"@type":"BreadcrumbList","@id":"https:\/\/www.volvetia.com\/de\/#breadcrumb","itemListElement":[{"@type":"ListItem","position":1,"name":"Strona g\u0142\u00f3wna","item":"https:\/\/www.volvetia.com\/de\/"},{"@type":"ListItem","position":2,"name":"Startseite"}]},{"@type":"WebSite","@id":"https:\/\/www.volvetia.com\/#website","url":"https:\/\/www.volvetia.com\/","name":"Volvetia","description":"Kable \u015brednich napi\u0119\u0107","potentialAction":[{"@type":"SearchAction","target":{"@type":"EntryPoint","urlTemplate":"https:\/\/www.volvetia.com\/?s={search_term_string}"},"query-input":{"@type":"PropertyValueSpecification","valueRequired":true,"valueName":"search_term_string"}}],"inLanguage":"de"}]}},"_links":{"self":[{"href":"https:\/\/www.volvetia.com\/de\/wp-json\/wp\/v2\/pages\/2015","targetHints":{"allow":["GET"]}}],"collection":[{"href":"https:\/\/www.volvetia.com\/de\/wp-json\/wp\/v2\/pages"}],"about":[{"href":"https:\/\/www.volvetia.com\/de\/wp-json\/wp\/v2\/types\/page"}],"author":[{"embeddable":true,"href":"https:\/\/www.volvetia.com\/de\/wp-json\/wp\/v2\/users\/1"}],"replies":[{"embeddable":true,"href":"https:\/\/www.volvetia.com\/de\/wp-json\/wp\/v2\/comments?post=2015"}],"version-history":[{"count":11,"href":"https:\/\/www.volvetia.com\/de\/wp-json\/wp\/v2\/pages\/2015\/revisions"}],"predecessor-version":[{"id":2554,"href":"https:\/\/www.volvetia.com\/de\/wp-json\/wp\/v2\/pages\/2015\/revisions\/2554"}],"wp:attachment":[{"href":"https:\/\/www.volvetia.com\/de\/wp-json\/wp\/v2\/media?parent=2015"}],"curies":[{"name":"wp","href":"https:\/\/api.w.org\/{rel}","templated":true}]}}