{"id":2938,"date":"2025-04-23T12:59:10","date_gmt":"2025-04-23T10:59:10","guid":{"rendered":"https:\/\/www.volvetia.com\/wyszukiwarka-kable-wysokich-napiec\/"},"modified":"2025-04-28T08:18:16","modified_gmt":"2025-04-28T06:18:16","slug":"wyszukiwarka-kable-wysokich-napiec","status":"publish","type":"page","link":"https:\/\/www.volvetia.com\/de\/wyszukiwarka-kable-wysokich-napiec\/","title":{"rendered":"Wyszukiwarka kable wysokich napi\u0119\u0107"},"content":{"rendered":"","protected":false},"excerpt":{"rendered":"","protected":false},"author":1,"featured_media":0,"parent":0,"menu_order":0,"comment_status":"closed","ping_status":"closed","template":"page-search-wysokie.php","meta":{"_acf_changed":false,"inline_featured_image":false,"footnotes":""},"class_list":["post-2938","page","type-page","status-publish","hentry"],"acf":[],"yoast_head":"<!-- This site is optimized with the Yoast SEO plugin v24.8.1 - https:\/\/yoast.com\/wordpress\/plugins\/seo\/ -->\n<title>Wyszukiwarka kable wysokich napi\u0119\u0107 - Volvetia<\/title>\n<meta name=\"robots\" content=\"index, follow, max-snippet:-1, max-image-preview:large, max-video-preview:-1\" \/>\n<link rel=\"canonical\" href=\"https:\/\/www.volvetia.com\/de\/wyszukiwarka-kable-wysokich-napiec\/\" \/>\n<meta property=\"og:locale\" content=\"de_DE\" \/>\n<meta property=\"og:type\" content=\"article\" \/>\n<meta property=\"og:title\" content=\"Wyszukiwarka kable wysokich napi\u0119\u0107 - Volvetia\" \/>\n<meta property=\"og:url\" content=\"https:\/\/www.volvetia.com\/de\/wyszukiwarka-kable-wysokich-napiec\/\" \/>\n<meta property=\"og:site_name\" content=\"Volvetia\" \/>\n<meta property=\"article:modified_time\" content=\"2025-04-28T06:18:16+00:00\" \/>\n<meta name=\"twitter:card\" content=\"summary_large_image\" \/>\n<script type=\"application\/ld+json\" class=\"yoast-schema-graph\">{\"@context\":\"https:\/\/schema.org\",\"@graph\":[{\"@type\":\"WebPage\",\"@id\":\"https:\/\/www.volvetia.com\/de\/wyszukiwarka-kable-wysokich-napiec\/\",\"url\":\"https:\/\/www.volvetia.com\/de\/wyszukiwarka-kable-wysokich-napiec\/\",\"name\":\"Wyszukiwarka kable wysokich napi\u0119\u0107 - Volvetia\",\"isPartOf\":{\"@id\":\"https:\/\/www.volvetia.com\/#website\"},\"datePublished\":\"2025-04-23T10:59:10+00:00\",\"dateModified\":\"2025-04-28T06:18:16+00:00\",\"breadcrumb\":{\"@id\":\"https:\/\/www.volvetia.com\/de\/wyszukiwarka-kable-wysokich-napiec\/#breadcrumb\"},\"inLanguage\":\"de\",\"potentialAction\":[{\"@type\":\"ReadAction\",\"target\":[\"https:\/\/www.volvetia.com\/de\/wyszukiwarka-kable-wysokich-napiec\/\"]}]},{\"@type\":\"BreadcrumbList\",\"@id\":\"https:\/\/www.volvetia.com\/de\/wyszukiwarka-kable-wysokich-napiec\/#breadcrumb\",\"itemListElement\":[{\"@type\":\"ListItem\",\"position\":1,\"name\":\"Strona g\u0142\u00f3wna\",\"item\":\"https:\/\/www.volvetia.com\/de\/\"},{\"@type\":\"ListItem\",\"position\":2,\"name\":\"Wyszukiwarka kable wysokich napi\u0119\u0107\"}]},{\"@type\":\"WebSite\",\"@id\":\"https:\/\/www.volvetia.com\/#website\",\"url\":\"https:\/\/www.volvetia.com\/\",\"name\":\"Volvetia\",\"description\":\"Kable \u015brednich napi\u0119\u0107\",\"potentialAction\":[{\"@type\":\"SearchAction\",\"target\":{\"@type\":\"EntryPoint\",\"urlTemplate\":\"https:\/\/www.volvetia.com\/?s={search_term_string}\"},\"query-input\":{\"@type\":\"PropertyValueSpecification\",\"valueRequired\":true,\"valueName\":\"search_term_string\"}}],\"inLanguage\":\"de\"}]}<\/script>\n<!-- \/ Yoast SEO plugin. -->","yoast_head_json":{"title":"Wyszukiwarka kable wysokich napi\u0119\u0107 - Volvetia","robots":{"index":"index","follow":"follow","max-snippet":"max-snippet:-1","max-image-preview":"max-image-preview:large","max-video-preview":"max-video-preview:-1"},"canonical":"https:\/\/www.volvetia.com\/de\/wyszukiwarka-kable-wysokich-napiec\/","og_locale":"de_DE","og_type":"article","og_title":"Wyszukiwarka kable wysokich napi\u0119\u0107 - Volvetia","og_url":"https:\/\/www.volvetia.com\/de\/wyszukiwarka-kable-wysokich-napiec\/","og_site_name":"Volvetia","article_modified_time":"2025-04-28T06:18:16+00:00","twitter_card":"summary_large_image","schema":{"@context":"https:\/\/schema.org","@graph":[{"@type":"WebPage","@id":"https:\/\/www.volvetia.com\/de\/wyszukiwarka-kable-wysokich-napiec\/","url":"https:\/\/www.volvetia.com\/de\/wyszukiwarka-kable-wysokich-napiec\/","name":"Wyszukiwarka kable wysokich napi\u0119\u0107 - Volvetia","isPartOf":{"@id":"https:\/\/www.volvetia.com\/#website"},"datePublished":"2025-04-23T10:59:10+00:00","dateModified":"2025-04-28T06:18:16+00:00","breadcrumb":{"@id":"https:\/\/www.volvetia.com\/de\/wyszukiwarka-kable-wysokich-napiec\/#breadcrumb"},"inLanguage":"de","potentialAction":[{"@type":"ReadAction","target":["https:\/\/www.volvetia.com\/de\/wyszukiwarka-kable-wysokich-napiec\/"]}]},{"@type":"BreadcrumbList","@id":"https:\/\/www.volvetia.com\/de\/wyszukiwarka-kable-wysokich-napiec\/#breadcrumb","itemListElement":[{"@type":"ListItem","position":1,"name":"Strona g\u0142\u00f3wna","item":"https:\/\/www.volvetia.com\/de\/"},{"@type":"ListItem","position":2,"name":"Wyszukiwarka kable wysokich napi\u0119\u0107"}]},{"@type":"WebSite","@id":"https:\/\/www.volvetia.com\/#website","url":"https:\/\/www.volvetia.com\/","name":"Volvetia","description":"Kable \u015brednich napi\u0119\u0107","potentialAction":[{"@type":"SearchAction","target":{"@type":"EntryPoint","urlTemplate":"https:\/\/www.volvetia.com\/?s={search_term_string}"},"query-input":{"@type":"PropertyValueSpecification","valueRequired":true,"valueName":"search_term_string"}}],"inLanguage":"de"}]}},"_links":{"self":[{"href":"https:\/\/www.volvetia.com\/de\/wp-json\/wp\/v2\/pages\/2938","targetHints":{"allow":["GET"]}}],"collection":[{"href":"https:\/\/www.volvetia.com\/de\/wp-json\/wp\/v2\/pages"}],"about":[{"href":"https:\/\/www.volvetia.com\/de\/wp-json\/wp\/v2\/types\/page"}],"author":[{"embeddable":true,"href":"https:\/\/www.volvetia.com\/de\/wp-json\/wp\/v2\/users\/1"}],"replies":[{"embeddable":true,"href":"https:\/\/www.volvetia.com\/de\/wp-json\/wp\/v2\/comments?post=2938"}],"version-history":[{"count":1,"href":"https:\/\/www.volvetia.com\/de\/wp-json\/wp\/v2\/pages\/2938\/revisions"}],"predecessor-version":[{"id":2954,"href":"https:\/\/www.volvetia.com\/de\/wp-json\/wp\/v2\/pages\/2938\/revisions\/2954"}],"wp:attachment":[{"href":"https:\/\/www.volvetia.com\/de\/wp-json\/wp\/v2\/media?parent=2938"}],"curies":[{"name":"wp","href":"https:\/\/api.w.org\/{rel}","templated":true}]}}