{"id":1754,"date":"2021-02-22T08:35:58","date_gmt":"2021-02-22T07:35:58","guid":{"rendered":"https:\/\/www.volvetia.com\/contact\/"},"modified":"2025-12-05T14:08:51","modified_gmt":"2025-12-05T13:08:51","slug":"contact","status":"publish","type":"page","link":"https:\/\/www.volvetia.com\/en\/contact\/","title":{"rendered":"Contact"},"content":{"rendered":"\n<div class=\"wp-block-columns alignfull height-contact container is-layout-flex wp-container-core-columns-is-layout-9d6595d7 wp-block-columns-is-layout-flex\">\n<div class=\"wp-block-column contact-list is-layout-flow wp-block-column-is-layout-flow\" style=\"flex-basis:33.33%\">\n<h1 class=\"wp-block-heading alignfull h2\">contact details<\/h1>\n\n\n\n<p><\/p><p data-aos=\"fade-up\"><span>m<\/span> <img loading=\"lazy\" decoding=\"async\" width=\"22\" height=\"20\" class=\"wp-image-189\" style=\"width: 22px;\" src=\"https:\/\/www.volvetia.com\/wp-content\/uploads\/2021\/02\/arrow-left.svg\" alt=\"arrow left\"\/><a href=\"mailto:volvetia@volvetia.com\">volvetia@volvetia.com<\/a><\/p>\n\n\n\n<p><\/p><p data-aos=\"fade-up\"><span>t<\/span> <img loading=\"lazy\" decoding=\"async\" width=\"22\" height=\"20\" class=\"wp-image-189\" style=\"width: 22px;\" src=\"https:\/\/www.volvetia.com\/wp-content\/uploads\/2021\/02\/arrow-left.svg\" alt=\"arrow left\"\/><a href=\"tel:+48%20791%20790%20200\">+48 791 790 200<\/a><\/p>\n\n\n\n<p><\/p><p data-aos=\"fade-up\"><span>t<\/span> <img loading=\"lazy\" decoding=\"async\" width=\"22\" height=\"20\" class=\"wp-image-189\" style=\"width: 22px;\" src=\"https:\/\/www.volvetia.com\/wp-content\/uploads\/2021\/02\/arrow-left.svg\" alt=\"arrow left\"\/><a href=\"tel:+48%20884%20003%20004\">+48 884 003 004<\/a><\/p>\n\n\n\n<p><\/p><p class=\"znacznik-gora\" data-aos=\"fade-up\">volvetia sp. z o.o<br\/>ul. Prochowa 6\/18<br\/>31-532 Krak\u00f3w Poland\n<br\/><br\/>\nKRS 0000613972,<br\/>REGON 364260087,<br\/>NIP 5272767310<\/p>\n<\/div>\n\n\n\n<div class=\"wp-block-column map is-layout-flow wp-block-column-is-layout-flow\" style=\"flex-basis:66.66%\"><style>.gm-style-iw { line-height: inherit !important;}<\/style><div class=\"wpgmp_map_container wpgmp-map-1\" rel=\"map1\" data-plugin-version=\"4.7.1\"><div class=\"wpgmp_map_parent\"><div class=\"wpgmp_map \" style=\"width:100%; height:850px;\" id=\"map1\" data-map-id=\"1\"><\/div><\/div><\/div><script id=\"script-map-data-1\">jQuery(document).ready(function($){ window.wpgmp = window.wpgmp || {}; window.wpgmp.mapdata1 = \"eyJtYXBfb3B0aW9ucyI6eyJjZW50ZXJfbGF0IjoiNTAuMDU2NzYwNSIsImNlbnRlcl9sbmciOiIxOS45NTQ4MjY4Iiwiem9vbSI6MTYsIm1hcF90eXBlX2lkIjoiUk9BRE1BUCIsImZpdF9ib3VuZHMiOmZhbHNlLCJkcmFnZ2FibGUiOnRydWUsInNjcm9sbF93aGVlbCI6ZmFsc2UsImRpc3BsYXlfNDVfaW1hZ2VyeSI6IiIsIm1hcmtlcl9kZWZhdWx0X2ljb24iOiJodHRwczpcL1wvd3d3LnZvbHZldGlhLmNvbVwvd3AtY29udGVudFwvdXBsb2Fkc1wvMjAyMVwvMDNcL3Nwb3RsaWdodC1wb2kyLTEucG5nIiwiaW5mb3dpbmRvd19zZXR0aW5nIjoiPHAgY2xhc3M9XCJzbWFsbFwiPnZvbHZldGlhIHNwLiB6IG8ub1xyXG51bC4gR3J1bndhbGR6a2EgMTVcLzRcclxuMzEtNTI0IEtyYWtcdTAwZjN3PFwvcD4iLCJpbmZvd2luZG93X2JvdW5jZV9hbmltYXRpb24iOiIiLCJpbmZvd2luZG93X2Ryb3BfYW5pbWF0aW9uIjpmYWxzZSwiY2xvc2VfaW5mb3dpbmRvd19vbl9tYXBfY2xpY2siOmZhbHNlLCJpbmZvd2luZG93X3NraW4iOiIiLCJkZWZhdWx0X2luZm93aW5kb3dfb3BlbiI6ZmFsc2UsImluZm93aW5kb3dfb3Blbl9ldmVudCI6ImNsaWNrIiwiZnVsbF9zY3JlZW5fY29udHJvbCI6dHJ1ZSwiY2FtZXJhX2NvbnRyb2wiOmZhbHNlLCJzZWFyY2hfY29udHJvbCI6dHJ1ZSwiem9vbV9jb250cm9sIjp0cnVlLCJtYXBfdHlwZV9jb250cm9sIjpmYWxzZSwic3RyZWV0X3ZpZXdfY29udHJvbCI6ZmFsc2UsImZ1bGxfc2NyZWVuX2NvbnRyb2xfcG9zaXRpb24iOiJUT1BfTEVGVCIsImNhbWVyYV9jb250cm9sX3Bvc2l0aW9uIjoiVE9QX1JJR0hUIiwic2VhcmNoX2NvbnRyb2xfcG9zaXRpb24iOiJUT1BfTEVGVCIsInpvb21fY29udHJvbF9wb3NpdGlvbiI6IlRPUF9MRUZUIiwibWFwX3R5cGVfY29udHJvbF9wb3NpdGlvbiI6IlRPUF9MRUZUIiwibWFwX3R5cGVfY29udHJvbF9zdHlsZSI6IkhPUklaT05UQUxfQkFSIiwic3RyZWV0X3ZpZXdfY29udHJvbF9wb3NpdGlvbiI6IlRPUF9MRUZUIiwibWFwX2NvbnRyb2wiOnRydWUsIm1hcF9jb250cm9sX3NldHRpbmdzIjpmYWxzZSwibWFwX3pvb21fYWZ0ZXJfc2VhcmNoIjo2LCJ3aWR0aCI6IiIsImhlaWdodCI6Ijg1MCJ9LCJwbGFjZXMiOlt7ImlkIjoiMiIsInRpdGxlIjoidm9sdmV0aWEgc3AuIHogby5vIiwiYWRkcmVzcyI6IlByb2Nob3dhIDZcLzE4LCAzMS01MzIsIEtyYWtcdTAwZjN3LCBQb2xhbmQiLCJzb3VyY2UiOiJtYW51YWwiLCJjb250ZW50Ijoidm9sdmV0aWEgc3AuIHogby5vIiwibG9jYXRpb24iOnsiaWNvbiI6Imh0dHBzOlwvXC93d3cudm9sdmV0aWEuY29tXC93cC1jb250ZW50XC91cGxvYWRzXC8yMDIxXC8wM1wvc3BvdGxpZ2h0LXBvaTItMS5wbmciLCJsYXQiOiI1MC4wNTY3NjA1IiwibG5nIjoiMTkuOTU0ODI2OCIsImNpdHkiOiJLcmFrXHUwMGYzdyIsInN0YXRlIjoiV29qZXdcdTAwZjNkenR3byBtYVx1MDE0Mm9wb2xza2llIiwiY291bnRyeSI6IlBvbGFuZCIsIm9uY2xpY2tfYWN0aW9uIjoibWFya2VyIiwicmVkaXJlY3RfY3VzdG9tX2xpbmsiOiIiLCJtYXJrZXJfaW1hZ2UiOiIiLCJvcGVuX25ld190YWIiOiJ5ZXMiLCJwb3N0YWxfY29kZSI6IjMxLTUzMiIsImRyYWdnYWJsZSI6ZmFsc2UsImluZm93aW5kb3dfZGVmYXVsdF9vcGVuIjpmYWxzZSwiYW5pbWF0aW9uIjoiQk9VTkNFIiwiaW5mb3dpbmRvd19kaXNhYmxlIjp0cnVlLCJ6b29tIjo1LCJleHRyYV9maWVsZHMiOiIifSwiY2F0ZWdvcmllcyI6W3siaWQiOiIiLCJuYW1lIjoiIiwidHlwZSI6ImNhdGVnb3J5IiwiZXh0ZW5zaW9uX2ZpZWxkcyI6W10sImljb24iOiJodHRwczpcL1wvd3d3LnZvbHZldGlhLmNvbVwvd3AtY29udGVudFwvdXBsb2Fkc1wvMjAyMVwvMDNcL3Nwb3RsaWdodC1wb2kyLTEucG5nIn1dLCJjdXN0b21fZmlsdGVycyI6IiJ9XSwic3R5bGVzIjoiW1xyXG4gICAge1xyXG4gICAgICAgIFwiZmVhdHVyZVR5cGVcIjogXCJhZG1pbmlzdHJhdGl2ZVwiLFxyXG4gICAgICAgIFwiZWxlbWVudFR5cGVcIjogXCJnZW9tZXRyeVwiLFxyXG4gICAgICAgIFwic3R5bGVyc1wiOiBbXHJcbiAgICAgICAgICAgIHtcclxuICAgICAgICAgICAgICAgIFwiY29sb3JcIjogXCIjYTdhN2E3XCJcclxuICAgICAgICAgICAgfVxyXG4gICAgICAgIF1cclxuICAgIH0sXHJcbiAgICB7XHJcbiAgICAgICAgXCJmZWF0dXJlVHlwZVwiOiBcImFkbWluaXN0cmF0aXZlXCIsXHJcbiAgICAgICAgXCJlbGVtZW50VHlwZVwiOiBcImxhYmVscy50ZXh0LmZpbGxcIixcclxuICAgICAgICBcInN0eWxlcnNcIjogW1xyXG4gICAgICAgICAgICB7XHJcbiAgICAgICAgICAgICAgICBcInZpc2liaWxpdHlcIjogXCJvblwiXHJcbiAgICAgICAgICAgIH0sXHJcbiAgICAgICAgICAgIHtcclxuICAgICAgICAgICAgICAgIFwiY29sb3JcIjogXCIjNzM3MzczXCJcclxuICAgICAgICAgICAgfVxyXG4gICAgICAgIF1cclxuICAgIH0sXHJcbiAgICB7XHJcbiAgICAgICAgXCJmZWF0dXJlVHlwZVwiOiBcImxhbmRzY2FwZVwiLFxyXG4gICAgICAgIFwiZWxlbWVudFR5cGVcIjogXCJnZW9tZXRyeS5maWxsXCIsXHJcbiAgICAgICAgXCJzdHlsZXJzXCI6IFtcclxuICAgICAgICAgICAge1xyXG4gICAgICAgICAgICAgICAgXCJ2aXNpYmlsaXR5XCI6IFwib25cIlxyXG4gICAgICAgICAgICB9LFxyXG4gICAgICAgICAgICB7XHJcbiAgICAgICAgICAgICAgICBcImNvbG9yXCI6IFwiI2VmZWZlZlwiXHJcbiAgICAgICAgICAgIH1cclxuICAgICAgICBdXHJcbiAgICB9LFxyXG4gICAge1xyXG4gICAgICAgIFwiZmVhdHVyZVR5cGVcIjogXCJwb2lcIixcclxuICAgICAgICBcImVsZW1lbnRUeXBlXCI6IFwiZ2VvbWV0cnkuZmlsbFwiLFxyXG4gICAgICAgIFwic3R5bGVyc1wiOiBbXHJcbiAgICAgICAgICAgIHtcclxuICAgICAgICAgICAgICAgIFwidmlzaWJpbGl0eVwiOiBcIm9uXCJcclxuICAgICAgICAgICAgfSxcclxuICAgICAgICAgICAge1xyXG4gICAgICAgICAgICAgICAgXCJjb2xvclwiOiBcIiNkYWRhZGFcIlxyXG4gICAgICAgICAgICB9XHJcbiAgICAgICAgXVxyXG4gICAgfSxcclxuICAgIHtcclxuICAgICAgICBcImZlYXR1cmVUeXBlXCI6IFwicG9pXCIsXHJcbiAgICAgICAgXCJlbGVtZW50VHlwZVwiOiBcImxhYmVsc1wiLFxyXG4gICAgICAgIFwic3R5bGVyc1wiOiBbXHJcbiAgICAgICAgICAgIHtcclxuICAgICAgICAgICAgICAgIFwidmlzaWJpbGl0eVwiOiBcIm9mZlwiXHJcbiAgICAgICAgICAgIH1cclxuICAgICAgICBdXHJcbiAgICB9LFxyXG4gICAge1xyXG4gICAgICAgIFwiZmVhdHVyZVR5cGVcIjogXCJwb2lcIixcclxuICAgICAgICBcImVsZW1lbnRUeXBlXCI6IFwibGFiZWxzLmljb25cIixcclxuICAgICAgICBcInN0eWxlcnNcIjogW1xyXG4gICAgICAgICAgICB7XHJcbiAgICAgICAgICAgICAgICBcInZpc2liaWxpdHlcIjogXCJvZmZcIlxyXG4gICAgICAgICAgICB9XHJcbiAgICAgICAgXVxyXG4gICAgfSxcclxuICAgIHtcclxuICAgICAgICBcImZlYXR1cmVUeXBlXCI6IFwicm9hZFwiLFxyXG4gICAgICAgIFwiZWxlbWVudFR5cGVcIjogXCJhbGxcIixcclxuICAgICAgICBcInN0eWxlcnNcIjogW1xyXG4gICAgICAgICAgICB7XHJcbiAgICAgICAgICAgICAgICBcImh1ZVwiOiBcIiNmZjAwMDBcIlxyXG4gICAgICAgICAgICB9XHJcbiAgICAgICAgXVxyXG4gICAgfSxcclxuICAgIHtcclxuICAgICAgICBcImZlYXR1cmVUeXBlXCI6IFwicm9hZFwiLFxyXG4gICAgICAgIFwiZWxlbWVudFR5cGVcIjogXCJnZW9tZXRyeVwiLFxyXG4gICAgICAgIFwic3R5bGVyc1wiOiBbXHJcbiAgICAgICAgICAgIHtcclxuICAgICAgICAgICAgICAgIFwiaHVlXCI6IFwiI2ZmMDAwMFwiXHJcbiAgICAgICAgICAgIH1cclxuICAgICAgICBdXHJcbiAgICB9LFxyXG4gICAge1xyXG4gICAgICAgIFwiZmVhdHVyZVR5cGVcIjogXCJyb2FkXCIsXHJcbiAgICAgICAgXCJlbGVtZW50VHlwZVwiOiBcImdlb21ldHJ5LmZpbGxcIixcclxuICAgICAgICBcInN0eWxlcnNcIjogW1xyXG4gICAgICAgICAgICB7XHJcbiAgICAgICAgICAgICAgICBcImh1ZVwiOiBcIiNmZjAwMDBcIlxyXG4gICAgICAgICAgICB9XHJcbiAgICAgICAgXVxyXG4gICAgfSxcclxuICAgIHtcclxuICAgICAgICBcImZlYXR1cmVUeXBlXCI6IFwicm9hZFwiLFxyXG4gICAgICAgIFwiZWxlbWVudFR5cGVcIjogXCJsYWJlbHMudGV4dC5maWxsXCIsXHJcbiAgICAgICAgXCJzdHlsZXJzXCI6IFtcclxuICAgICAgICAgICAge1xyXG4gICAgICAgICAgICAgICAgXCJjb2xvclwiOiBcIiM1YTVhNWFcIlxyXG4gICAgICAgICAgICB9XHJcbiAgICAgICAgXVxyXG4gICAgfSxcclxuICAgIHtcclxuICAgICAgICBcImZlYXR1cmVUeXBlXCI6IFwicm9hZFwiLFxyXG4gICAgICAgIFwiZWxlbWVudFR5cGVcIjogXCJsYWJlbHMuaWNvblwiLFxyXG4gICAgICAgIFwic3R5bGVyc1wiOiBbXHJcbiAgICAgICAgICAgIHtcclxuICAgICAgICAgICAgICAgIFwidmlzaWJpbGl0eVwiOiBcIm9mZlwiXHJcbiAgICAgICAgICAgIH1cclxuICAgICAgICBdXHJcbiAgICB9LFxyXG4gICAge1xyXG4gICAgICAgIFwiZmVhdHVyZVR5cGVcIjogXCJyb2FkLmhpZ2h3YXlcIixcclxuICAgICAgICBcImVsZW1lbnRUeXBlXCI6IFwiZ2VvbWV0cnkuZmlsbFwiLFxyXG4gICAgICAgIFwic3R5bGVyc1wiOiBbXHJcbiAgICAgICAgICAgIHtcclxuICAgICAgICAgICAgICAgIFwiY29sb3JcIjogXCIjZmZmZmZmXCJcclxuICAgICAgICAgICAgfVxyXG4gICAgICAgIF1cclxuICAgIH0sXHJcbiAgICB7XHJcbiAgICAgICAgXCJmZWF0dXJlVHlwZVwiOiBcInJvYWQuaGlnaHdheVwiLFxyXG4gICAgICAgIFwiZWxlbWVudFR5cGVcIjogXCJnZW9tZXRyeS5zdHJva2VcIixcclxuICAgICAgICBcInN0eWxlcnNcIjogW1xyXG4gICAgICAgICAgICB7XHJcbiAgICAgICAgICAgICAgICBcInZpc2liaWxpdHlcIjogXCJvblwiXHJcbiAgICAgICAgICAgIH0sXHJcbiAgICAgICAgICAgIHtcclxuICAgICAgICAgICAgICAgIFwiY29sb3JcIjogXCIjYjNiM2IzXCJcclxuICAgICAgICAgICAgfVxyXG4gICAgICAgIF1cclxuICAgIH0sXHJcbiAgICB7XHJcbiAgICAgICAgXCJmZWF0dXJlVHlwZVwiOiBcInJvYWQuYXJ0ZXJpYWxcIixcclxuICAgICAgICBcImVsZW1lbnRUeXBlXCI6IFwiZ2VvbWV0cnkuZmlsbFwiLFxyXG4gICAgICAgIFwic3R5bGVyc1wiOiBbXHJcbiAgICAgICAgICAgIHtcclxuICAgICAgICAgICAgICAgIFwiY29sb3JcIjogXCIjZDMyNzgzXCJcclxuICAgICAgICAgICAgfVxyXG4gICAgICAgIF1cclxuICAgIH0sXHJcbiAgICB7XHJcbiAgICAgICAgXCJmZWF0dXJlVHlwZVwiOiBcInJvYWQuYXJ0ZXJpYWxcIixcclxuICAgICAgICBcImVsZW1lbnRUeXBlXCI6IFwiZ2VvbWV0cnkuc3Ryb2tlXCIsXHJcbiAgICAgICAgXCJzdHlsZXJzXCI6IFtcclxuICAgICAgICAgICAge1xyXG4gICAgICAgICAgICAgICAgXCJjb2xvclwiOiBcIiNkNmQ2ZDZcIlxyXG4gICAgICAgICAgICB9XHJcbiAgICAgICAgXVxyXG4gICAgfSxcclxuICAgIHtcclxuICAgICAgICBcImZlYXR1cmVUeXBlXCI6IFwicm9hZC5sb2NhbFwiLFxyXG4gICAgICAgIFwiZWxlbWVudFR5cGVcIjogXCJnZW9tZXRyeS5maWxsXCIsXHJcbiAgICAgICAgXCJzdHlsZXJzXCI6IFtcclxuICAgICAgICAgICAge1xyXG4gICAgICAgICAgICAgICAgXCJ2aXNpYmlsaXR5XCI6IFwib2ZmXCJcclxuICAgICAgICAgICAgfSxcclxuICAgICAgICAgICAge1xyXG4gICAgICAgICAgICAgICAgXCJ3ZWlnaHRcIjogMS44XHJcbiAgICAgICAgICAgIH0sXHJcbiAgICAgICAgICAgIHtcclxuICAgICAgICAgICAgICAgIFwiaHVlXCI6IFwiI2ZmMDBhYVwiXHJcbiAgICAgICAgICAgIH1cclxuICAgICAgICBdXHJcbiAgICB9LFxyXG4gICAge1xyXG4gICAgICAgIFwiZmVhdHVyZVR5cGVcIjogXCJyb2FkLmxvY2FsXCIsXHJcbiAgICAgICAgXCJlbGVtZW50VHlwZVwiOiBcImdlb21ldHJ5LnN0cm9rZVwiLFxyXG4gICAgICAgIFwic3R5bGVyc1wiOiBbXHJcbiAgICAgICAgICAgIHtcclxuICAgICAgICAgICAgICAgIFwiY29sb3JcIjogXCIjZDdkN2Q3XCJcclxuICAgICAgICAgICAgfVxyXG4gICAgICAgIF1cclxuICAgIH0sXHJcbiAgICB7XHJcbiAgICAgICAgXCJmZWF0dXJlVHlwZVwiOiBcInRyYW5zaXRcIixcclxuICAgICAgICBcImVsZW1lbnRUeXBlXCI6IFwiYWxsXCIsXHJcbiAgICAgICAgXCJzdHlsZXJzXCI6IFtcclxuICAgICAgICAgICAge1xyXG4gICAgICAgICAgICAgICAgXCJjb2xvclwiOiBcIiM4MDgwODBcIlxyXG4gICAgICAgICAgICB9LFxyXG4gICAgICAgICAgICB7XHJcbiAgICAgICAgICAgICAgICBcInZpc2liaWxpdHlcIjogXCJvZmZcIlxyXG4gICAgICAgICAgICB9XHJcbiAgICAgICAgXVxyXG4gICAgfSxcclxuICAgIHtcclxuICAgICAgICBcImZlYXR1cmVUeXBlXCI6IFwid2F0ZXJcIixcclxuICAgICAgICBcImVsZW1lbnRUeXBlXCI6IFwiZ2VvbWV0cnkuZmlsbFwiLFxyXG4gICAgICAgIFwic3R5bGVyc1wiOiBbXHJcbiAgICAgICAgICAgIHtcclxuICAgICAgICAgICAgICAgIFwiY29sb3JcIjogXCIjZDNkM2QzXCJcclxuICAgICAgICAgICAgfVxyXG4gICAgICAgIF1cclxuICAgIH1cclxuXSIsImxpc3RpbmciOiIiLCJtYXJrZXJfY2x1c3RlciI6IiIsIm1hcF9wcm9wZXJ0eSI6eyJtYXBfaWQiOiIxIiwiZGVidWdfbW9kZSI6ZmFsc2V9fQ==\"; });<\/script>\n<\/div>\n<\/div>\n\n\n\n<div class=\"wpcf7 no-js\" id=\"wpcf7-f2249-o1\" lang=\"en-US\" dir=\"ltr\" data-wpcf7-id=\"2249\">\n<div class=\"screen-reader-response\"><p role=\"status\" aria-live=\"polite\" aria-atomic=\"true\"><\/p> <ul><\/ul><\/div>\n<form action=\"\/en\/wp-json\/wp\/v2\/pages\/1754#wpcf7-f2249-o1\" method=\"post\" class=\"wpcf7-form init wpcf7-acceptance-as-validation\" aria-label=\"Contact form\" novalidate=\"novalidate\" data-status=\"init\">\n<div style=\"display: none;\">\n<input type=\"hidden\" name=\"_wpcf7\" value=\"2249\" \/>\n<input type=\"hidden\" name=\"_wpcf7_version\" value=\"6.0.5\" \/>\n<input type=\"hidden\" name=\"_wpcf7_locale\" value=\"en_US\" \/>\n<input type=\"hidden\" name=\"_wpcf7_unit_tag\" value=\"wpcf7-f2249-o1\" \/>\n<input type=\"hidden\" name=\"_wpcf7_container_post\" value=\"0\" \/>\n<input type=\"hidden\" name=\"_wpcf7_posted_data_hash\" value=\"\" \/>\n<input type=\"hidden\" name=\"_wpcf7_recaptcha_response\" value=\"\" \/>\n<\/div>\n<div class=\"container\">\n\t<div class=\"row\">\n\t\t<div class=\"col-sm-12\">\n\t\t\t<div class=\"row\">\n\t\t\t\t<div class=\"col-sm-6\">\n\t\t\t\t\t<h4>Ask for a quote\n\t\t\t\t\t<\/h4>\n\t\t\t\t\t<p class=\"s-f\">*Mandatory field\n\t\t\t\t\t<\/p>\n\t\t\t\t\t<p><label class=\"name\"> Full name*<br \/>\n<span class=\"wpcf7-form-control-wrap\" data-name=\"your-name\"><input size=\"40\" maxlength=\"400\" class=\"wpcf7-form-control wpcf7-text wpcf7-validates-as-required\" aria-required=\"true\" aria-invalid=\"false\" placeholder=\"Enter your full name\" value=\"\" type=\"text\" name=\"your-name\" \/><\/span> <\/label>\n\t\t\t\t\t<\/p>\n\t\t\t\t\t<div class=\"row\">\n\t\t\t\t\t\t<div class=\"col-sm-6\">\n\t\t\t\t\t\t\t<p><label> E-mail*<br \/>\n<span class=\"wpcf7-form-control-wrap\" data-name=\"your-email\"><input size=\"40\" maxlength=\"400\" class=\"wpcf7-form-control wpcf7-email wpcf7-validates-as-required wpcf7-text wpcf7-validates-as-email\" aria-required=\"true\" aria-invalid=\"false\" placeholder=\"e-mail*\" value=\"\" type=\"email\" name=\"your-email\" \/><\/span> <\/label>\n\t\t\t\t\t\t\t<\/p>\n\t\t\t\t\t\t\t<p class=\"s-f desc\">the offer will be sent by e-mail\n\t\t\t\t\t\t\t<\/p>\n\t\t\t\t\t\t<\/div>\n\t\t\t\t\t\t<div class=\"col-sm-6 padding-left-0\">\n\t\t\t\t\t\t\t<p><label> Phone no.<br \/>\n<span class=\"wpcf7-form-control-wrap\" data-name=\"telefon\"><input size=\"40\" maxlength=\"400\" class=\"wpcf7-form-control wpcf7-text\" aria-invalid=\"false\" placeholder=\"phone\" value=\"\" type=\"text\" name=\"telefon\" \/><\/span> <\/label>\n\t\t\t\t\t\t\t<\/p>\n\t\t\t\t\t\t\t<p class=\"s-f desc\">it will facilitate contact in case of additional questions\n\t\t\t\t\t\t\t<\/p>\n\t\t\t\t\t\t<\/div>\n\t\t\t\t\t\t<div class=\"col-sm-12\">\n\t\t\t\t\t\t\t<h5>cable data\n\t\t\t\t\t\t\t<\/h5>\n\t\t\t\t\t\t<\/div>\n\t\t\t\t\t\t<div class=\"col-sm-6\">\n\t\t\t\t\t\t\t<p><label> Cable type<br \/>\n<span class=\"wpcf7-form-control-wrap\" data-name=\"typ-kabla\"><input size=\"40\" maxlength=\"400\" class=\"wpcf7-form-control wpcf7-text\" aria-invalid=\"false\" placeholder=\"cable type\" value=\"\" type=\"text\" name=\"typ-kabla\" \/><\/span> <\/label>\n\t\t\t\t\t\t\t<\/p>\n\t\t\t\t\t\t\t<p class=\"s-f desc\">Cable type - example: XnUHAKXS\n\t\t\t\t\t\t\t<\/p>\n\t\t\t\t\t\t<\/div>\n\t\t\t\t\t\t<div class=\"col-sm-3 w122\">\n\t\t\t\t\t\t\t<p><label class=\"w122\"> Wire size<br \/>\n<span class=\"wpcf7-form-control-wrap\" data-name=\"przekroj\"><input size=\"40\" maxlength=\"400\" class=\"wpcf7-form-control wpcf7-text\" aria-invalid=\"false\" value=\"\" type=\"text\" name=\"przekroj\" \/><\/span> <\/label>\n\t\t\t\t\t\t\t<\/p>\n\t\t\t\t\t\t<\/div>\n\t\t\t\t\t\t<div class=\"col-sm-3 w122\">\n\t\t\t\t\t\t\t<p><label class=\"w122\"> Voltage<br \/>\n<span class=\"wpcf7-form-control-wrap\" data-name=\"napiecie\"><input size=\"40\" maxlength=\"400\" class=\"wpcf7-form-control wpcf7-text\" aria-invalid=\"false\" value=\"\" type=\"text\" name=\"napiecie\" \/><\/span> <\/label>\n\t\t\t\t\t\t\t<\/p>\n\t\t\t\t\t\t<\/div>\n\t\t\t\t\t\t<div class=\"col-sm-12\">\n\t\t\t\t\t\t\t<p><label> Other details<br \/>\n<span class=\"wpcf7-form-control-wrap\" data-name=\"your-message\"><textarea cols=\"40\" rows=\"10\" maxlength=\"2000\" class=\"wpcf7-form-control wpcf7-textarea\" aria-invalid=\"false\" placeholder=\"other details\" name=\"your-message\"><\/textarea><\/span> <\/label><br \/>\n<button id=\"btn-sub\" type=\"submit\" value=\"Submit your request\" class=\"wpcf7-form-control wpcf7-submit\">Submit your request<span><\/span><\/button>\n\t\t\t\t\t\t\t<\/p>\n\t\t\t\t\t\t\t<p><span class=\"wpcf7-form-control-wrap\" data-name=\"acceptance-606\"><span class=\"wpcf7-form-control wpcf7-acceptance\"><span class=\"wpcf7-list-item\"><label><input type=\"checkbox\" name=\"acceptance-606\" value=\"1\" aria-invalid=\"false\" \/><span class=\"wpcf7-list-item-label\">* I hereby consent to have the submitted information processed for my quotation<\/span><\/label><\/span><\/span><\/span>\n\t\t\t\t\t\t\t<\/p>\n\t\t\t\t\t\t<\/div>\n\t\t\t\t\t<\/div>\n\t\t\t\t<\/div>\n\t\t\t<\/div>\n\t\t<\/div>\n\t<\/div>\n<\/div><div class=\"wpcf7-response-output\" aria-hidden=\"true\"><\/div>\n<\/form>\n<\/div>\n\n","protected":false},"excerpt":{"rendered":"<p>contact details m volvetia@volvetia.com t +48 791 790 200 t +48 884 003 004 volvetia sp. z o.oul. Prochowa 6\/1831-532 Krak\u00f3w Poland KRS 0000613972,REGON 364260087,NIP 5272767310<\/p>\n","protected":false},"author":1,"featured_media":0,"parent":0,"menu_order":0,"comment_status":"closed","ping_status":"closed","template":"page-full-header-big.php","meta":{"_acf_changed":false,"inline_featured_image":false,"footnotes":""},"class_list":["post-1754","page","type-page","status-publish","hentry"],"acf":[],"yoast_head":"<!-- This site is optimized with the Yoast SEO plugin v24.8.1 - https:\/\/yoast.com\/wordpress\/plugins\/seo\/ -->\n<title>Contact - Volvetia<\/title>\n<meta name=\"robots\" content=\"index, follow, max-snippet:-1, max-image-preview:large, max-video-preview:-1\" \/>\n<link rel=\"canonical\" href=\"https:\/\/www.volvetia.com\/en\/contact\/\" \/>\n<meta property=\"og:locale\" content=\"en_US\" \/>\n<meta property=\"og:type\" content=\"article\" \/>\n<meta property=\"og:title\" content=\"Contact - Volvetia\" \/>\n<meta property=\"og:description\" content=\"contact details m volvetia@volvetia.com t +48 791 790 200 t +48 884 003 004 volvetia sp. z o.oul. Prochowa 6\/1831-532 Krak\u00f3w Poland KRS 0000613972,REGON 364260087,NIP 5272767310\" \/>\n<meta property=\"og:url\" content=\"https:\/\/www.volvetia.com\/en\/contact\/\" \/>\n<meta property=\"og:site_name\" content=\"Volvetia\" \/>\n<meta property=\"article:modified_time\" content=\"2025-12-05T13:08:51+00:00\" \/>\n<meta name=\"twitter:card\" content=\"summary_large_image\" \/>\n<meta name=\"twitter:label1\" content=\"Est. reading time\" \/>\n\t<meta name=\"twitter:data1\" content=\"1 minute\" \/>\n<script type=\"application\/ld+json\" class=\"yoast-schema-graph\">{\"@context\":\"https:\/\/schema.org\",\"@graph\":[{\"@type\":\"WebPage\",\"@id\":\"https:\/\/www.volvetia.com\/en\/contact\/\",\"url\":\"https:\/\/www.volvetia.com\/en\/contact\/\",\"name\":\"Contact - Volvetia\",\"isPartOf\":{\"@id\":\"https:\/\/www.volvetia.com\/#website\"},\"primaryImageOfPage\":{\"@id\":\"https:\/\/www.volvetia.com\/en\/contact\/#primaryimage\"},\"image\":{\"@id\":\"https:\/\/www.volvetia.com\/en\/contact\/#primaryimage\"},\"thumbnailUrl\":\"https:\/\/www.volvetia.com\/wp-content\/uploads\/2021\/02\/arrow-left.svg\",\"datePublished\":\"2021-02-22T07:35:58+00:00\",\"dateModified\":\"2025-12-05T13:08:51+00:00\",\"breadcrumb\":{\"@id\":\"https:\/\/www.volvetia.com\/en\/contact\/#breadcrumb\"},\"inLanguage\":\"en-US\",\"potentialAction\":[{\"@type\":\"ReadAction\",\"target\":[\"https:\/\/www.volvetia.com\/en\/contact\/\"]}]},{\"@type\":\"ImageObject\",\"inLanguage\":\"en-US\",\"@id\":\"https:\/\/www.volvetia.com\/en\/contact\/#primaryimage\",\"url\":\"https:\/\/www.volvetia.com\/wp-content\/uploads\/2021\/02\/arrow-left.svg\",\"contentUrl\":\"https:\/\/www.volvetia.com\/wp-content\/uploads\/2021\/02\/arrow-left.svg\"},{\"@type\":\"BreadcrumbList\",\"@id\":\"https:\/\/www.volvetia.com\/en\/contact\/#breadcrumb\",\"itemListElement\":[{\"@type\":\"ListItem\",\"position\":1,\"name\":\"Strona g\u0142\u00f3wna\",\"item\":\"https:\/\/www.volvetia.com\/en\/\"},{\"@type\":\"ListItem\",\"position\":2,\"name\":\"Contact\"}]},{\"@type\":\"WebSite\",\"@id\":\"https:\/\/www.volvetia.com\/#website\",\"url\":\"https:\/\/www.volvetia.com\/\",\"name\":\"Volvetia\",\"description\":\"Kable \u015brednich napi\u0119\u0107\",\"potentialAction\":[{\"@type\":\"SearchAction\",\"target\":{\"@type\":\"EntryPoint\",\"urlTemplate\":\"https:\/\/www.volvetia.com\/?s={search_term_string}\"},\"query-input\":{\"@type\":\"PropertyValueSpecification\",\"valueRequired\":true,\"valueName\":\"search_term_string\"}}],\"inLanguage\":\"en-US\"}]}<\/script>\n<!-- \/ Yoast SEO plugin. -->","yoast_head_json":{"title":"Contact - Volvetia","robots":{"index":"index","follow":"follow","max-snippet":"max-snippet:-1","max-image-preview":"max-image-preview:large","max-video-preview":"max-video-preview:-1"},"canonical":"https:\/\/www.volvetia.com\/en\/contact\/","og_locale":"en_US","og_type":"article","og_title":"Contact - Volvetia","og_description":"contact details m volvetia@volvetia.com t +48 791 790 200 t +48 884 003 004 volvetia sp. z o.oul. Prochowa 6\/1831-532 Krak\u00f3w Poland KRS 0000613972,REGON 364260087,NIP 5272767310","og_url":"https:\/\/www.volvetia.com\/en\/contact\/","og_site_name":"Volvetia","article_modified_time":"2025-12-05T13:08:51+00:00","twitter_card":"summary_large_image","twitter_misc":{"Est. reading time":"1 minute"},"schema":{"@context":"https:\/\/schema.org","@graph":[{"@type":"WebPage","@id":"https:\/\/www.volvetia.com\/en\/contact\/","url":"https:\/\/www.volvetia.com\/en\/contact\/","name":"Contact - Volvetia","isPartOf":{"@id":"https:\/\/www.volvetia.com\/#website"},"primaryImageOfPage":{"@id":"https:\/\/www.volvetia.com\/en\/contact\/#primaryimage"},"image":{"@id":"https:\/\/www.volvetia.com\/en\/contact\/#primaryimage"},"thumbnailUrl":"https:\/\/www.volvetia.com\/wp-content\/uploads\/2021\/02\/arrow-left.svg","datePublished":"2021-02-22T07:35:58+00:00","dateModified":"2025-12-05T13:08:51+00:00","breadcrumb":{"@id":"https:\/\/www.volvetia.com\/en\/contact\/#breadcrumb"},"inLanguage":"en-US","potentialAction":[{"@type":"ReadAction","target":["https:\/\/www.volvetia.com\/en\/contact\/"]}]},{"@type":"ImageObject","inLanguage":"en-US","@id":"https:\/\/www.volvetia.com\/en\/contact\/#primaryimage","url":"https:\/\/www.volvetia.com\/wp-content\/uploads\/2021\/02\/arrow-left.svg","contentUrl":"https:\/\/www.volvetia.com\/wp-content\/uploads\/2021\/02\/arrow-left.svg"},{"@type":"BreadcrumbList","@id":"https:\/\/www.volvetia.com\/en\/contact\/#breadcrumb","itemListElement":[{"@type":"ListItem","position":1,"name":"Strona g\u0142\u00f3wna","item":"https:\/\/www.volvetia.com\/en\/"},{"@type":"ListItem","position":2,"name":"Contact"}]},{"@type":"WebSite","@id":"https:\/\/www.volvetia.com\/#website","url":"https:\/\/www.volvetia.com\/","name":"Volvetia","description":"Kable \u015brednich napi\u0119\u0107","potentialAction":[{"@type":"SearchAction","target":{"@type":"EntryPoint","urlTemplate":"https:\/\/www.volvetia.com\/?s={search_term_string}"},"query-input":{"@type":"PropertyValueSpecification","valueRequired":true,"valueName":"search_term_string"}}],"inLanguage":"en-US"}]}},"_links":{"self":[{"href":"https:\/\/www.volvetia.com\/en\/wp-json\/wp\/v2\/pages\/1754","targetHints":{"allow":["GET"]}}],"collection":[{"href":"https:\/\/www.volvetia.com\/en\/wp-json\/wp\/v2\/pages"}],"about":[{"href":"https:\/\/www.volvetia.com\/en\/wp-json\/wp\/v2\/types\/page"}],"author":[{"embeddable":true,"href":"https:\/\/www.volvetia.com\/en\/wp-json\/wp\/v2\/users\/1"}],"replies":[{"embeddable":true,"href":"https:\/\/www.volvetia.com\/en\/wp-json\/wp\/v2\/comments?post=1754"}],"version-history":[{"count":18,"href":"https:\/\/www.volvetia.com\/en\/wp-json\/wp\/v2\/pages\/1754\/revisions"}],"predecessor-version":[{"id":3058,"href":"https:\/\/www.volvetia.com\/en\/wp-json\/wp\/v2\/pages\/1754\/revisions\/3058"}],"wp:attachment":[{"href":"https:\/\/www.volvetia.com\/en\/wp-json\/wp\/v2\/media?parent=1754"}],"curies":[{"name":"wp","href":"https:\/\/api.w.org\/{rel}","templated":true}]}}