{"id":1755,"date":"2021-03-03T10:06:46","date_gmt":"2021-03-03T09:06:46","guid":{"rendered":"https:\/\/www.volvetia.com\/tubular-tub-ax-specification\/"},"modified":"2021-07-22T16:31:11","modified_gmt":"2021-07-22T14:31:11","slug":"tubular-tub-ax-specification","status":"publish","type":"page","link":"https:\/\/www.volvetia.com\/en\/tubular-tub-ax-specification\/","title":{"rendered":"TUBULAR TUB-AX specification"},"content":{"rendered":"\n<div style=\"height:58px\" aria-hidden=\"true\" class=\"wp-block-spacer hidden-xs\"><\/div>\n\n<h2 class=\"container wp-block-heading\">Cable advantages over XRUHAKXS<\/h2>\n\n<div class=\"wp-block-group alignwide\"><div class=\"wp-block-group__inner-container is-layout-flow wp-block-group-is-layout-flow\">\n<div class=\"wp-block-columns alignwide s-padding is-layout-flex wp-container-core-columns-is-layout-9d6595d7 wp-block-columns-is-layout-flex\">\n<div class=\"wp-block-column xs-col-2 is-layout-flow wp-block-column-is-layout-flow\">\n<div class=\"wp-block-group col-block-s\"><div class=\"wp-block-group__inner-container is-layout-flow wp-block-group-is-layout-flow\">\n<div class=\"wp-block-image\"><figure class=\"aligncenter size-large\"><img loading=\"lazy\" decoding=\"async\" width=\"225\" height=\"225\" src=\"http:\/\/volvetia.com\/wp-content\/uploads\/2021\/03\/nizsza-waga.png\" alt=\"\" class=\"wp-image-758\" srcset=\"https:\/\/www.volvetia.com\/wp-content\/uploads\/2021\/03\/nizsza-waga.png 225w, https:\/\/www.volvetia.com\/wp-content\/uploads\/2021\/03\/nizsza-waga-150x150.png 150w\" sizes=\"auto, (max-width: 225px) 100vw, 225px\" \/><\/figure><\/div>\n\n\n\n<p class=\"has-text-align-center\">Lower weight<\/p>\n<\/div><\/div>\n\n\n\n<div class=\"wp-block-group col-block-s\"><div class=\"wp-block-group__inner-container is-layout-flow wp-block-group-is-layout-flow\">\n<div class=\"wp-block-image\"><figure class=\"aligncenter size-large\"><img loading=\"lazy\" decoding=\"async\" width=\"225\" height=\"224\" src=\"http:\/\/volvetia.com\/wp-content\/uploads\/2021\/03\/lepsze-chlodzenie.png\" alt=\"\" class=\"wp-image-764\" srcset=\"https:\/\/www.volvetia.com\/wp-content\/uploads\/2021\/03\/lepsze-chlodzenie.png 225w, https:\/\/www.volvetia.com\/wp-content\/uploads\/2021\/03\/lepsze-chlodzenie-150x150.png 150w\" sizes=\"auto, (max-width: 225px) 100vw, 225px\" \/><\/figure><\/div>\n\n\n\n<p class=\"has-text-align-center\">better cooling<\/p>\n<\/div><\/div>\n<\/div>\n\n\n\n<div class=\"wp-block-column xs-col-2 is-layout-flow wp-block-column-is-layout-flow\">\n<div class=\"wp-block-group col-block-s\"><div class=\"wp-block-group__inner-container is-layout-flow wp-block-group-is-layout-flow\">\n<div class=\"wp-block-image\"><figure class=\"aligncenter size-large\"><img loading=\"lazy\" decoding=\"async\" width=\"226\" height=\"226\" src=\"http:\/\/volvetia.com\/wp-content\/uploads\/2021\/03\/mniejszy-promien.png\" alt=\"\" class=\"wp-image-760\" srcset=\"https:\/\/www.volvetia.com\/wp-content\/uploads\/2021\/03\/mniejszy-promien.png 226w, https:\/\/www.volvetia.com\/wp-content\/uploads\/2021\/03\/mniejszy-promien-150x150.png 150w\" sizes=\"auto, (max-width: 226px) 100vw, 226px\" \/><\/figure><\/div>\n\n\n\n<p class=\"has-text-align-center\">Smaller radius<br\/>of bend<\/p>\n<\/div><\/div>\n\n\n\n<div class=\"wp-block-group col-block-s\"><div class=\"wp-block-group__inner-container is-layout-flow wp-block-group-is-layout-flow\">\n<div class=\"wp-block-image\"><figure class=\"aligncenter size-large\"><img loading=\"lazy\" decoding=\"async\" width=\"225\" height=\"224\" src=\"http:\/\/volvetia.com\/wp-content\/uploads\/2021\/03\/koszt-zakupu.png\" alt=\"\" class=\"wp-image-766\" srcset=\"https:\/\/www.volvetia.com\/wp-content\/uploads\/2021\/03\/koszt-zakupu.png 225w, https:\/\/www.volvetia.com\/wp-content\/uploads\/2021\/03\/koszt-zakupu-150x150.png 150w\" sizes=\"auto, (max-width: 225px) 100vw, 225px\" \/><\/figure><\/div>\n\n\n\n<p class=\"has-text-align-center\">up to 20% lower<br\/>purchase cost<\/p>\n<\/div><\/div>\n<\/div>\n\n\n\n<div class=\"wp-block-column xs-col-2 is-layout-flow wp-block-column-is-layout-flow\">\n<div class=\"wp-block-group col-block-s\"><div class=\"wp-block-group__inner-container is-layout-flow wp-block-group-is-layout-flow\">\n<div class=\"wp-block-image\"><figure class=\"aligncenter size-large\"><img loading=\"lazy\" decoding=\"async\" width=\"224\" height=\"224\" src=\"http:\/\/volvetia.com\/wp-content\/uploads\/2021\/03\/lepsza-odciazalnosc.png\" alt=\"\" class=\"wp-image-762\" srcset=\"https:\/\/www.volvetia.com\/wp-content\/uploads\/2021\/03\/lepsza-odciazalnosc.png 224w, https:\/\/www.volvetia.com\/wp-content\/uploads\/2021\/03\/lepsza-odciazalnosc-150x150.png 150w\" sizes=\"auto, (max-width: 224px) 100vw, 224px\" \/><\/figure><\/div>\n\n\n\n<p class=\"has-text-align-center\">prolonged current carrying capacity<br\/>of the power conductor<\/p>\n<\/div><\/div>\n\n\n\n<div class=\"wp-block-group col-block-s\"><div class=\"wp-block-group__inner-container is-layout-flow wp-block-group-is-layout-flow\">\n<div class=\"wp-block-image\"><figure class=\"aligncenter size-large\"><img loading=\"lazy\" decoding=\"async\" width=\"225\" height=\"224\" src=\"http:\/\/volvetia.com\/wp-content\/uploads\/2021\/03\/wyzszy-prad-zw.png\" alt=\"\" class=\"wp-image-768\" srcset=\"https:\/\/www.volvetia.com\/wp-content\/uploads\/2021\/03\/wyzszy-prad-zw.png 225w, https:\/\/www.volvetia.com\/wp-content\/uploads\/2021\/03\/wyzszy-prad-zw-150x150.png 150w\" sizes=\"auto, (max-width: 225px) 100vw, 225px\" \/><\/figure><\/div>\n\n\n\n<p class=\"has-text-align-center\">Higher short-circuit current rating<\/p>\n<\/div><\/div>\n<\/div>\n<\/div>\n<\/div><\/div>\n\n<div class=\"wp-block-group alignfull\"><div class=\"wp-block-group__inner-container is-layout-flow wp-block-group-is-layout-flow\">\n<div class=\"wp-block-columns alignfull box4 box6 tubular-cert is-layout-flex wp-container-core-columns-is-layout-9d6595d7 wp-block-columns-is-layout-flex\">\n<div class=\"wp-block-column lewa-padding prawa-padding is-layout-flow wp-block-column-is-layout-flow\">\n<div style=\"height:50px\" aria-hidden=\"true\" class=\"wp-block-spacer\"><\/div>\n\n\n\n<p class=\"title-small\">Our offer<\/p>\n\n\n\n<h2 class=\"wp-block-heading\">Certificates<\/h2>\n\n\n\n<p>dysponujemy odpowiednim certyfikatem<br\/>(Certificate of the Warsaw Institute of Energy for conformity with the Polish standard PN HD 620 S2:2010), \nTest report BBJ-SEP for the TUBULAR\u2122TUB-AX cable<\/p>\n\n\n\n<div style=\"height:100px\" aria-hidden=\"true\" class=\"wp-block-spacer hidden-xs\"><\/div>\n\n\n\n<p>request the certificate<\/p>\n\n\n\n<p class=\"contact-list\"><span>m<\/span><img decoding=\"async\" loading=\"lazy\" class=\"wp-image-189\" style=\"width: 22px;\" src=\"https:\/\/www.volvetia.com\/wp-content\/uploads\/2021\/02\/arrow-left.svg\" alt=\"arrow left\" width=\"22\" height=\"20\"\/><a href=\"mailto:volvetia@volvetia.com\">volvetia@volvetia.com<\/a><\/p>\n\n\n\n<p class=\"contact-list\"><span>t<\/span> <img decoding=\"async\" loading=\"lazy\" class=\"wp-image-189\" style=\"width: 22px;\" src=\"https:\/\/www.volvetia.com\/wp-content\/uploads\/2021\/02\/arrow-left.svg\" alt=\"arrow left\" width=\"22\" height=\"20\"\/><a href=\"tel:+48%20791%20790%20200\">+48 791 790 200<\/a><\/p>\n\n\n\n<p class=\"contact-list\"><span>t<\/span><img decoding=\"async\" loading=\"lazy\" class=\"wp-image-189\" style=\"width: 22px;\" src=\"https:\/\/www.volvetia.com\/wp-content\/uploads\/2021\/02\/arrow-left.svg\" alt=\"arrow left\" width=\"22\" height=\"20\"\/><a href=\"tel:+48%20884%20003%20004\">+48 884 003 004<\/a><\/p>\n<\/div>\n\n\n\n<div class=\"wp-block-column is-layout-flow wp-block-column-is-layout-flow\">\n<div class=\"wp-block-image top50\"><figure class=\"alignright size-full is-resized\"><img loading=\"lazy\" decoding=\"async\" src=\"http:\/\/volvetia.com\/wp-content\/uploads\/2021\/03\/specyfikacja2.png\" alt=\"\" class=\"wp-image-781\" width=\"952\" height=\"859\" srcset=\"https:\/\/www.volvetia.com\/wp-content\/uploads\/2021\/03\/specyfikacja2.png 952w, https:\/\/www.volvetia.com\/wp-content\/uploads\/2021\/03\/specyfikacja2-300x271.png 300w, https:\/\/www.volvetia.com\/wp-content\/uploads\/2021\/03\/specyfikacja2-768x693.png 768w\" sizes=\"auto, (max-width: 952px) 100vw, 952px\" \/><\/figure><\/div>\n\n\n\n<p><\/p>\n<\/div>\n<\/div>\n<\/div><\/div>\n\n<h2 class=\"container wp-block-heading\">completed investments<\/h2>\n\n<div class=\"wp-block-group alignwide\"><div class=\"wp-block-group__inner-container is-layout-flow wp-block-group-is-layout-flow\"><div class=\"top-feature slider-realizacje\">\r\n    <div class=\"container\">\t\r\n        <div id=\"top-feature-slider\" class=\"row\">\r\n\r\n                <div class=\"col-4 c1\">\r\n             <a href=\"#\">\r\n\t\t        <h3>20 MW wind farm <\/h3>\r\n                <p><span class=\"title-small\">Location<\/span><br \/>\n My\u015blino (Poland)<br \/>\n<span class=\"title-small\">Cable length<\/span><br \/>\n 22000m of cables<br \/>\n<span class=\"title-small\">typ kabla<\/span><br \/>\n TUBULAR\u2122TUB-AX<\/p>\n\t    \t<\/a>\r\n       <\/div>\r\n               <div class=\"col-4 c2\">\r\n             <a href=\"#\">\r\n\t\t        <h3>100 MW wind farm <\/h3>\r\n                <p><span class=\"title-small\">Location<\/span><br \/>\n Krzanowice<br \/>\n<span class=\"title-small\">Cable length<\/span><br \/>\n 100.000m of cables<br \/>\n<span class=\"title-small\">typ kabla<\/span><br \/>\n TUBULAR\u2122TUB-AX<\/p>\n\t    \t<\/a>\r\n       <\/div>\r\n               <div class=\"col-4 c3\">\r\n             <a href=\"#\">\r\n\t\t        <h3>36 MW wind farm <\/h3>\r\n                <p><span class=\"title-small\">Location<\/span><br \/>\n Giza\u0142ki<br \/>\n<span class=\"title-small\">Cable length<\/span><br \/>\n 70.000m of cables<br \/>\n<span class=\"title-small\">typ kabla<\/span><br \/>\n TUBULAR\u2122TUB-AX<\/p>\n\t    \t<\/a>\r\n       <\/div>\r\n               <div class=\"col-4 c4\">\r\n             <a href=\"#\">\r\n\t\t        <h3>10 MW wind farm<\/h3>\r\n                <p><span class=\"title-small\">Location<\/span><br \/>\n Szerzawy<br \/>\n<span class=\"title-small\">Cable length<\/span><br \/>\n 30.000m of cables<br \/>\n<span class=\"title-small\">cable type<\/span><br \/>\n TUBULAR\u2122TUB-AX<\/p>\n\t    \t<\/a>\r\n       <\/div>\r\n               <div class=\"col-4 c5\">\r\n             <a href=\"#\">\r\n\t\t        <h3>8 MW wind farm<\/h3>\r\n                <p><span class=\"title-small\">Location<\/span><br \/>\n Budziech\u00f3w<br \/>\n<span class=\"title-small\">Cable length<\/span><br \/>\n 20.000m of cables<br \/>\n<span class=\"title-small\">cable type<\/span><br \/>\n TUBULAR\u2122TUB-AX<\/p>\n\t    \t<\/a>\r\n       <\/div>\r\n               <div class=\"col-4 c6\">\r\n             <a href=\"#\">\r\n\t\t        <h3>8 MW wind farm <\/h3>\r\n                <p><span class=\"title-small\">Location<\/span><br \/>\n Bia\u0142a G\u00f3ra<br \/>\n<span class=\"title-small\">Cable length<\/span><br \/>\n 45.000m of cables<br \/>\n<span class=\"title-small\">typ kabla<\/span><br \/>\n TUBULAR\u2122TUB-AX<\/p>\n\t    \t<\/a>\r\n       <\/div>\r\n           \r\n\r\n<\/div>\r\n<\/div>\r\n<\/div>\r\n<style type=\"text\/css\">\r\n\t\r\n        .top-feature .col-4.c1::after {\r\n            background-image: url(https:\/\/www.volvetia.com\/wp-content\/uploads\/2021\/02\/bg1.jpg);           \r\n        }        \r\n\t\r\n        .top-feature .col-4.c2::after {\r\n            background-image: url(https:\/\/www.volvetia.com\/wp-content\/uploads\/2021\/06\/tlo_5_realizacje.jpg);           \r\n        }        \r\n\t\r\n        .top-feature .col-4.c3::after {\r\n            background-image: url(https:\/\/www.volvetia.com\/wp-content\/uploads\/2021\/06\/tlo_4_realizacje.jpg);           \r\n        }        \r\n\t\r\n        .top-feature .col-4.c4::after {\r\n            background-image: url(https:\/\/www.volvetia.com\/wp-content\/uploads\/2021\/06\/tlo_1_realizacje.jpg);           \r\n        }        \r\n\t\r\n        .top-feature .col-4.c5::after {\r\n            background-image: url(https:\/\/www.volvetia.com\/wp-content\/uploads\/2021\/06\/tlo_2_realizacje.jpg);           \r\n        }        \r\n\t\r\n        .top-feature .col-4.c6::after {\r\n            background-image: url(https:\/\/www.volvetia.com\/wp-content\/uploads\/2021\/06\/tlo_9_realizacje.jpg.png);           \r\n        }        \r\n<\/style><\/div><\/div>\n\n<div class=\"wp-block-group alignwide box2 box box-dark box7 box-specyfikacja\"><div class=\"wp-block-group__inner-container is-layout-flow wp-block-group-is-layout-flow\">\n<div class=\"wp-block-columns alignfull are-vertically-aligned-center container is-layout-flex wp-container-core-columns-is-layout-9d6595d7 wp-block-columns-is-layout-flex\">\n<div class=\"wp-block-column is-vertically-aligned-center is-layout-flow wp-block-column-is-layout-flow\" style=\"flex-basis:45%\">\n<p class=\"title-small\">Our offer<\/p>\n\n\n\n<h3 class=\"wp-block-heading\">Cable fittings<br\/>TUBULAR<\/h3>\n\n\n\n<p>The fittings recommended for the SICAME&#8217;s TUBULAR\u2122TUB-AX cables, both joints and heads (indoor and outdoor), for all conditions, used in all industries<\/p>\n\n\n\n<p><a class=\"btn-b\" href=\"https:\/\/www.volvetia.com\/en\/fittings-for-tubular-tub-ax\/\">see fittings<span><\/span><\/a><\/p>\n<\/div>\n\n\n\n<div class=\"wp-block-column is-vertically-aligned-center is-layout-flow wp-block-column-is-layout-flow\" style=\"flex-basis:66.66%\">\n<figure class=\"wp-block-image size-large\"><img loading=\"lazy\" decoding=\"async\" width=\"947\" height=\"596\" src=\"http:\/\/volvetia.com\/wp-content\/uploads\/2021\/03\/osprzet-znacznik2.png\" alt=\"\" class=\"wp-image-827\" srcset=\"https:\/\/www.volvetia.com\/wp-content\/uploads\/2021\/03\/osprzet-znacznik2.png 947w, https:\/\/www.volvetia.com\/wp-content\/uploads\/2021\/03\/osprzet-znacznik2-300x189.png 300w, https:\/\/www.volvetia.com\/wp-content\/uploads\/2021\/03\/osprzet-znacznik2-768x483.png 768w\" sizes=\"auto, (max-width: 947px) 100vw, 947px\" \/><\/figure>\n<\/div>\n<\/div>\n<\/div><\/div>\n","protected":false},"excerpt":{"rendered":"<p>Cable advantages over XRUHAKXS Lower weight better cooling Smaller radiusof bend up to 20% lowerpurchase cost prolonged current carrying capacityof the power conductor Higher short-circuit current rating Our offer Certificates dysponujemy odpowiednim certyfikatem(Certificate of the Warsaw Institute of Energy for conformity with the Polish standard PN HD 620 S2:2010), Test report BBJ-SEP for the TUBULAR\u2122TUB-AX [&hellip;]<\/p>\n","protected":false},"author":1,"featured_media":1776,"parent":0,"menu_order":0,"comment_status":"closed","ping_status":"closed","template":"page-full-header-big-specyfikacja.php","meta":{"_acf_changed":false,"inline_featured_image":false,"footnotes":""},"class_list":["post-1755","page","type-page","status-publish","has-post-thumbnail","hentry"],"acf":[],"yoast_head":"<!-- This site is optimized with the Yoast SEO plugin v24.8.1 - https:\/\/yoast.com\/wordpress\/plugins\/seo\/ -->\n<title>TUBULAR TUB-AX specification - Volvetia<\/title>\n<meta name=\"description\" content=\"Medium voltage cable Tubular TUB-AX. Better equivalent of the XRUHAKXS cable cost reduction by 15\u201320%. Innovative patented cable.\" \/>\n<meta name=\"robots\" content=\"index, follow, max-snippet:-1, max-image-preview:large, max-video-preview:-1\" \/>\n<link rel=\"canonical\" href=\"https:\/\/www.volvetia.com\/specyfikacja-tubular-tub-ax\/\" \/>\n<meta property=\"og:locale\" content=\"en_US\" \/>\n<meta property=\"og:type\" content=\"article\" \/>\n<meta property=\"og:title\" content=\"TUBULAR TUB-AX specification - Volvetia\" \/>\n<meta property=\"og:description\" content=\"Medium voltage cable Tubular TUB-AX. Better equivalent of the XRUHAKXS cable cost reduction by 15\u201320%. Innovative patented cable.\" \/>\n<meta property=\"og:url\" content=\"https:\/\/www.volvetia.com\/specyfikacja-tubular-tub-ax\/\" \/>\n<meta property=\"og:site_name\" content=\"Volvetia\" \/>\n<meta property=\"article:modified_time\" content=\"2021-07-22T14:31:11+00:00\" \/>\n<meta property=\"og:image\" content=\"https:\/\/www.volvetia.com\/wp-content\/uploads\/2021\/04\/Kable-398X221-MINI_0004_9_volvetia.jpg\" \/>\n\t<meta property=\"og:image:width\" content=\"398\" \/>\n\t<meta property=\"og:image:height\" content=\"221\" \/>\n\t<meta property=\"og:image:type\" content=\"image\/jpeg\" \/>\n<meta name=\"twitter:card\" content=\"summary_large_image\" \/>\n<script type=\"application\/ld+json\" class=\"yoast-schema-graph\">{\"@context\":\"https:\/\/schema.org\",\"@graph\":[{\"@type\":\"WebPage\",\"@id\":\"https:\/\/www.volvetia.com\/specyfikacja-tubular-tub-ax\/\",\"url\":\"https:\/\/www.volvetia.com\/specyfikacja-tubular-tub-ax\/\",\"name\":\"TUBULAR TUB-AX specification - Volvetia\",\"isPartOf\":{\"@id\":\"https:\/\/www.volvetia.com\/#website\"},\"primaryImageOfPage\":{\"@id\":\"https:\/\/www.volvetia.com\/specyfikacja-tubular-tub-ax\/#primaryimage\"},\"image\":{\"@id\":\"https:\/\/www.volvetia.com\/specyfikacja-tubular-tub-ax\/#primaryimage\"},\"thumbnailUrl\":\"https:\/\/www.volvetia.com\/wp-content\/uploads\/2021\/04\/Kable-398X221-MINI_0004_9_volvetia.jpg\",\"datePublished\":\"2021-03-03T09:06:46+00:00\",\"dateModified\":\"2021-07-22T14:31:11+00:00\",\"description\":\"Medium voltage cable Tubular TUB-AX. Better equivalent of the XRUHAKXS cable cost reduction by 15\u201320%. Innovative patented cable.\",\"breadcrumb\":{\"@id\":\"https:\/\/www.volvetia.com\/specyfikacja-tubular-tub-ax\/#breadcrumb\"},\"inLanguage\":\"en-US\",\"potentialAction\":[{\"@type\":\"ReadAction\",\"target\":[\"https:\/\/www.volvetia.com\/specyfikacja-tubular-tub-ax\/\"]}]},{\"@type\":\"ImageObject\",\"inLanguage\":\"en-US\",\"@id\":\"https:\/\/www.volvetia.com\/specyfikacja-tubular-tub-ax\/#primaryimage\",\"url\":\"https:\/\/www.volvetia.com\/wp-content\/uploads\/2021\/04\/Kable-398X221-MINI_0004_9_volvetia.jpg\",\"contentUrl\":\"https:\/\/www.volvetia.com\/wp-content\/uploads\/2021\/04\/Kable-398X221-MINI_0004_9_volvetia.jpg\",\"width\":398,\"height\":221,\"caption\":\"kabel \u015bredniego napi\u0119cia Tubular\"},{\"@type\":\"BreadcrumbList\",\"@id\":\"https:\/\/www.volvetia.com\/specyfikacja-tubular-tub-ax\/#breadcrumb\",\"itemListElement\":[{\"@type\":\"ListItem\",\"position\":1,\"name\":\"Strona g\u0142\u00f3wna\",\"item\":\"https:\/\/www.volvetia.com\/en\/\"},{\"@type\":\"ListItem\",\"position\":2,\"name\":\"TUBULAR TUB-AX specification\"}]},{\"@type\":\"WebSite\",\"@id\":\"https:\/\/www.volvetia.com\/#website\",\"url\":\"https:\/\/www.volvetia.com\/\",\"name\":\"Volvetia\",\"description\":\"Kable \u015brednich napi\u0119\u0107\",\"potentialAction\":[{\"@type\":\"SearchAction\",\"target\":{\"@type\":\"EntryPoint\",\"urlTemplate\":\"https:\/\/www.volvetia.com\/?s={search_term_string}\"},\"query-input\":{\"@type\":\"PropertyValueSpecification\",\"valueRequired\":true,\"valueName\":\"search_term_string\"}}],\"inLanguage\":\"en-US\"}]}<\/script>\n<!-- \/ Yoast SEO plugin. -->","yoast_head_json":{"title":"TUBULAR TUB-AX specification - Volvetia","description":"Medium voltage cable Tubular TUB-AX. Better equivalent of the XRUHAKXS cable cost reduction by 15\u201320%. Innovative patented cable.","robots":{"index":"index","follow":"follow","max-snippet":"max-snippet:-1","max-image-preview":"max-image-preview:large","max-video-preview":"max-video-preview:-1"},"canonical":"https:\/\/www.volvetia.com\/specyfikacja-tubular-tub-ax\/","og_locale":"en_US","og_type":"article","og_title":"TUBULAR TUB-AX specification - Volvetia","og_description":"Medium voltage cable Tubular TUB-AX. Better equivalent of the XRUHAKXS cable cost reduction by 15\u201320%. Innovative patented cable.","og_url":"https:\/\/www.volvetia.com\/specyfikacja-tubular-tub-ax\/","og_site_name":"Volvetia","article_modified_time":"2021-07-22T14:31:11+00:00","og_image":[{"width":398,"height":221,"url":"https:\/\/www.volvetia.com\/wp-content\/uploads\/2021\/04\/Kable-398X221-MINI_0004_9_volvetia.jpg","type":"image\/jpeg"}],"twitter_card":"summary_large_image","schema":{"@context":"https:\/\/schema.org","@graph":[{"@type":"WebPage","@id":"https:\/\/www.volvetia.com\/specyfikacja-tubular-tub-ax\/","url":"https:\/\/www.volvetia.com\/specyfikacja-tubular-tub-ax\/","name":"TUBULAR TUB-AX specification - Volvetia","isPartOf":{"@id":"https:\/\/www.volvetia.com\/#website"},"primaryImageOfPage":{"@id":"https:\/\/www.volvetia.com\/specyfikacja-tubular-tub-ax\/#primaryimage"},"image":{"@id":"https:\/\/www.volvetia.com\/specyfikacja-tubular-tub-ax\/#primaryimage"},"thumbnailUrl":"https:\/\/www.volvetia.com\/wp-content\/uploads\/2021\/04\/Kable-398X221-MINI_0004_9_volvetia.jpg","datePublished":"2021-03-03T09:06:46+00:00","dateModified":"2021-07-22T14:31:11+00:00","description":"Medium voltage cable Tubular TUB-AX. Better equivalent of the XRUHAKXS cable cost reduction by 15\u201320%. Innovative patented cable.","breadcrumb":{"@id":"https:\/\/www.volvetia.com\/specyfikacja-tubular-tub-ax\/#breadcrumb"},"inLanguage":"en-US","potentialAction":[{"@type":"ReadAction","target":["https:\/\/www.volvetia.com\/specyfikacja-tubular-tub-ax\/"]}]},{"@type":"ImageObject","inLanguage":"en-US","@id":"https:\/\/www.volvetia.com\/specyfikacja-tubular-tub-ax\/#primaryimage","url":"https:\/\/www.volvetia.com\/wp-content\/uploads\/2021\/04\/Kable-398X221-MINI_0004_9_volvetia.jpg","contentUrl":"https:\/\/www.volvetia.com\/wp-content\/uploads\/2021\/04\/Kable-398X221-MINI_0004_9_volvetia.jpg","width":398,"height":221,"caption":"kabel \u015bredniego napi\u0119cia Tubular"},{"@type":"BreadcrumbList","@id":"https:\/\/www.volvetia.com\/specyfikacja-tubular-tub-ax\/#breadcrumb","itemListElement":[{"@type":"ListItem","position":1,"name":"Strona g\u0142\u00f3wna","item":"https:\/\/www.volvetia.com\/en\/"},{"@type":"ListItem","position":2,"name":"TUBULAR TUB-AX specification"}]},{"@type":"WebSite","@id":"https:\/\/www.volvetia.com\/#website","url":"https:\/\/www.volvetia.com\/","name":"Volvetia","description":"Kable \u015brednich napi\u0119\u0107","potentialAction":[{"@type":"SearchAction","target":{"@type":"EntryPoint","urlTemplate":"https:\/\/www.volvetia.com\/?s={search_term_string}"},"query-input":{"@type":"PropertyValueSpecification","valueRequired":true,"valueName":"search_term_string"}}],"inLanguage":"en-US"}]}},"_links":{"self":[{"href":"https:\/\/www.volvetia.com\/en\/wp-json\/wp\/v2\/pages\/1755","targetHints":{"allow":["GET"]}}],"collection":[{"href":"https:\/\/www.volvetia.com\/en\/wp-json\/wp\/v2\/pages"}],"about":[{"href":"https:\/\/www.volvetia.com\/en\/wp-json\/wp\/v2\/types\/page"}],"author":[{"embeddable":true,"href":"https:\/\/www.volvetia.com\/en\/wp-json\/wp\/v2\/users\/1"}],"replies":[{"embeddable":true,"href":"https:\/\/www.volvetia.com\/en\/wp-json\/wp\/v2\/comments?post=1755"}],"version-history":[{"count":3,"href":"https:\/\/www.volvetia.com\/en\/wp-json\/wp\/v2\/pages\/1755\/revisions"}],"predecessor-version":[{"id":2243,"href":"https:\/\/www.volvetia.com\/en\/wp-json\/wp\/v2\/pages\/1755\/revisions\/2243"}],"wp:featuredmedia":[{"embeddable":true,"href":"https:\/\/www.volvetia.com\/en\/wp-json\/wp\/v2\/media\/1776"}],"wp:attachment":[{"href":"https:\/\/www.volvetia.com\/en\/wp-json\/wp\/v2\/media?parent=1755"}],"curies":[{"name":"wp","href":"https:\/\/api.w.org\/{rel}","templated":true}]}}