{"id":1791,"date":"2021-02-25T09:34:20","date_gmt":"2021-02-25T08:34:20","guid":{"rendered":"https:\/\/www.volvetia.com\/implementations\/"},"modified":"2021-07-22T10:12:34","modified_gmt":"2021-07-22T08:12:34","slug":"implementations","status":"publish","type":"page","link":"https:\/\/www.volvetia.com\/en\/implementations\/","title":{"rendered":"Implementations"},"content":{"rendered":"\n<div class=\"wp-block-columns container is-layout-flex wp-container-core-columns-is-layout-9d6595d7 wp-block-columns-is-layout-flex\">\n<div class=\"wp-block-column is-layout-flow wp-block-column-is-layout-flow\">\n<p class=\"title-small\">Us in numbers<\/p>\n\n\n\n<h1 class=\"h2 wp-block-heading\">Implementations<\/h1>\n\n\n\n<p>We have supplied innovative solutions for electric power transmission to numerous investments across Poland.<\/p>\n<\/div>\n\n\n\n<div class=\"wp-block-column is-layout-flow wp-block-column-is-layout-flow\"><\/div>\n\n\n\n<div class=\"wp-block-column is-layout-flow wp-block-column-is-layout-flow\"><\/div>\n<\/div>\n\n<div class=\"wp-block-columns container is-layout-flex wp-container-core-columns-is-layout-9d6595d7 wp-block-columns-is-layout-flex\">\n<div class=\"wp-block-column is-layout-flow wp-block-column-is-layout-flow\">\n<p class=\"obrys\">6.5 million km<\/p>\n\n\n\n<h3 class=\"wp-block-heading\">supplying cables<\/h3>\n<\/div>\n\n\n\n<div class=\"wp-block-column container is-layout-flow wp-block-column-is-layout-flow\">\n<p class=\"obrys\">450<\/p>\n\n\n\n<h3 class=\"wp-block-heading\">of completed investments<\/h3>\n<\/div>\n\n\n\n<div class=\"wp-block-column is-layout-flow wp-block-column-is-layout-flow\">\n<p class=\"obrys\">1000<\/p>\n\n\n\n<h3 class=\"wp-block-heading\">cable types in our offer<\/h3>\n<\/div>\n<\/div>\n\n<div class=\"wp-block-columns container is-layout-flex wp-container-core-columns-is-layout-9d6595d7 wp-block-columns-is-layout-flex\">\n<div class=\"wp-block-column is-layout-flow wp-block-column-is-layout-flow\">\n<p class=\"obrys\">25 YEARS<\/p>\n\n\n\n<h3 class=\"wp-block-heading\">on the market<\/h3>\n<\/div>\n\n\n\n<div class=\"wp-block-column is-layout-flow wp-block-column-is-layout-flow\">\n<p class=\"obrys\">4<\/p>\n\n\n\n<h3 class=\"wp-block-heading\">patents<\/h3>\n\n\n\n<p><\/p>\n<\/div>\n\n\n\n<div class=\"wp-block-column is-layout-flow wp-block-column-is-layout-flow\">\n<p class=\"obrys\">1000<\/p>\n\n\n\n<h3 class=\"wp-block-heading\">over 1000 options of MV cable types<\/h3>\n<\/div>\n<\/div>\n\n<div style=\"height:100px\" aria-hidden=\"true\" class=\"wp-block-spacer\"><\/div>\n\n<div class=\"wp-block-columns container is-layout-flex wp-container-core-columns-is-layout-9d6595d7 wp-block-columns-is-layout-flex\">\n<div class=\"wp-block-column is-layout-flow wp-block-column-is-layout-flow\">\n<p class=\"title-small\">SELECTED EXAMPLES<\/p>\n\n\n\n<h2 class=\"h2 wp-block-heading\">completed investments<\/h2>\n\n\n\n<p><\/p>\n<\/div>\n\n\n\n<div class=\"wp-block-column is-layout-flow wp-block-column-is-layout-flow\"><\/div>\n<\/div>\n<div class=\"top-feature slider-realizacje\">\r\n    <div class=\"container\">\t\r\n        <div id=\"top-feature-slider\" class=\"row\">\r\n\r\n                <div class=\"col-4 c1\">\r\n             <a href=\"#\">\r\n\t\t        <h3>Ropczyce-D\u0119bica<\/h3>\r\n                <p><span class=\"title-small\">Location<\/span><br \/>\n Ropczyce-D\u0119bica<br \/>\n<span class=\"title-small\">Cable length<\/span><br \/>\n 23.000m of cables<br \/>\n<span class=\"title-small\">cable type<\/span><br \/>\n TUBULAR TUB-AX<\/p>\n\t    \t<\/a>\r\n       <\/div>\r\n               <div class=\"col-4 c2\">\r\n             <a href=\"#\">\r\n\t\t        <h3>Siarkopol S.A<\/h3>\r\n                <p><span class=\"title-small\">Location<\/span><br \/>\n Siarkopol S.A<br \/>\n<span class=\"title-small\">Cable length<\/span><br \/>\n 42.000m of cables<br \/>\n<span class=\"title-small\">cable type<\/span><br \/>\n TUBULAR TUB-AX<\/p>\n\t    \t<\/a>\r\n       <\/div>\r\n               <div class=\"col-4 c3\">\r\n             <a href=\"#\">\r\n\t\t        <h3>ZMPG S.A.<\/h3>\r\n                <p><span class=\"title-small\">Location<\/span><br \/>\n ZMPG S.A.<br \/>\n<span class=\"title-small\">Cable length<\/span><br \/>\n 32.000 m of cables<br \/>\n<span class=\"title-small\">cable type<\/span><br \/>\n TUBULAR TUB-AX<\/p>\n\t    \t<\/a>\r\n       <\/div>\r\n               <div class=\"col-4 c4\">\r\n             <a href=\"#\">\r\n\t\t        <h3>KRONOSPAN S.A.<\/h3>\r\n                <p><span class=\"title-small\">Location<\/span><br \/>\n KRONOSPAN S.A.<br \/>\n<span class=\"title-small\">Cable length<\/span><br \/>\n 38.000m of cables<br \/>\n<span class=\"title-small\">cable type<\/span><br \/>\n TUBULAR TUB-AX<\/p>\n\t    \t<\/a>\r\n       <\/div>\r\n               <div class=\"col-4 c5\">\r\n             <a href=\"#\">\r\n\t\t        <h3>GRUPA ORLEN<\/h3>\r\n                <p><span class=\"title-small\">Location<\/span><br \/>\n Supply of oil tanks<br \/>\n<span class=\"title-small\">Cable length<\/span><br \/>\n 9000m of cables<br \/>\n<span class=\"title-small\">cable type<\/span><br \/>\n TUBULAR TUB-AX<\/p>\n\t    \t<\/a>\r\n       <\/div>\r\n               <div class=\"col-4 c6\">\r\n             <a href=\"#\">\r\n\t\t        <h3>PGNiG S.A.<\/h3>\r\n                <p><span class=\"title-small\">Location<\/span><br \/>\n PGNiG S.A.<br \/>\n<span class=\"title-small\">Cable length<\/span><br \/>\n 29.000m of cables<br \/>\n<span class=\"title-small\">cable type<\/span><br \/>\n TUBULAR TUB-AX<\/p>\n\t    \t<\/a>\r\n       <\/div>\r\n               <div class=\"col-4 c7\">\r\n             <a href=\"#\">\r\n\t\t        <h3>OI-GLASS<\/h3>\r\n                <p><span class=\"title-small\">Location<\/span><br \/>\n Huta Antoninek<br \/>\n<span class=\"title-small\">Cable length<\/span><br \/>\n 16.000m of cables<br \/>\n<span class=\"title-small\">cable type<\/span><br \/>\n TUBULAR TUB-AX<\/p>\n\t    \t<\/a>\r\n       <\/div>\r\n               <div class=\"col-4 c8\">\r\n             <a href=\"#\">\r\n\t\t        <h3>ENERGA OZE<\/h3>\r\n                <p><span class=\"title-small\">Location<\/span><br \/>\n My\u015blino 20 MW<br \/>\n<span class=\"title-small\">Cable length<\/span><br \/>\n 22000m of cables<br \/>\n<span class=\"title-small\">cable type<\/span><br \/>\n TUBULAR TUB-AX<\/p>\n\t    \t<\/a>\r\n       <\/div>\r\n               <div class=\"col-4 c9\">\r\n             <a href=\"#\">\r\n\t\t        <h3>GRUPA AZOTY S.A.<\/h3>\r\n                <p><span class=\"title-small\">Location<\/span><br \/>\n GRUPA AZOTY S.A.<br \/>\n<span class=\"title-small\">Cable length<\/span><br \/>\n 45.000m of cables<br \/>\n<span class=\"title-small\">typ kabla<\/span><br \/>\n TUBULAR TUB-AX<\/p>\n\t    \t<\/a>\r\n       <\/div>\r\n           \r\n\r\n<\/div>\r\n<\/div>\r\n<\/div>\r\n<style type=\"text\/css\">\r\n\t\r\n        .top-feature .col-4.c1::after {\r\n            background-image: url(https:\/\/www.volvetia.com\/wp-content\/uploads\/2021\/06\/tlo_6_realizacje.jpg);           \r\n        }        \r\n\t\r\n        .top-feature .col-4.c2::after {\r\n            background-image: url(https:\/\/www.volvetia.com\/wp-content\/uploads\/2021\/06\/sirkopol.png);           \r\n        }        \r\n\t\r\n        .top-feature .col-4.c3::after {\r\n            background-image: url(https:\/\/www.volvetia.com\/wp-content\/uploads\/2021\/06\/ZMPG.png);           \r\n        }        \r\n\t\r\n        .top-feature .col-4.c4::after {\r\n            background-image: url(https:\/\/www.volvetia.com\/wp-content\/uploads\/2021\/06\/kronospan.png);           \r\n        }        \r\n\t\r\n        .top-feature .col-4.c5::after {\r\n            background-image: url(https:\/\/www.volvetia.com\/wp-content\/uploads\/2021\/03\/bg4.jpg);           \r\n        }        \r\n\t\r\n        .top-feature .col-4.c6::after {\r\n            background-image: url(https:\/\/www.volvetia.com\/wp-content\/uploads\/2021\/02\/bg2.jpg);           \r\n        }        \r\n\t\r\n        .top-feature .col-4.c7::after {\r\n            background-image: url(https:\/\/www.volvetia.com\/wp-content\/uploads\/2021\/03\/bg4.jpg);           \r\n        }        \r\n\t\r\n        .top-feature .col-4.c8::after {\r\n            background-image: url(https:\/\/www.volvetia.com\/wp-content\/uploads\/2021\/02\/bg1.jpg);           \r\n        }        \r\n\t\r\n        .top-feature .col-4.c9::after {\r\n            background-image: url(https:\/\/www.volvetia.com\/wp-content\/uploads\/2021\/06\/tlo_7_realizacje.jpg);           \r\n        }        \r\n<\/style>","protected":false},"excerpt":{"rendered":"<p>Us in numbers Implementations We have supplied innovative solutions for electric power transmission to numerous investments across Poland. 6.5 million km supplying cables 450 of completed investments 1000 cable types in our offer 25 YEARS on the market 4 patents 1000 over 1000 options of MV cable types SELECTED EXAMPLES completed investments<\/p>\n","protected":false},"author":1,"featured_media":0,"parent":0,"menu_order":0,"comment_status":"closed","ping_status":"closed","template":"page-full-header-big.php","meta":{"_acf_changed":false,"inline_featured_image":false,"footnotes":""},"class_list":["post-1791","page","type-page","status-publish","hentry"],"acf":[],"yoast_head":"<!-- This site is optimized with the Yoast SEO plugin v24.8.1 - https:\/\/yoast.com\/wordpress\/plugins\/seo\/ -->\n<title>Implementations - Volvetia List of completed investments involving medium voltage cables<\/title>\n<meta name=\"description\" content=\"We have supplied innovative solutions for electric power transmission to numerous investments across Poland.\" \/>\n<meta name=\"robots\" content=\"index, follow, max-snippet:-1, max-image-preview:large, max-video-preview:-1\" \/>\n<link rel=\"canonical\" href=\"https:\/\/www.volvetia.com\/realizacje\/\" \/>\n<meta property=\"og:locale\" content=\"en_US\" \/>\n<meta property=\"og:type\" content=\"article\" \/>\n<meta property=\"og:title\" content=\"Implementations - Volvetia List of completed investments involving medium voltage cables\" \/>\n<meta property=\"og:description\" content=\"We have supplied innovative solutions for electric power transmission to numerous investments across Poland.\" \/>\n<meta property=\"og:url\" content=\"https:\/\/www.volvetia.com\/realizacje\/\" \/>\n<meta property=\"og:site_name\" content=\"Volvetia\" \/>\n<meta property=\"article:modified_time\" content=\"2021-07-22T08:12:34+00:00\" \/>\n<meta name=\"twitter:card\" content=\"summary_large_image\" \/>\n<script type=\"application\/ld+json\" class=\"yoast-schema-graph\">{\"@context\":\"https:\/\/schema.org\",\"@graph\":[{\"@type\":\"WebPage\",\"@id\":\"https:\/\/www.volvetia.com\/realizacje\/\",\"url\":\"https:\/\/www.volvetia.com\/realizacje\/\",\"name\":\"Implementations - Volvetia List of completed investments involving medium voltage cables\",\"isPartOf\":{\"@id\":\"https:\/\/www.volvetia.com\/#website\"},\"datePublished\":\"2021-02-25T08:34:20+00:00\",\"dateModified\":\"2021-07-22T08:12:34+00:00\",\"description\":\"We have supplied innovative solutions for electric power transmission to numerous investments across Poland.\",\"breadcrumb\":{\"@id\":\"https:\/\/www.volvetia.com\/realizacje\/#breadcrumb\"},\"inLanguage\":\"en-US\",\"potentialAction\":[{\"@type\":\"ReadAction\",\"target\":[\"https:\/\/www.volvetia.com\/realizacje\/\"]}]},{\"@type\":\"BreadcrumbList\",\"@id\":\"https:\/\/www.volvetia.com\/realizacje\/#breadcrumb\",\"itemListElement\":[{\"@type\":\"ListItem\",\"position\":1,\"name\":\"Strona g\u0142\u00f3wna\",\"item\":\"https:\/\/www.volvetia.com\/en\/\"},{\"@type\":\"ListItem\",\"position\":2,\"name\":\"Implementations\"}]},{\"@type\":\"WebSite\",\"@id\":\"https:\/\/www.volvetia.com\/#website\",\"url\":\"https:\/\/www.volvetia.com\/\",\"name\":\"Volvetia\",\"description\":\"Kable \u015brednich napi\u0119\u0107\",\"potentialAction\":[{\"@type\":\"SearchAction\",\"target\":{\"@type\":\"EntryPoint\",\"urlTemplate\":\"https:\/\/www.volvetia.com\/?s={search_term_string}\"},\"query-input\":{\"@type\":\"PropertyValueSpecification\",\"valueRequired\":true,\"valueName\":\"search_term_string\"}}],\"inLanguage\":\"en-US\"}]}<\/script>\n<!-- \/ Yoast SEO plugin. -->","yoast_head_json":{"title":"Implementations - Volvetia List of completed investments involving medium voltage cables","description":"We have supplied innovative solutions for electric power transmission to numerous investments across Poland.","robots":{"index":"index","follow":"follow","max-snippet":"max-snippet:-1","max-image-preview":"max-image-preview:large","max-video-preview":"max-video-preview:-1"},"canonical":"https:\/\/www.volvetia.com\/realizacje\/","og_locale":"en_US","og_type":"article","og_title":"Implementations - Volvetia List of completed investments involving medium voltage cables","og_description":"We have supplied innovative solutions for electric power transmission to numerous investments across Poland.","og_url":"https:\/\/www.volvetia.com\/realizacje\/","og_site_name":"Volvetia","article_modified_time":"2021-07-22T08:12:34+00:00","twitter_card":"summary_large_image","schema":{"@context":"https:\/\/schema.org","@graph":[{"@type":"WebPage","@id":"https:\/\/www.volvetia.com\/realizacje\/","url":"https:\/\/www.volvetia.com\/realizacje\/","name":"Implementations - Volvetia List of completed investments involving medium voltage cables","isPartOf":{"@id":"https:\/\/www.volvetia.com\/#website"},"datePublished":"2021-02-25T08:34:20+00:00","dateModified":"2021-07-22T08:12:34+00:00","description":"We have supplied innovative solutions for electric power transmission to numerous investments across Poland.","breadcrumb":{"@id":"https:\/\/www.volvetia.com\/realizacje\/#breadcrumb"},"inLanguage":"en-US","potentialAction":[{"@type":"ReadAction","target":["https:\/\/www.volvetia.com\/realizacje\/"]}]},{"@type":"BreadcrumbList","@id":"https:\/\/www.volvetia.com\/realizacje\/#breadcrumb","itemListElement":[{"@type":"ListItem","position":1,"name":"Strona g\u0142\u00f3wna","item":"https:\/\/www.volvetia.com\/en\/"},{"@type":"ListItem","position":2,"name":"Implementations"}]},{"@type":"WebSite","@id":"https:\/\/www.volvetia.com\/#website","url":"https:\/\/www.volvetia.com\/","name":"Volvetia","description":"Kable \u015brednich napi\u0119\u0107","potentialAction":[{"@type":"SearchAction","target":{"@type":"EntryPoint","urlTemplate":"https:\/\/www.volvetia.com\/?s={search_term_string}"},"query-input":{"@type":"PropertyValueSpecification","valueRequired":true,"valueName":"search_term_string"}}],"inLanguage":"en-US"}]}},"_links":{"self":[{"href":"https:\/\/www.volvetia.com\/en\/wp-json\/wp\/v2\/pages\/1791","targetHints":{"allow":["GET"]}}],"collection":[{"href":"https:\/\/www.volvetia.com\/en\/wp-json\/wp\/v2\/pages"}],"about":[{"href":"https:\/\/www.volvetia.com\/en\/wp-json\/wp\/v2\/types\/page"}],"author":[{"embeddable":true,"href":"https:\/\/www.volvetia.com\/en\/wp-json\/wp\/v2\/users\/1"}],"replies":[{"embeddable":true,"href":"https:\/\/www.volvetia.com\/en\/wp-json\/wp\/v2\/comments?post=1791"}],"version-history":[{"count":4,"href":"https:\/\/www.volvetia.com\/en\/wp-json\/wp\/v2\/pages\/1791\/revisions"}],"predecessor-version":[{"id":2190,"href":"https:\/\/www.volvetia.com\/en\/wp-json\/wp\/v2\/pages\/1791\/revisions\/2190"}],"wp:attachment":[{"href":"https:\/\/www.volvetia.com\/en\/wp-json\/wp\/v2\/media?parent=1791"}],"curies":[{"name":"wp","href":"https:\/\/api.w.org\/{rel}","templated":true}]}}