{"id":1807,"date":"2021-02-22T08:35:48","date_gmt":"2021-02-22T07:35:48","guid":{"rendered":"https:\/\/www.volvetia.com\/about-us\/"},"modified":"2021-08-23T18:38:37","modified_gmt":"2021-08-23T16:38:37","slug":"about-us","status":"publish","type":"page","link":"https:\/\/www.volvetia.com\/en\/about-us\/","title":{"rendered":"About us"},"content":{"rendered":"\n<div class=\"wp-block-group\"><div class=\"wp-block-group__inner-container is-layout-flow wp-block-group-is-layout-flow\">\n<div class=\"wp-block-columns container is-layout-flex wp-container-core-columns-is-layout-9d6595d7 wp-block-columns-is-layout-flex\">\n<div class=\"wp-block-column is-layout-flow wp-block-column-is-layout-flow\" style=\"flex-basis:45%\">\n<p class=\"title-small\">Us in numbers<\/p>\n\n\n\n<h2 class=\"wp-block-heading\">volvetia<\/h2>\n\n\n\n<p>During the last 10 years, we have seen very dynamic growth in the sale of the TUBULAR\u2122TUB-AX type medium voltage cables. Currently, there is almost 1 million kilometres of them in use. We estimate that the next couple of years will bring even wider conversion from the old XRUHAKXS cables to SN TUBULAR\u2122TUB-AX.<\/p>\n<\/div>\n\n\n\n<div class=\"wp-block-column is-layout-flow wp-block-column-is-layout-flow\" style=\"flex-basis:66.66%\"><\/div>\n<\/div>\n<\/div><\/div>\n\n\n\n<div class=\"wp-block-group alignwide container\"><div class=\"wp-block-group__inner-container is-layout-flow wp-block-group-is-layout-flow\">\n<div class=\"wp-block-columns alignwide kolumna-obrys is-layout-flex wp-container-core-columns-is-layout-9d6595d7 wp-block-columns-is-layout-flex\">\n<div class=\"wp-block-column is-vertically-aligned-top is-layout-flow wp-block-column-is-layout-flow\" style=\"flex-basis:33.33%\">\n<p class=\"obrys\">2000 KM<\/p>\n\n\n\n<h3 class=\"wp-block-heading\">of supplied cables<\/h3>\n\n\n\n<p><\/p>\n<\/div>\n\n\n\n<div class=\"wp-block-column is-vertically-aligned-top is-layout-flow wp-block-column-is-layout-flow\" style=\"flex-basis:33.33%\">\n<p class=\"obrys\">176<\/p>\n\n\n\n<h3 class=\"wp-block-heading\">of completed investments<\/h3>\n<\/div>\n\n\n\n<div class=\"wp-block-column is-vertically-aligned-top is-layout-flow wp-block-column-is-layout-flow\" style=\"flex-basis:33.33%\">\n<p class=\"obrys\">90<\/p>\n\n\n\n<h3 class=\"wp-block-heading\">cable types in our offer<\/h3>\n\n\n\n<p><\/p>\n<\/div>\n<\/div>\n<\/div><\/div>\n\n\n\n<div class=\"wp-block-group alignwide container\"><div class=\"wp-block-group__inner-container is-layout-flow wp-block-group-is-layout-flow\">\n<div class=\"wp-block-columns alignwide kolumna-obrys is-layout-flex wp-container-core-columns-is-layout-9d6595d7 wp-block-columns-is-layout-flex\">\n<div class=\"wp-block-column is-vertically-aligned-top is-layout-flow wp-block-column-is-layout-flow\" style=\"flex-basis:33.33%\">\n<p class=\"obrys\">25 YEARS<\/p>\n\n\n\n<h3 class=\"wp-block-heading\">on the market<\/h3>\n<\/div>\n\n\n\n<div class=\"wp-block-column is-vertically-aligned-top is-layout-flow wp-block-column-is-layout-flow\" style=\"flex-basis:33.33%\">\n<p class=\"obrys\">4<\/p>\n\n\n\n<h3 class=\"wp-block-heading\">patents<\/h3>\n<\/div>\n\n\n\n<div class=\"wp-block-column is-vertically-aligned-top is-layout-flow wp-block-column-is-layout-flow\" style=\"flex-basis:33.33%\">\n<p class=\"obrys\">1000<\/p>\n\n\n\n<h3 class=\"wp-block-heading\">over 1000 options<br>of MV cable types<\/h3>\n\n\n\n<p><\/p>\n<\/div>\n<\/div>\n<\/div><\/div>\n\n\n\n<div class=\"wp-block-group alignfull\"><div class=\"wp-block-group__inner-container is-layout-flow wp-block-group-is-layout-flow\">\n<div class=\"wp-block-columns alignfull box4 is-layout-flex wp-container-core-columns-is-layout-9d6595d7 wp-block-columns-is-layout-flex\">\n<div class=\"wp-block-column lewa-padding prawa-padding is-layout-flow wp-block-column-is-layout-flow\">\n<figure class=\"wp-block-image size-large is-resized\"><img loading=\"lazy\" decoding=\"async\" src=\"https:\/\/www.volvetia.com\/wp-content\/uploads\/2021\/02\/volvetia-motyw_zielony-34-34.png\" alt=\"\" class=\"wp-image-258\" width=\"226\" height=\"133\"\/><\/figure>\n\n\n\n<div style=\"height:50px\" aria-hidden=\"true\" class=\"wp-block-spacer\"><\/div>\n\n\n\n<p class=\"title-small\">Investments<\/p>\n\n\n\n<h2 class=\"znacznik-zielony bialy wp-block-heading\">Green Energy<\/h2>\n\n\n\n<p>Approximately 50% of our cables are used in investments related to renewable energy. <\/p>\n<\/div>\n\n\n\n<div class=\"wp-block-column is-layout-flow wp-block-column-is-layout-flow\">\n<div class=\"wp-block-image top50\"><figure class=\"alignright size-full is-resized\"><img loading=\"lazy\" decoding=\"async\" src=\"https:\/\/www.volvetia.com\/wp-content\/uploads\/2021\/02\/zielone-energia-grupa.png\" alt=\"\" class=\"wp-image-313\" width=\"968\" height=\"1207\" srcset=\"https:\/\/www.volvetia.com\/wp-content\/uploads\/2021\/02\/zielone-energia-grupa.png 968w, https:\/\/www.volvetia.com\/wp-content\/uploads\/2021\/02\/zielone-energia-grupa-241x300.png 241w, https:\/\/www.volvetia.com\/wp-content\/uploads\/2021\/02\/zielone-energia-grupa-821x1024.png 821w, https:\/\/www.volvetia.com\/wp-content\/uploads\/2021\/02\/zielone-energia-grupa-768x958.png 768w\" sizes=\"auto, (max-width: 968px) 100vw, 968px\" \/><\/figure><\/div>\n\n\n\n<p><\/p>\n<\/div>\n<\/div>\n<\/div><\/div>\n\n\n\n<div class=\"wp-block-group\"><div class=\"wp-block-group__inner-container is-layout-flow wp-block-group-is-layout-flow\">\n<div class=\"wp-block-columns container is-layout-flex wp-container-core-columns-is-layout-9d6595d7 wp-block-columns-is-layout-flex\">\n<div class=\"wp-block-column is-layout-flow wp-block-column-is-layout-flow\" style=\"flex-basis:45%\">\n<h2 class=\"wp-block-heading\">our team<\/h2>\n\n\n\n<p>Our specialists have 3 to 50 years of experience in the cable production industry. We employ only top-class specialists.<\/p>\n<\/div>\n\n\n\n<div class=\"wp-block-column is-layout-flow wp-block-column-is-layout-flow\" style=\"flex-basis:66.66%\"><\/div>\n<\/div>\n<\/div><\/div>\n\n\n\n<div class=\"wp-block-group alignwide zespol-padding\"><div class=\"wp-block-group__inner-container is-layout-flow wp-block-group-is-layout-flow\">\n<div class=\"wp-block-columns alignwide are-vertically-aligned-bottom container zespol is-layout-flex wp-container-core-columns-is-layout-9d6595d7 wp-block-columns-is-layout-flex\">\n<div class=\"wp-block-column is-vertically-aligned-bottom is-layout-flow wp-block-column-is-layout-flow\">\n<div class=\"wp-block-group alignwide\"><div class=\"wp-block-group__inner-container is-layout-flow wp-block-group-is-layout-flow\">\n<div class=\"wp-block-group alignwide zespol-opis\"><div class=\"wp-block-group__inner-container is-layout-flow wp-block-group-is-layout-flow\">\n<h4 class=\"alignwide wp-block-heading\">Andrzej \u015awiatowski<\/h4>\n\n\n\n<h5 class=\"wp-block-heading\">CEO<\/h5>\n\n\n\n<div style=\"height:50px\" aria-hidden=\"true\" class=\"wp-block-spacer\"><\/div>\n\n\n\n<ul class=\"wp-block-list\"><li><span>m<\/span> <img decoding=\"async\" loading=\"lazy\" class=\"alignnone size-full wp-image-189\" src=\"https:\/\/www.volvetia.com\/wp-content\/uploads\/2021\/02\/arrow-left.svg\" alt=\"arrow left\" width=\"22\" height=\"20\"><a href=\"tel:+48 791 790 200\"><span style=\"text-decoration: underline;\">volvetia@volvetia.com<\/span><\/a><\/li><li><span>t<\/span><img decoding=\"async\" loading=\"lazy\" class=\"alignnone size-full wp-image-189\" src=\"https:\/\/www.volvetia.com\/wp-content\/uploads\/2021\/02\/arrow-left.svg\" alt=\"arrow left\" width=\"22\" height=\"20\"><a data-type=\"tel\" data-id=\"tel:+48 791 790 200\" href=\"tel:+48 791 790 200\">+48 884 003 004<\/a><\/li><\/ul>\n<\/div><\/div>\n\n\n\n<div class=\"wp-block-group alignwide zespol-opis\"><div class=\"wp-block-group__inner-container is-layout-flow wp-block-group-is-layout-flow\">\n<h4 class=\"alignwide wp-block-heading\">Joanna Ma\u0142ecka<\/h4>\n\n\n\n<h5 class=\"wp-block-heading\">Accounting<\/h5>\n\n\n\n<div style=\"height:50px\" aria-hidden=\"true\" class=\"wp-block-spacer\"><\/div>\n\n\n\n<ul class=\"wp-block-list\"><li><span>m<\/span> <img decoding=\"async\" loading=\"lazy\" class=\"alignnone size-full wp-image-189\" src=\"https:\/\/www.volvetia.com\/wp-content\/uploads\/2021\/02\/arrow-left.svg\" alt=\"arrow left\" width=\"22\" height=\"20\"><a href=\"tel:+48 791 790 200\"><span style=\"text-decoration: underline;\">volvetia@volvetia.com<\/span><\/a><\/li><li><span>t<\/span><img decoding=\"async\" loading=\"lazy\" class=\"alignnone size-full wp-image-189\" src=\"https:\/\/www.volvetia.com\/wp-content\/uploads\/2021\/02\/arrow-left.svg\" alt=\"arrow left\" width=\"22\" height=\"20\"><a data-type=\"tel\" data-id=\"tel:+48 791 790 200\" href=\"tel:+48 791 790 200\">+48 500 044 875<\/a><\/li><\/ul>\n<\/div><\/div>\n<\/div><\/div>\n<\/div>\n\n\n\n<div class=\"wp-block-column is-vertically-aligned-bottom is-layout-flow wp-block-column-is-layout-flow\">\n<div class=\"wp-block-group alignwide\"><div class=\"wp-block-group__inner-container is-layout-flow wp-block-group-is-layout-flow\">\n<div class=\"wp-block-group alignwide zespol-opis\"><div class=\"wp-block-group__inner-container is-layout-flow wp-block-group-is-layout-flow\">\n<h4 class=\"alignwide wp-block-heading\">Dorota Kaczmarczyk<\/h4>\n\n\n\n<h5 class=\"wp-block-heading\">Commercial representative<\/h5>\n\n\n\n<div style=\"height:50px\" aria-hidden=\"true\" class=\"wp-block-spacer\"><\/div>\n\n\n\n<ul class=\"wp-block-list\"><li><span>m<\/span> <img decoding=\"async\" loading=\"lazy\" class=\"alignnone size-full wp-image-189\" src=\"https:\/\/www.volvetia.com\/wp-content\/uploads\/2021\/02\/arrow-left.svg\" alt=\"arrow left\" width=\"22\" height=\"20\"><a href=\"tel:+48 791 790 200\"><span style=\"text-decoration: underline;\">volvetia@volvetia.com<\/span><\/a><\/li><li><span>t<\/span><img decoding=\"async\" loading=\"lazy\" class=\"alignnone size-full wp-image-189\" src=\"https:\/\/www.volvetia.com\/wp-content\/uploads\/2021\/02\/arrow-left.svg\" alt=\"arrow left\" width=\"22\" height=\"20\"><a data-type=\"tel\" data-id=\"tel:+48 791 790 200\" href=\"tel:+48 791 790 200\">+48 791 790 200<\/a><\/li><\/ul>\n\n\n\n<p><\/p>\n<\/div><\/div>\n\n\n\n<div class=\"wp-block-group alignwide zespol-opis\"><div class=\"wp-block-group__inner-container is-layout-flow wp-block-group-is-layout-flow\">\n<h4 class=\"alignwide wp-block-heading\">Tender Department<\/h4>\n\n\n\n<h5 class=\"wp-block-heading\">\/<\/h5>\n\n\n\n<div style=\"height:50px\" aria-hidden=\"true\" class=\"wp-block-spacer\"><\/div>\n\n\n\n<ul class=\"wp-block-list\"><li><span>m<\/span> <img decoding=\"async\" loading=\"lazy\" class=\"alignnone size-full wp-image-189\" src=\"https:\/\/www.volvetia.com\/wp-content\/uploads\/2021\/02\/arrow-left.svg\" alt=\"arrow left\" width=\"22\" height=\"20\"><a href=\"tel:+48 791 790 200\"><span style=\"text-decoration: underline;\">volvetia@volvetia.com<\/span><\/a><\/li><li><span>t<\/span><img decoding=\"async\" loading=\"lazy\" class=\"alignnone size-full wp-image-189\" src=\"https:\/\/www.volvetia.com\/wp-content\/uploads\/2021\/02\/arrow-left.svg\" alt=\"arrow left\" width=\"22\" height=\"20\"><a data-type=\"tel\" data-id=\"tel:+48 791 790 200\" href=\"tel:+48 791 790 200\">+48 791 790 200<\/a><\/li><\/ul>\n<\/div><\/div>\n<\/div><\/div>\n<\/div>\n\n\n\n<div class=\"wp-block-column is-vertically-aligned-bottom is-layout-flow wp-block-column-is-layout-flow\">\n<div class=\"wp-block-group alignwide\"><div class=\"wp-block-group__inner-container is-layout-flow wp-block-group-is-layout-flow\">\n<div class=\"wp-block-group alignwide zespol-opis\"><div class=\"wp-block-group__inner-container is-layout-flow wp-block-group-is-layout-flow\">\n<h4 class=\"alignwide wp-block-heading\">Jan Krajewski<\/h4>\n\n\n\n<h5 class=\"wp-block-heading\">Technical department<\/h5>\n\n\n\n<div style=\"height:50px\" aria-hidden=\"true\" class=\"wp-block-spacer\"><\/div>\n\n\n\n<ul class=\"wp-block-list\"><li><span>m<\/span> <img decoding=\"async\" loading=\"lazy\" class=\"alignnone size-full wp-image-189\" src=\"https:\/\/www.volvetia.com\/wp-content\/uploads\/2021\/02\/arrow-left.svg\" alt=\"arrow left\" width=\"22\" height=\"20\"><a href=\"tel:+48 791 790 200\"><span style=\"text-decoration: underline;\">volvetia@volvetia.com<\/span><\/a><\/li><li><span>t<\/span><img decoding=\"async\" loading=\"lazy\" class=\"alignnone size-full wp-image-189\" src=\"https:\/\/www.volvetia.com\/wp-content\/uploads\/2021\/02\/arrow-left.svg\" alt=\"arrow left\" width=\"22\" height=\"20\"><a data-type=\"tel\" data-id=\"tel:+48 791 790 200\" href=\"tel:+48 791 790 200\">+48 791 790 200<\/a><\/li><\/ul>\n<\/div><\/div>\n\n\n\n<div class=\"wp-block-group alignwide zespol-opis\"><div class=\"wp-block-group__inner-container is-layout-flow wp-block-group-is-layout-flow\">\n<h4 class=\"alignwide wp-block-heading\">Contract execution<\/h4>\n\n\n\n<h5 class=\"wp-block-heading\">\/<\/h5>\n\n\n\n<div style=\"height:50px\" aria-hidden=\"true\" class=\"wp-block-spacer\"><\/div>\n\n\n\n<ul class=\"wp-block-list\"><li><span>m<\/span> <img decoding=\"async\" loading=\"lazy\" class=\"alignnone size-full wp-image-189\" src=\"https:\/\/www.volvetia.com\/wp-content\/uploads\/2021\/02\/arrow-left.svg\" alt=\"arrow left\" width=\"22\" height=\"20\"><a href=\"tel:+48 791 790 200\"><span style=\"text-decoration: underline;\">volvetia@volvetia.com<\/span><\/a><\/li><li><span>t<\/span><img decoding=\"async\" loading=\"lazy\" class=\"alignnone size-full wp-image-189\" src=\"https:\/\/www.volvetia.com\/wp-content\/uploads\/2021\/02\/arrow-left.svg\" alt=\"arrow left\" width=\"22\" height=\"20\"><a data-type=\"tel\" data-id=\"tel:+48 791 790 200\" href=\"tel:+48 791 790 200\">+48 791 790 200<\/a><\/li><\/ul>\n<\/div><\/div>\n<\/div><\/div>\n<\/div>\n<\/div>\n<\/div><\/div>\n","protected":false},"excerpt":{"rendered":"<p>Us in numbers volvetia During the last 10 years, we have seen very dynamic growth in the sale of the TUBULAR\u2122TUB-AX type medium voltage cables. Currently, there is almost 1 million kilometres of them in use. We estimate that the next couple of years will bring even wider conversion from the old XRUHAKXS cables to [&hellip;]<\/p>\n","protected":false},"author":1,"featured_media":0,"parent":0,"menu_order":0,"comment_status":"closed","ping_status":"closed","template":"page-full-header-big.php","meta":{"_acf_changed":false,"inline_featured_image":false,"footnotes":""},"class_list":["post-1807","page","type-page","status-publish","hentry"],"acf":[],"yoast_head":"<!-- This site is optimized with the Yoast SEO plugin v24.8.1 - https:\/\/yoast.com\/wordpress\/plugins\/seo\/ -->\n<title>About us - Volvetia We Provide Medium Voltage Cables<\/title>\n<meta name=\"description\" content=\"During the last 10 years, we have seen very dynamic growth in the sale of the TUBULAR\u2122TUB-AX type medium voltage cables. Currently, there is almost 1 million kilometres of them in use.\" \/>\n<meta name=\"robots\" content=\"index, follow, max-snippet:-1, max-image-preview:large, max-video-preview:-1\" \/>\n<link rel=\"canonical\" href=\"https:\/\/www.volvetia.com\/o-firmie\/\" \/>\n<meta property=\"og:locale\" content=\"en_US\" \/>\n<meta property=\"og:type\" content=\"article\" \/>\n<meta property=\"og:title\" content=\"About us - Volvetia We Provide Medium Voltage Cables\" \/>\n<meta property=\"og:description\" content=\"During the last 10 years, we have seen very dynamic growth in the sale of the TUBULAR\u2122TUB-AX type medium voltage cables. Currently, there is almost 1 million kilometres of them in use.\" \/>\n<meta property=\"og:url\" content=\"https:\/\/www.volvetia.com\/o-firmie\/\" \/>\n<meta property=\"og:site_name\" content=\"Volvetia\" \/>\n<meta property=\"article:modified_time\" content=\"2021-08-23T16:38:37+00:00\" \/>\n<meta property=\"og:image\" content=\"https:\/\/www.volvetia.com\/wp-content\/uploads\/2021\/02\/volvetia-motyw_zielony-34-34.png\" \/>\n<meta name=\"twitter:card\" content=\"summary_large_image\" \/>\n<meta name=\"twitter:label1\" content=\"Est. reading time\" \/>\n\t<meta name=\"twitter:data1\" content=\"4 minutes\" \/>\n<script type=\"application\/ld+json\" class=\"yoast-schema-graph\">{\"@context\":\"https:\/\/schema.org\",\"@graph\":[{\"@type\":\"WebPage\",\"@id\":\"https:\/\/www.volvetia.com\/o-firmie\/\",\"url\":\"https:\/\/www.volvetia.com\/o-firmie\/\",\"name\":\"About us - Volvetia We Provide Medium Voltage Cables\",\"isPartOf\":{\"@id\":\"https:\/\/www.volvetia.com\/#website\"},\"primaryImageOfPage\":{\"@id\":\"https:\/\/www.volvetia.com\/o-firmie\/#primaryimage\"},\"image\":{\"@id\":\"https:\/\/www.volvetia.com\/o-firmie\/#primaryimage\"},\"thumbnailUrl\":\"https:\/\/www.volvetia.com\/wp-content\/uploads\/2021\/02\/volvetia-motyw_zielony-34-34.png\",\"datePublished\":\"2021-02-22T07:35:48+00:00\",\"dateModified\":\"2021-08-23T16:38:37+00:00\",\"description\":\"During the last 10 years, we have seen very dynamic growth in the sale of the TUBULAR\u2122TUB-AX type medium voltage cables. Currently, there is almost 1 million kilometres of them in use.\",\"breadcrumb\":{\"@id\":\"https:\/\/www.volvetia.com\/o-firmie\/#breadcrumb\"},\"inLanguage\":\"en-US\",\"potentialAction\":[{\"@type\":\"ReadAction\",\"target\":[\"https:\/\/www.volvetia.com\/o-firmie\/\"]}]},{\"@type\":\"ImageObject\",\"inLanguage\":\"en-US\",\"@id\":\"https:\/\/www.volvetia.com\/o-firmie\/#primaryimage\",\"url\":\"https:\/\/www.volvetia.com\/wp-content\/uploads\/2021\/02\/volvetia-motyw_zielony-34-34.png\",\"contentUrl\":\"https:\/\/www.volvetia.com\/wp-content\/uploads\/2021\/02\/volvetia-motyw_zielony-34-34.png\"},{\"@type\":\"BreadcrumbList\",\"@id\":\"https:\/\/www.volvetia.com\/o-firmie\/#breadcrumb\",\"itemListElement\":[{\"@type\":\"ListItem\",\"position\":1,\"name\":\"Strona g\u0142\u00f3wna\",\"item\":\"https:\/\/www.volvetia.com\/en\/\"},{\"@type\":\"ListItem\",\"position\":2,\"name\":\"About us\"}]},{\"@type\":\"WebSite\",\"@id\":\"https:\/\/www.volvetia.com\/#website\",\"url\":\"https:\/\/www.volvetia.com\/\",\"name\":\"Volvetia\",\"description\":\"Kable \u015brednich napi\u0119\u0107\",\"potentialAction\":[{\"@type\":\"SearchAction\",\"target\":{\"@type\":\"EntryPoint\",\"urlTemplate\":\"https:\/\/www.volvetia.com\/?s={search_term_string}\"},\"query-input\":{\"@type\":\"PropertyValueSpecification\",\"valueRequired\":true,\"valueName\":\"search_term_string\"}}],\"inLanguage\":\"en-US\"}]}<\/script>\n<!-- \/ Yoast SEO plugin. -->","yoast_head_json":{"title":"About us - Volvetia We Provide Medium Voltage Cables","description":"During the last 10 years, we have seen very dynamic growth in the sale of the TUBULAR\u2122TUB-AX type medium voltage cables. Currently, there is almost 1 million kilometres of them in use.","robots":{"index":"index","follow":"follow","max-snippet":"max-snippet:-1","max-image-preview":"max-image-preview:large","max-video-preview":"max-video-preview:-1"},"canonical":"https:\/\/www.volvetia.com\/o-firmie\/","og_locale":"en_US","og_type":"article","og_title":"About us - Volvetia We Provide Medium Voltage Cables","og_description":"During the last 10 years, we have seen very dynamic growth in the sale of the TUBULAR\u2122TUB-AX type medium voltage cables. Currently, there is almost 1 million kilometres of them in use.","og_url":"https:\/\/www.volvetia.com\/o-firmie\/","og_site_name":"Volvetia","article_modified_time":"2021-08-23T16:38:37+00:00","og_image":[{"url":"https:\/\/www.volvetia.com\/wp-content\/uploads\/2021\/02\/volvetia-motyw_zielony-34-34.png","type":"","width":"","height":""}],"twitter_card":"summary_large_image","twitter_misc":{"Est. reading time":"4 minutes"},"schema":{"@context":"https:\/\/schema.org","@graph":[{"@type":"WebPage","@id":"https:\/\/www.volvetia.com\/o-firmie\/","url":"https:\/\/www.volvetia.com\/o-firmie\/","name":"About us - Volvetia We Provide Medium Voltage Cables","isPartOf":{"@id":"https:\/\/www.volvetia.com\/#website"},"primaryImageOfPage":{"@id":"https:\/\/www.volvetia.com\/o-firmie\/#primaryimage"},"image":{"@id":"https:\/\/www.volvetia.com\/o-firmie\/#primaryimage"},"thumbnailUrl":"https:\/\/www.volvetia.com\/wp-content\/uploads\/2021\/02\/volvetia-motyw_zielony-34-34.png","datePublished":"2021-02-22T07:35:48+00:00","dateModified":"2021-08-23T16:38:37+00:00","description":"During the last 10 years, we have seen very dynamic growth in the sale of the TUBULAR\u2122TUB-AX type medium voltage cables. Currently, there is almost 1 million kilometres of them in use.","breadcrumb":{"@id":"https:\/\/www.volvetia.com\/o-firmie\/#breadcrumb"},"inLanguage":"en-US","potentialAction":[{"@type":"ReadAction","target":["https:\/\/www.volvetia.com\/o-firmie\/"]}]},{"@type":"ImageObject","inLanguage":"en-US","@id":"https:\/\/www.volvetia.com\/o-firmie\/#primaryimage","url":"https:\/\/www.volvetia.com\/wp-content\/uploads\/2021\/02\/volvetia-motyw_zielony-34-34.png","contentUrl":"https:\/\/www.volvetia.com\/wp-content\/uploads\/2021\/02\/volvetia-motyw_zielony-34-34.png"},{"@type":"BreadcrumbList","@id":"https:\/\/www.volvetia.com\/o-firmie\/#breadcrumb","itemListElement":[{"@type":"ListItem","position":1,"name":"Strona g\u0142\u00f3wna","item":"https:\/\/www.volvetia.com\/en\/"},{"@type":"ListItem","position":2,"name":"About us"}]},{"@type":"WebSite","@id":"https:\/\/www.volvetia.com\/#website","url":"https:\/\/www.volvetia.com\/","name":"Volvetia","description":"Kable \u015brednich napi\u0119\u0107","potentialAction":[{"@type":"SearchAction","target":{"@type":"EntryPoint","urlTemplate":"https:\/\/www.volvetia.com\/?s={search_term_string}"},"query-input":{"@type":"PropertyValueSpecification","valueRequired":true,"valueName":"search_term_string"}}],"inLanguage":"en-US"}]}},"_links":{"self":[{"href":"https:\/\/www.volvetia.com\/en\/wp-json\/wp\/v2\/pages\/1807","targetHints":{"allow":["GET"]}}],"collection":[{"href":"https:\/\/www.volvetia.com\/en\/wp-json\/wp\/v2\/pages"}],"about":[{"href":"https:\/\/www.volvetia.com\/en\/wp-json\/wp\/v2\/types\/page"}],"author":[{"embeddable":true,"href":"https:\/\/www.volvetia.com\/en\/wp-json\/wp\/v2\/users\/1"}],"replies":[{"embeddable":true,"href":"https:\/\/www.volvetia.com\/en\/wp-json\/wp\/v2\/comments?post=1807"}],"version-history":[{"count":7,"href":"https:\/\/www.volvetia.com\/en\/wp-json\/wp\/v2\/pages\/1807\/revisions"}],"predecessor-version":[{"id":2592,"href":"https:\/\/www.volvetia.com\/en\/wp-json\/wp\/v2\/pages\/1807\/revisions\/2592"}],"wp:attachment":[{"href":"https:\/\/www.volvetia.com\/en\/wp-json\/wp\/v2\/media?parent=1807"}],"curies":[{"name":"wp","href":"https:\/\/api.w.org\/{rel}","templated":true}]}}