{"id":1816,"date":"2021-03-01T10:11:51","date_gmt":"2021-03-01T09:11:51","guid":{"rendered":"https:\/\/www.volvetia.com\/specialised-medium-voltage-cables\/"},"modified":"2021-08-10T10:26:40","modified_gmt":"2021-08-10T08:26:40","slug":"specialised-medium-voltage-cables","status":"publish","type":"page","link":"https:\/\/www.volvetia.com\/en\/specialised-medium-voltage-cables\/","title":{"rendered":"SPECIALIST MEDIUM VOLTAGE CABLES"},"content":{"rendered":"\n<div class=\"wp-block-columns container is-layout-flex wp-container-core-columns-is-layout-9d6595d7 wp-block-columns-is-layout-flex\">\n<div class=\"wp-block-column is-layout-flow wp-block-column-is-layout-flow\">\n<p class=\"title-small\">Our offer<\/p>\n\n\n\n<h2 class=\"wp-block-heading\">Safety data sheets<\/h2>\n\n\n\n<p><\/p>\n<\/div>\n\n\n\n<div class=\"wp-block-column is-layout-flow wp-block-column-is-layout-flow\"><\/div>\n<\/div>\n<div class=\"container\">\r\n    <ul class=\"featured-post\">\r\n            <li>\r\n            <div class=\"img-block\">\r\n            <img loading=\"lazy\" decoding=\"async\" width=\"398\" height=\"221\" src=\"https:\/\/www.volvetia.com\/wp-content\/uploads\/2021\/04\/Kable-398X221-MINI_0008_10_volvetia_kabel.jpg\" class=\"attachment-large size-large wp-post-image\" alt=\"\" srcset=\"https:\/\/www.volvetia.com\/wp-content\/uploads\/2021\/04\/Kable-398X221-MINI_0008_10_volvetia_kabel.jpg 398w, https:\/\/www.volvetia.com\/wp-content\/uploads\/2021\/04\/Kable-398X221-MINI_0008_10_volvetia_kabel-300x167.jpg 300w\" sizes=\"auto, (max-width: 398px) 100vw, 398px\" \/>           <\/div>\r\n       <div class=\"desc\">\r\n            <span class=\"title-small\"> KABEL \u015aREDNIEGO NAPI\u0118CIA<\/span>\r\n            <h2>HAKnFtA<\/h2>\r\n            <span class=\"napiecie\"> 18\/30 kV<\/span>\r\n            <span class=\"norma\"> Norma PN-HD 621 S1<\/span>\r\n            <p class=\"opis\"> <\/p>\r\n\r\n            \t\t\t\t<a class=\"btn-b btn-pdf pfd-m\" target=\"blank\" href=\"https:\/\/www.volvetia.com\/wp-content\/uploads\/2021\/04\/Kabel-Nr-72-HKnFtA-oraz-HAKnFta-87_15-do-18_30-kV.pdf\">download specification<span><\/span><\/a>\r\n\t    \t        <\/div>\r\n        <\/li>\r\n            <li>\r\n            <div class=\"img-block\">\r\n            <img loading=\"lazy\" decoding=\"async\" width=\"398\" height=\"221\" src=\"https:\/\/www.volvetia.com\/wp-content\/uploads\/2021\/04\/Kable-398X221-MINI_0008_10_volvetia_kabel.jpg\" class=\"attachment-large size-large wp-post-image\" alt=\"\" srcset=\"https:\/\/www.volvetia.com\/wp-content\/uploads\/2021\/04\/Kable-398X221-MINI_0008_10_volvetia_kabel.jpg 398w, https:\/\/www.volvetia.com\/wp-content\/uploads\/2021\/04\/Kable-398X221-MINI_0008_10_volvetia_kabel-300x167.jpg 300w\" sizes=\"auto, (max-width: 398px) 100vw, 398px\" \/>           <\/div>\r\n       <div class=\"desc\">\r\n            <span class=\"title-small\"> KABEL \u015aREDNIEGO NAPI\u0118CIA<\/span>\r\n            <h2>HKnFtA<\/h2>\r\n            <span class=\"napiecie\"> 18\/30 kV<\/span>\r\n            <span class=\"norma\"> Norma PN-HD 621 S1<\/span>\r\n            <p class=\"opis\"> <\/p>\r\n\r\n            \t\t\t\t<a class=\"btn-b btn-pdf pfd-m\" target=\"blank\" href=\"https:\/\/www.volvetia.com\/wp-content\/uploads\/2021\/04\/Kabel-Nr-72-HKnFtA-oraz-HAKnFta-87_15-do-18_30-kV.pdf\">download specification<span><\/span><\/a>\r\n\t    \t        <\/div>\r\n        <\/li>\r\n            <li>\r\n            <div class=\"img-block\">\r\n            <img loading=\"lazy\" decoding=\"async\" width=\"398\" height=\"221\" src=\"https:\/\/www.volvetia.com\/wp-content\/uploads\/2021\/04\/Kable-398X221-MINI_0008_10_volvetia_kabel.jpg\" class=\"attachment-large size-large wp-post-image\" alt=\"\" srcset=\"https:\/\/www.volvetia.com\/wp-content\/uploads\/2021\/04\/Kable-398X221-MINI_0008_10_volvetia_kabel.jpg 398w, https:\/\/www.volvetia.com\/wp-content\/uploads\/2021\/04\/Kable-398X221-MINI_0008_10_volvetia_kabel-300x167.jpg 300w\" sizes=\"auto, (max-width: 398px) 100vw, 398px\" \/>           <\/div>\r\n       <div class=\"desc\">\r\n            <span class=\"title-small\"> KABEL \u015aREDNIEGO NAPI\u0118CIA<\/span>\r\n            <h2>HKnFtA<\/h2>\r\n            <span class=\"napiecie\"> 12\/20 kV<\/span>\r\n            <span class=\"norma\"> Norma PN-HD 621 S1<\/span>\r\n            <p class=\"opis\"> <\/p>\r\n\r\n            \t\t\t\t<a class=\"btn-b btn-pdf pfd-m\" target=\"blank\" href=\"https:\/\/www.volvetia.com\/wp-content\/uploads\/2021\/04\/Kabel-Nr-72-HKnFtA-oraz-HAKnFta-87_15-do-18_30-kV.pdf\">download specification<span><\/span><\/a>\r\n\t    \t        <\/div>\r\n        <\/li>\r\n            <li>\r\n            <div class=\"img-block\">\r\n            <img loading=\"lazy\" decoding=\"async\" width=\"398\" height=\"221\" src=\"https:\/\/www.volvetia.com\/wp-content\/uploads\/2021\/04\/Kable-398X221-MINI_0008_10_volvetia_kabel.jpg\" class=\"attachment-large size-large wp-post-image\" alt=\"\" srcset=\"https:\/\/www.volvetia.com\/wp-content\/uploads\/2021\/04\/Kable-398X221-MINI_0008_10_volvetia_kabel.jpg 398w, https:\/\/www.volvetia.com\/wp-content\/uploads\/2021\/04\/Kable-398X221-MINI_0008_10_volvetia_kabel-300x167.jpg 300w\" sizes=\"auto, (max-width: 398px) 100vw, 398px\" \/>           <\/div>\r\n       <div class=\"desc\">\r\n            <span class=\"title-small\"> KABEL \u015aREDNIEGO NAPI\u0118CIA<\/span>\r\n            <h2>HAKnFtA<\/h2>\r\n            <span class=\"napiecie\"> 8,7\/15 kV<\/span>\r\n            <span class=\"norma\"> Norma PN-HD 621 S1<\/span>\r\n            <p class=\"opis\"> <\/p>\r\n\r\n            \t\t\t\t<a class=\"btn-b btn-pdf pfd-m\" target=\"blank\" href=\"https:\/\/www.volvetia.com\/wp-content\/uploads\/2021\/04\/Kabel-Nr-72-HKnFtA-oraz-HAKnFta-87_15-do-18_30-kV.pdf\">download specification<span><\/span><\/a>\r\n\t    \t        <\/div>\r\n        <\/li>\r\n        <\/ul>\r\n<\/div>\r\n\n<div class=\"wp-block-group container\"><div class=\"wp-block-group__inner-container is-layout-flow wp-block-group-is-layout-flow\">\n<div class=\"wpcf7 no-js\" id=\"wpcf7-f2209-o1\" lang=\"en-US\" dir=\"ltr\" data-wpcf7-id=\"2209\">\n<div class=\"screen-reader-response\"><p role=\"status\" aria-live=\"polite\" aria-atomic=\"true\"><\/p> <ul><\/ul><\/div>\n<form action=\"\/en\/wp-json\/wp\/v2\/pages\/1816#wpcf7-f2209-o1\" method=\"post\" class=\"wpcf7-form init wpcf7-acceptance-as-validation\" aria-label=\"Contact form\" novalidate=\"novalidate\" data-status=\"init\">\n<div style=\"display: none;\">\n<input type=\"hidden\" name=\"_wpcf7\" value=\"2209\" \/>\n<input type=\"hidden\" name=\"_wpcf7_version\" value=\"6.0.5\" \/>\n<input type=\"hidden\" name=\"_wpcf7_locale\" value=\"en_US\" \/>\n<input type=\"hidden\" name=\"_wpcf7_unit_tag\" value=\"wpcf7-f2209-o1\" \/>\n<input type=\"hidden\" name=\"_wpcf7_container_post\" value=\"0\" \/>\n<input type=\"hidden\" name=\"_wpcf7_posted_data_hash\" value=\"\" \/>\n<input type=\"hidden\" name=\"_wpcf7_recaptcha_response\" value=\"\" \/>\n<\/div>\n<hr class=\"footer-hr hr-form\" \/>\n<div class=\"row\">\n\t<div class=\"col-sm-12\">\n\t\t<div class=\"row\">\n\t\t\t<div class=\"col-sm-6\">\n\t\t\t\t<h4>Ask for a quote\n\t\t\t\t<\/h4>\n\t\t\t\t<p class=\"s-f\">*Mandatory field\n\t\t\t\t<\/p>\n\t\t\t\t<p><label class=\"name\"> Full name*<br \/>\n<span class=\"wpcf7-form-control-wrap\" data-name=\"your-name\"><input size=\"40\" maxlength=\"400\" class=\"wpcf7-form-control wpcf7-text wpcf7-validates-as-required\" aria-required=\"true\" aria-invalid=\"false\" placeholder=\"Enter your full name\" value=\"\" type=\"text\" name=\"your-name\" \/><\/span> <\/label>\n\t\t\t\t<\/p>\n\t\t\t\t<div class=\"row\">\n\t\t\t\t\t<div class=\"col-sm-6\">\n\t\t\t\t\t\t<p><label> E-mail*<br \/>\n<span class=\"wpcf7-form-control-wrap\" data-name=\"your-email\"><input size=\"40\" maxlength=\"400\" class=\"wpcf7-form-control wpcf7-email wpcf7-validates-as-required wpcf7-text wpcf7-validates-as-email\" aria-required=\"true\" aria-invalid=\"false\" placeholder=\"e-mail*\" value=\"\" type=\"email\" name=\"your-email\" \/><\/span> <\/label>\n\t\t\t\t\t\t<\/p>\n\t\t\t\t\t\t<p class=\"s-f desc\">the offer will be sent by e-mail\n\t\t\t\t\t\t<\/p>\n\t\t\t\t\t<\/div>\n\t\t\t\t\t<div class=\"col-sm-6 padding-left-0\">\n\t\t\t\t\t\t<p><label> Phone no.<br \/>\n<span class=\"wpcf7-form-control-wrap\" data-name=\"telefon\"><input size=\"40\" maxlength=\"400\" class=\"wpcf7-form-control wpcf7-text\" aria-invalid=\"false\" placeholder=\"telefon\" value=\"\" type=\"text\" name=\"telefon\" \/><\/span> <\/label>\n\t\t\t\t\t\t<\/p>\n\t\t\t\t\t\t<p class=\"s-f desc\">it will facilitate contact in case of additional questions\n\t\t\t\t\t\t<\/p>\n\t\t\t\t\t<\/div>\n\t\t\t\t\t<div class=\"col-sm-12\">\n\t\t\t\t\t\t<h5>cable data\n\t\t\t\t\t\t<\/h5>\n\t\t\t\t\t<\/div>\n\t\t\t\t\t<div class=\"col-sm-6\">\n\t\t\t\t\t\t<p><label> Cable type<br \/>\n<span class=\"wpcf7-form-control-wrap\" data-name=\"typ-kabla\"><input size=\"40\" maxlength=\"400\" class=\"wpcf7-form-control wpcf7-text\" aria-invalid=\"false\" placeholder=\"cable type\" value=\"\" type=\"text\" name=\"typ-kabla\" \/><\/span> <\/label>\n\t\t\t\t\t\t<\/p>\n\t\t\t\t\t\t<p class=\"s-f desc\">Cable type - example: XnUHAKXS\n\t\t\t\t\t\t<\/p>\n\t\t\t\t\t<\/div>\n\t\t\t\t\t<div class=\"col-sm-3 w122\">\n\t\t\t\t\t\t<p><label class=\"w122\"> Wire size<br \/>\n<span class=\"wpcf7-form-control-wrap\" data-name=\"przekroj\"><input size=\"40\" maxlength=\"400\" class=\"wpcf7-form-control wpcf7-text\" aria-invalid=\"false\" value=\"\" type=\"text\" name=\"przekroj\" \/><\/span> <\/label>\n\t\t\t\t\t\t<\/p>\n\t\t\t\t\t<\/div>\n\t\t\t\t\t<div class=\"col-sm-3 w122\">\n\t\t\t\t\t\t<p><label class=\"w122\"> Voltage<br \/>\n<span class=\"wpcf7-form-control-wrap\" data-name=\"napiecie\"><input size=\"40\" maxlength=\"400\" class=\"wpcf7-form-control wpcf7-text\" aria-invalid=\"false\" value=\"\" type=\"text\" name=\"napiecie\" \/><\/span> <\/label>\n\t\t\t\t\t\t<\/p>\n\t\t\t\t\t<\/div>\n\t\t\t\t\t<div class=\"col-sm-12\">\n\t\t\t\t\t\t<p><label> Other details<br \/>\n<span class=\"wpcf7-form-control-wrap\" data-name=\"your-message\"><textarea cols=\"40\" rows=\"10\" maxlength=\"2000\" class=\"wpcf7-form-control wpcf7-textarea\" aria-invalid=\"false\" placeholder=\"other details\" name=\"your-message\"><\/textarea><\/span> <\/label><br \/>\n<button id=\"btn-sub\" type=\"submit\" value=\"Submit your request\" class=\"wpcf7-form-control wpcf7-submit\">Submit your request<span><\/span><\/button>\n\t\t\t\t\t\t<\/p>\n\t\t\t\t\t\t<p><span class=\"wpcf7-form-control-wrap\" data-name=\"acceptance-606\"><span class=\"wpcf7-form-control wpcf7-acceptance\"><span class=\"wpcf7-list-item\"><label><input type=\"checkbox\" name=\"acceptance-606\" value=\"1\" aria-invalid=\"false\" \/><span class=\"wpcf7-list-item-label\">* I hereby consent to have the submitted information processed for my quotation<\/span><\/label><\/span><\/span><\/span>\n\t\t\t\t\t\t<\/p>\n\t\t\t\t\t<\/div>\n\t\t\t\t<\/div>\n\t\t\t<\/div>\n\t\t<\/div>\n\t<\/div>\n<\/div><div class=\"wpcf7-response-output\" aria-hidden=\"true\"><\/div>\n<\/form>\n<\/div>\n\n<\/div><\/div>\n\r\n<div class=\"container\">\t\r\n<hr class=\"footer-hr box-red-hr\">\r\n        <div class=\"box-red\">\r\n            <div class=\"box-left\">\r\n                <h3><h3>TUBULAR<sup>TM<\/sup><br>TUB-AX<\/h3><\/h3>\r\n                <a class=\"btn-b btn-black\" href=\"https:\/\/www.volvetia.com\/specyfikacja-tubular-tub-ax\/#\">TUBULAR<span><\/span><\/a>\r\n            <\/div>\r\n            <div class=\"box-right\">\r\n                <div class=\"red-desc\"><p class=\"title-small\">Our offer<\/p>\n<p>Better equivalent of the <strong>XRUHAKXS<\/strong> cable: purchase cost reduction by 15\u201320%<\/p><\/div>\r\n            <\/div>\r\n           <img decoding=\"async\" src=\"https:\/\/www.volvetia.com\/wp-content\/uploads\/2021\/02\/TUBULARTM-TUB-AX-b.png\" alt=\"TUBULARTMTUB-AX\">\r\n    <\/div>\r\n<\/div>\r\n\r\n","protected":false},"excerpt":{"rendered":"<p>Our offer Safety data sheets<\/p>\n","protected":false},"author":1,"featured_media":0,"parent":0,"menu_order":0,"comment_status":"closed","ping_status":"closed","template":"page-full-header-big.php","meta":{"_acf_changed":false,"inline_featured_image":false,"footnotes":""},"class_list":["post-1816","page","type-page","status-publish","hentry"],"acf":[],"yoast_head":"<!-- This site is optimized with the Yoast SEO plugin v24.8.1 - https:\/\/yoast.com\/wordpress\/plugins\/seo\/ -->\n<title>SPECIALIST MEDIUM VOLTAGE CABLES - Volvetia<\/title>\n<meta name=\"robots\" content=\"index, follow, max-snippet:-1, max-image-preview:large, max-video-preview:-1\" \/>\n<link rel=\"canonical\" href=\"https:\/\/www.volvetia.com\/specjalistyczne-kable-sredniego-napiecia\/\" \/>\n<meta property=\"og:locale\" content=\"en_US\" \/>\n<meta property=\"og:type\" content=\"article\" \/>\n<meta property=\"og:title\" content=\"SPECIALIST MEDIUM VOLTAGE CABLES - Volvetia\" \/>\n<meta property=\"og:description\" content=\"Our offer Safety data sheets\" \/>\n<meta property=\"og:url\" content=\"https:\/\/www.volvetia.com\/specjalistyczne-kable-sredniego-napiecia\/\" \/>\n<meta property=\"og:site_name\" content=\"Volvetia\" \/>\n<meta property=\"article:modified_time\" content=\"2021-08-10T08:26:40+00:00\" \/>\n<meta name=\"twitter:card\" content=\"summary_large_image\" \/>\n<script type=\"application\/ld+json\" class=\"yoast-schema-graph\">{\"@context\":\"https:\/\/schema.org\",\"@graph\":[{\"@type\":\"WebPage\",\"@id\":\"https:\/\/www.volvetia.com\/specjalistyczne-kable-sredniego-napiecia\/\",\"url\":\"https:\/\/www.volvetia.com\/specjalistyczne-kable-sredniego-napiecia\/\",\"name\":\"SPECIALIST MEDIUM VOLTAGE CABLES - Volvetia\",\"isPartOf\":{\"@id\":\"https:\/\/www.volvetia.com\/#website\"},\"datePublished\":\"2021-03-01T09:11:51+00:00\",\"dateModified\":\"2021-08-10T08:26:40+00:00\",\"breadcrumb\":{\"@id\":\"https:\/\/www.volvetia.com\/specjalistyczne-kable-sredniego-napiecia\/#breadcrumb\"},\"inLanguage\":\"en-US\",\"potentialAction\":[{\"@type\":\"ReadAction\",\"target\":[\"https:\/\/www.volvetia.com\/specjalistyczne-kable-sredniego-napiecia\/\"]}]},{\"@type\":\"BreadcrumbList\",\"@id\":\"https:\/\/www.volvetia.com\/specjalistyczne-kable-sredniego-napiecia\/#breadcrumb\",\"itemListElement\":[{\"@type\":\"ListItem\",\"position\":1,\"name\":\"Strona g\u0142\u00f3wna\",\"item\":\"https:\/\/www.volvetia.com\/en\/\"},{\"@type\":\"ListItem\",\"position\":2,\"name\":\"SPECIALIST MEDIUM VOLTAGE CABLES\"}]},{\"@type\":\"WebSite\",\"@id\":\"https:\/\/www.volvetia.com\/#website\",\"url\":\"https:\/\/www.volvetia.com\/\",\"name\":\"Volvetia\",\"description\":\"Kable \u015brednich napi\u0119\u0107\",\"potentialAction\":[{\"@type\":\"SearchAction\",\"target\":{\"@type\":\"EntryPoint\",\"urlTemplate\":\"https:\/\/www.volvetia.com\/?s={search_term_string}\"},\"query-input\":{\"@type\":\"PropertyValueSpecification\",\"valueRequired\":true,\"valueName\":\"search_term_string\"}}],\"inLanguage\":\"en-US\"}]}<\/script>\n<!-- \/ Yoast SEO plugin. -->","yoast_head_json":{"title":"SPECIALIST MEDIUM VOLTAGE CABLES - Volvetia","robots":{"index":"index","follow":"follow","max-snippet":"max-snippet:-1","max-image-preview":"max-image-preview:large","max-video-preview":"max-video-preview:-1"},"canonical":"https:\/\/www.volvetia.com\/specjalistyczne-kable-sredniego-napiecia\/","og_locale":"en_US","og_type":"article","og_title":"SPECIALIST MEDIUM VOLTAGE CABLES - Volvetia","og_description":"Our offer Safety data sheets","og_url":"https:\/\/www.volvetia.com\/specjalistyczne-kable-sredniego-napiecia\/","og_site_name":"Volvetia","article_modified_time":"2021-08-10T08:26:40+00:00","twitter_card":"summary_large_image","schema":{"@context":"https:\/\/schema.org","@graph":[{"@type":"WebPage","@id":"https:\/\/www.volvetia.com\/specjalistyczne-kable-sredniego-napiecia\/","url":"https:\/\/www.volvetia.com\/specjalistyczne-kable-sredniego-napiecia\/","name":"SPECIALIST MEDIUM VOLTAGE CABLES - Volvetia","isPartOf":{"@id":"https:\/\/www.volvetia.com\/#website"},"datePublished":"2021-03-01T09:11:51+00:00","dateModified":"2021-08-10T08:26:40+00:00","breadcrumb":{"@id":"https:\/\/www.volvetia.com\/specjalistyczne-kable-sredniego-napiecia\/#breadcrumb"},"inLanguage":"en-US","potentialAction":[{"@type":"ReadAction","target":["https:\/\/www.volvetia.com\/specjalistyczne-kable-sredniego-napiecia\/"]}]},{"@type":"BreadcrumbList","@id":"https:\/\/www.volvetia.com\/specjalistyczne-kable-sredniego-napiecia\/#breadcrumb","itemListElement":[{"@type":"ListItem","position":1,"name":"Strona g\u0142\u00f3wna","item":"https:\/\/www.volvetia.com\/en\/"},{"@type":"ListItem","position":2,"name":"SPECIALIST MEDIUM VOLTAGE CABLES"}]},{"@type":"WebSite","@id":"https:\/\/www.volvetia.com\/#website","url":"https:\/\/www.volvetia.com\/","name":"Volvetia","description":"Kable \u015brednich napi\u0119\u0107","potentialAction":[{"@type":"SearchAction","target":{"@type":"EntryPoint","urlTemplate":"https:\/\/www.volvetia.com\/?s={search_term_string}"},"query-input":{"@type":"PropertyValueSpecification","valueRequired":true,"valueName":"search_term_string"}}],"inLanguage":"en-US"}]}},"_links":{"self":[{"href":"https:\/\/www.volvetia.com\/en\/wp-json\/wp\/v2\/pages\/1816","targetHints":{"allow":["GET"]}}],"collection":[{"href":"https:\/\/www.volvetia.com\/en\/wp-json\/wp\/v2\/pages"}],"about":[{"href":"https:\/\/www.volvetia.com\/en\/wp-json\/wp\/v2\/types\/page"}],"author":[{"embeddable":true,"href":"https:\/\/www.volvetia.com\/en\/wp-json\/wp\/v2\/users\/1"}],"replies":[{"embeddable":true,"href":"https:\/\/www.volvetia.com\/en\/wp-json\/wp\/v2\/comments?post=1816"}],"version-history":[{"count":6,"href":"https:\/\/www.volvetia.com\/en\/wp-json\/wp\/v2\/pages\/1816\/revisions"}],"predecessor-version":[{"id":2575,"href":"https:\/\/www.volvetia.com\/en\/wp-json\/wp\/v2\/pages\/1816\/revisions\/2575"}],"wp:attachment":[{"href":"https:\/\/www.volvetia.com\/en\/wp-json\/wp\/v2\/media?parent=1816"}],"curies":[{"name":"wp","href":"https:\/\/api.w.org\/{rel}","templated":true}]}}