{"id":1827,"date":"2021-02-20T13:45:13","date_gmt":"2021-02-20T12:45:13","guid":{"rendered":"https:\/\/www.volvetia.com\/home-page\/"},"modified":"2021-08-10T11:26:08","modified_gmt":"2021-08-10T09:26:08","slug":"home-page","status":"publish","type":"page","link":"https:\/\/www.volvetia.com\/en\/","title":{"rendered":"Home Page"},"content":{"rendered":"\n<div class=\"wp-block-group alignfull top-feature\"><div class=\"wp-block-group__inner-container is-layout-flow wp-block-group-is-layout-flow\"><div class=\"top-feature\">\r\n    <div class=\"container\">\t\r\n        \r\n         <span class=\"title-small\">Our offer<\/span>\r\n             \r\n         <h2>Supplying cables for<\/h2>\r\n              <div id=\"top-feature-slider\" class=\"row\">            \r\n                <div class=\"col-4 c1\">\r\n             <a href=\"#\">\r\n\t\t        <h3>Renewable Energy Engineering<\/h3>\r\n                <p>Both Polish project owners and international corporations reduce the costs of sourcing MV cables by converting XRUHAKXS cables with 50 mm\u00b2 Cu screens to TUBULAR\u2122TUB-AX cables, which provide improved electrical performance and a reduction of purchase costs by 20%.<\/p>\n\t    \t<\/a>\r\n       <\/div>\r\n               <div class=\"col-4 c2\">\r\n             <a href=\"#\">\r\n\t\t        <h3>Heavy industry<\/h3>\r\n                <p>An industrial project can be optimised with TUBULAR\u2122TUB-AX MV cables.<br \/>\nYou can always replace XRUHAKXS or YHAKXS cables with Cu screens with TUBULAR\u2122TUB-AX cables of higher electrical and mechanical performance while cutting down the purchase costs by 15% to 20%.<\/p>\n\t    \t<\/a>\r\n       <\/div>\r\n               <div class=\"col-4 c3\">\r\n             <a href=\"#\">\r\n\t\t        <h3>Power utilities<\/h3>\r\n                <p>We supply cables with copper or aluminium live wires in every possible version, including XnRUHAKXS, XnRUHKXS, YHAKXS, YHKXS, XUHKXS, XUHAKXS, XnUHKXS, and XnUHAKXS, rated at 6\/10, 12\/20, or 18\/30 kV<\/p>\n\t    \t<\/a>\r\n       <\/div>\r\n               <div class=\"col-4 c4\">\r\n             <a href=\"#\">\r\n\t\t        <h3>Petrochemical and chemical processing<\/h3>\r\n                <p>Dedicated MV cables in flame-retardant or self-extinguishing sheaths, MV cables resistant to hydrocarbons, oils, and petrochemical products, and armoured MV cable types XRUHAKXSFoy, XRUHAKXSFpy, XRUHKXSFoXn, and XRUHAKXSFoxn. The cable armour options include steel bands and galvanised steel wire mesh.<\/p>\n\t    \t<\/a>\r\n       <\/div>\r\n               <div class=\"col-4 c5\">\r\n             <a href=\"\">\r\n\t\t        <h3>Production buildings<\/h3>\r\n                <p>For a new production building project, the XRUHAKXS MV cables can be easily replaced with TUBULAR\u2122TUB-AX cables of higher electrical performance which are 15% to 20% less expensive to source.<\/p>\n\t    \t<\/a>\r\n       <\/div>\r\n               <div class=\"col-4 c6\">\r\n             <a href=\"\">\r\n\t\t        <h3>Highways and road tunnels<\/h3>\r\n                <p>The MV cable for road and railway tunnel systems is fire-resistant for 90 minutes. It is the only cable solution in the world that can significantly reduce the costs of encasing MV cables with fire-rated panels, like PROMATECT-H, PROMAXON, PROMATECT-100 X, silicate calcium, or silicate cement panels; the cost reduction can be up to 80%.<\/p>\n\t    \t<\/a>\r\n       <\/div>\r\n           \r\n\r\n<\/div>\r\n<\/div>\r\n<\/div>\r\n<style type=\"text\/css\">\r\n\t\r\n        .top-feature .col-4.c1::after {\r\n            background-image: url(https:\/\/www.volvetia.com\/wp-content\/uploads\/2021\/02\/bg1.jpg);           \r\n        }        \r\n\t\r\n        .top-feature .col-4.c2::after {\r\n            background-image: url(https:\/\/www.volvetia.com\/wp-content\/uploads\/2021\/02\/bg2.jpg);           \r\n        }        \r\n\t\r\n        .top-feature .col-4.c3::after {\r\n            background-image: url(https:\/\/www.volvetia.com\/wp-content\/uploads\/2021\/03\/bg3.jpg);           \r\n        }        \r\n\t\r\n        .top-feature .col-4.c4::after {\r\n            background-image: url(https:\/\/www.volvetia.com\/wp-content\/uploads\/2021\/03\/bg4.jpg);           \r\n        }        \r\n\t\r\n        .top-feature .col-4.c5::after {\r\n            background-image: url(https:\/\/www.volvetia.com\/wp-content\/uploads\/2021\/03\/bg5.jpg);           \r\n        }        \r\n\t\r\n        .top-feature .col-4.c6::after {\r\n            background-image: url(https:\/\/www.volvetia.com\/wp-content\/uploads\/2021\/03\/bg6.jpg);           \r\n        }        \r\n<\/style><\/div><\/div>\n\n<div class=\"wp-block-group alignwide box1 box\"><div class=\"wp-block-group__inner-container is-layout-flow wp-block-group-is-layout-flow\">\n<div class=\"wp-block-columns alignfull are-vertically-aligned-center container is-layout-flex wp-container-core-columns-is-layout-9d6595d7 wp-block-columns-is-layout-flex\">\n<div class=\"wp-block-column is-vertically-aligned-center is-layout-flow wp-block-column-is-layout-flow\" style=\"flex-basis:33.33%\">\n<p class=\"title-small\">Our offer<\/p>\n\n\n\n<h3 class=\"wp-block-heading\">TUBULAR<sup>TM<\/sup><br\/>TUB-AX<\/h3>\n\n\n\n<p>Innovative medium voltage cable.<br\/>Better <strong>equivalent to the XRUHAKXS cable<\/strong><\/p>\n\n\n\n<a class=\"btn-b\" href=\"https:\/\/www.volvetia.com\/en\/tubular-tub-ax-specification\/#\">Tubular Cable<span><\/span><\/a>\n<\/div>\n\n\n\n<div class=\"wp-block-column is-vertically-aligned-center is-layout-flow wp-block-column-is-layout-flow\" style=\"flex-basis:66.66%\">\n<figure class=\"wp-block-image size-large\"><img loading=\"lazy\" decoding=\"async\" width=\"1024\" height=\"364\" src=\"https:\/\/www.volvetia.com\/wp-content\/uploads\/2021\/03\/kabel-Tubular-svg-1024x364.png\" alt=\"\" class=\"wp-image-986\" srcset=\"https:\/\/www.volvetia.com\/wp-content\/uploads\/2021\/03\/kabel-Tubular-svg-1024x364.png 1024w, https:\/\/www.volvetia.com\/wp-content\/uploads\/2021\/03\/kabel-Tubular-svg-300x107.png 300w, https:\/\/www.volvetia.com\/wp-content\/uploads\/2021\/03\/kabel-Tubular-svg-768x273.png 768w, https:\/\/www.volvetia.com\/wp-content\/uploads\/2021\/03\/kabel-Tubular-svg.png 1114w\" sizes=\"auto, (max-width: 1024px) 100vw, 1024px\" \/><\/figure>\n\n\n\n<div class=\"lottie\" id=\"svg-anim\"><\/div>\n<\/div>\n<\/div>\n<\/div><\/div>\n\n<div class=\"wp-block-group alignwide box2 box box-dark\"><div class=\"wp-block-group__inner-container is-layout-flow wp-block-group-is-layout-flow\">\n<div class=\"wp-block-columns alignfull are-vertically-aligned-center container is-layout-flex wp-container-core-columns-is-layout-9d6595d7 wp-block-columns-is-layout-flex\">\n<div class=\"wp-block-column is-vertically-aligned-center is-layout-flow wp-block-column-is-layout-flow\" style=\"flex-basis:36.33%\">\n<p class=\"title-small\">Our offer<\/p>\n\n\n\n<h3 class=\"wp-block-heading\">STANDARD MEDIUM VOLTAGE CABLES<\/h3>\n\n\n\n<p>XnRUHAKXS, XnRUHKXS, YnRUHKXS<br\/>YnRUHAKXS, YHKXS, YnHKXS, YUHAKXS<br\/>other medium voltage cables.<\/p>\n\n\n\n<a class=\"btn-b\" href=\"https:\/\/www.volvetia.com\/?s=&#038;typ=&#038;napiecie=&#038;przekroj_zyly=&#038;material_powloki=#\">Standard Cables<span><\/span><\/a>\n<\/div>\n\n\n\n<div class=\"wp-block-column is-vertically-aligned-center is-layout-flow wp-block-column-is-layout-flow\" style=\"flex-basis:66.66%\">\n<figure class=\"wp-block-image size-large\"><img loading=\"lazy\" decoding=\"async\" width=\"1024\" height=\"402\" src=\"https:\/\/www.volvetia.com\/wp-content\/uploads\/2021\/06\/1-kabel-Volvetia-OLX-1500x1205_3_2-1024x402.png\" alt=\"\" class=\"wp-image-1744\" srcset=\"https:\/\/www.volvetia.com\/wp-content\/uploads\/2021\/06\/1-kabel-Volvetia-OLX-1500x1205_3_2-1024x402.png 1024w, https:\/\/www.volvetia.com\/wp-content\/uploads\/2021\/06\/1-kabel-Volvetia-OLX-1500x1205_3_2-300x118.png 300w, https:\/\/www.volvetia.com\/wp-content\/uploads\/2021\/06\/1-kabel-Volvetia-OLX-1500x1205_3_2-768x302.png 768w, https:\/\/www.volvetia.com\/wp-content\/uploads\/2021\/06\/1-kabel-Volvetia-OLX-1500x1205_3_2-1536x603.png 1536w, https:\/\/www.volvetia.com\/wp-content\/uploads\/2021\/06\/1-kabel-Volvetia-OLX-1500x1205_3_2.png 1900w\" sizes=\"auto, (max-width: 1024px) 100vw, 1024px\" \/><\/figure>\n\n\n\n<div class=\"lottie\" id=\"svg-anim2\"><\/div>\n<\/div>\n<\/div>\n\n\n\n<p><\/p>\n<\/div><\/div>\n\n<div class=\"wp-block-group alignwide box3\"><div class=\"wp-block-group__inner-container is-layout-flow wp-block-group-is-layout-flow\">\n<div class=\"wp-block-columns alignwide container is-layout-flex wp-container-core-columns-is-layout-9d6595d7 wp-block-columns-is-layout-flex\">\n<div class=\"wp-block-column is-layout-flow wp-block-column-is-layout-flow\" style=\"flex-basis:40%\">\n<figure class=\"wp-block-image size-full\"><img loading=\"lazy\" decoding=\"async\" width=\"254\" height=\"192\" src=\"https:\/\/www.volvetia.com\/wp-content\/uploads\/2021\/02\/kable-srednich-napiec.png\" alt=\"optimisation of the investment in medium voltage cables\" class=\"wp-image-90\"\/><\/figure>\n\n\n\n<p class=\"title-small\">Our offer<\/p>\n\n\n\n<h4 class=\"wp-block-heading\">optimisation of the investment in<br\/>medium voltage cables<\/h4>\n\n\n\n<p>We optimise the purchase costs of medium voltage cables by 15\u201320%<\/p>\n\n\n\n<p>We improve the electrical performance of your installation without increasing your costs.<\/p>\n\n\n\n<p><a class=\"btn-b\" href=\"https:\/\/www.volvetia.com\/en\/optimisation\/#\">Optimisation<span><\/span><\/a><\/p>\n\n\n\n<p><\/p>\n<\/div>\n\n\n\n<div class=\"wp-block-column is-layout-flow wp-block-column-is-layout-flow\" style=\"flex-basis:40%\">\n<figure class=\"wp-block-image size-full\"><img loading=\"lazy\" decoding=\"async\" width=\"174\" height=\"129\" src=\"https:\/\/www.volvetia.com\/wp-content\/uploads\/2021\/02\/optymalizacja-inwestycji.png\" alt=\"optimisation of the investment in medium voltage cables\" class=\"wp-image-92\"\/><\/figure>\n\n\n\n<p class=\"title-small\">Our offer<\/p>\n\n\n\n<h4 class=\"wp-block-heading\">specialised medium<br\/>voltage cables<\/h4>\n\n\n\n<p>Non-standard structures of medium voltage cables, reinforced medium voltage cables<\/p>\n\n\n\n<p><a class=\"btn-b\" href=\"https:\/\/www.volvetia.com\/en\/specialised-medium-voltage-cables\/#\">Specialised cables<span><\/span><\/a><\/p>\n<\/div>\n<\/div>\n<\/div><\/div>\n\n<div class=\"wp-block-group alignwide box box-purple\"><div class=\"wp-block-group__inner-container is-layout-flow wp-block-group-is-layout-flow\">\n<div class=\"wp-block-columns alignwide container is-layout-flex wp-container-core-columns-is-layout-9d6595d7 wp-block-columns-is-layout-flex\">\n<div class=\"wp-block-column is-vertically-aligned-center is-layout-flow wp-block-column-is-layout-flow\" style=\"flex-basis:40%\">\n<p class=\"title-small\">Our offer<\/p>\n\n\n\n<h4 class=\"wp-block-heading\">we carry out demanding orders with short deadlines<\/h4>\n\n\n\n<ul class=\"li-arrow wp-block-list\"><li>short production runs,<\/li><li>short production deadlines<br\/>(up to approx. 4\u20136 weeks for non-standard cross sections of medium voltage cables),<br\/>versions with self-extinguishing coating <br\/>Xn lub Yn (XnRUHAKXS, XnRUHKXS, <br\/>YnRUHKXS, YnRUHAKXS, YHKXS,<br\/>YUHAKXS) and other<\/li><li>highly atypical MV cable constructions, <br\/>including reinforced MV cables.<\/li><\/ul>\n\n\n\n<p><\/p>\n<\/div>\n\n\n\n<div class=\"wp-block-column img-top is-layout-flow wp-block-column-is-layout-flow\">\n<figure class=\"wp-block-image size-full\"><img loading=\"lazy\" decoding=\"async\" width=\"952\" height=\"834\" src=\"https:\/\/www.volvetia.com\/wp-content\/uploads\/2021\/02\/wiatrak.jpg\" alt=\"\" class=\"wp-image-136\" srcset=\"https:\/\/www.volvetia.com\/wp-content\/uploads\/2021\/02\/wiatrak.jpg 952w, https:\/\/www.volvetia.com\/wp-content\/uploads\/2021\/02\/wiatrak-300x263.jpg 300w, https:\/\/www.volvetia.com\/wp-content\/uploads\/2021\/02\/wiatrak-768x673.jpg 768w\" sizes=\"auto, (max-width: 952px) 100vw, 952px\" \/><\/figure>\n<\/div>\n<\/div>\n<\/div><\/div>\n","protected":false},"excerpt":{"rendered":"<p>Our offer TUBULARTMTUB-AX Innovative medium voltage cable.Better equivalent to the XRUHAKXS cable Tubular Cable Our offer STANDARD MEDIUM VOLTAGE CABLES XnRUHAKXS, XnRUHKXS, YnRUHKXSYnRUHAKXS, YHKXS, YnHKXS, YUHAKXSother medium voltage cables. Standard Cables Our offer optimisation of the investment inmedium voltage cables We optimise the purchase costs of medium voltage cables by 15\u201320% We improve the electrical [&hellip;]<\/p>\n","protected":false},"author":1,"featured_media":0,"parent":0,"menu_order":0,"comment_status":"closed","ping_status":"closed","template":"page-full-slider.php","meta":{"_acf_changed":false,"inline_featured_image":false,"footnotes":""},"class_list":["post-1827","page","type-page","status-publish","hentry"],"acf":[],"yoast_head":"<!-- This site is optimized with the Yoast SEO plugin v24.8.1 - https:\/\/yoast.com\/wordpress\/plugins\/seo\/ -->\n<title>Volvetia \u2013 Medium Voltage Cables \/ innovative TUBULAR Cable<\/title>\n<meta name=\"description\" content=\"Innovative solutions for the transmission of electrical energy. Medium Voltage Cables, Tubular cable Better equivalent to the XRUHAKXS cable cost reduction by 15%\" \/>\n<meta name=\"robots\" content=\"index, follow, max-snippet:-1, max-image-preview:large, max-video-preview:-1\" \/>\n<link rel=\"canonical\" href=\"https:\/\/www.volvetia.com\/en\/\" \/>\n<meta property=\"og:locale\" content=\"en_US\" \/>\n<meta property=\"og:type\" content=\"article\" \/>\n<meta property=\"og:title\" content=\"Volvetia \u2013 Medium Voltage Cables \/ innovative TUBULAR Cable\" \/>\n<meta property=\"og:description\" content=\"Innovative solutions for the transmission of electrical energy. Medium Voltage Cables, Tubular cable Better equivalent to the XRUHAKXS cable cost reduction by 15%\" \/>\n<meta property=\"og:url\" content=\"https:\/\/www.volvetia.com\/en\/\" \/>\n<meta property=\"og:site_name\" content=\"Volvetia\" \/>\n<meta property=\"article:modified_time\" content=\"2021-08-10T09:26:08+00:00\" \/>\n<meta property=\"og:image\" content=\"https:\/\/www.volvetia.com\/wp-content\/uploads\/2021\/03\/kabel-Tubular-svg-1024x364.png\" \/>\n<meta name=\"twitter:card\" content=\"summary_large_image\" \/>\n<meta name=\"twitter:label1\" content=\"Est. reading time\" \/>\n\t<meta name=\"twitter:data1\" content=\"1 minute\" \/>\n<script type=\"application\/ld+json\" class=\"yoast-schema-graph\">{\"@context\":\"https:\/\/schema.org\",\"@graph\":[{\"@type\":\"WebPage\",\"@id\":\"https:\/\/www.volvetia.com\/en\/\",\"url\":\"https:\/\/www.volvetia.com\/en\/\",\"name\":\"Volvetia \u2013 Medium Voltage Cables \/ innovative TUBULAR Cable\",\"isPartOf\":{\"@id\":\"https:\/\/www.volvetia.com\/#website\"},\"primaryImageOfPage\":{\"@id\":\"https:\/\/www.volvetia.com\/en\/#primaryimage\"},\"image\":{\"@id\":\"https:\/\/www.volvetia.com\/en\/#primaryimage\"},\"thumbnailUrl\":\"https:\/\/www.volvetia.com\/wp-content\/uploads\/2021\/03\/kabel-Tubular-svg-1024x364.png\",\"datePublished\":\"2021-02-20T12:45:13+00:00\",\"dateModified\":\"2021-08-10T09:26:08+00:00\",\"description\":\"Innovative solutions for the transmission of electrical energy. Medium Voltage Cables, Tubular cable Better equivalent to the XRUHAKXS cable cost reduction by 15%\",\"breadcrumb\":{\"@id\":\"https:\/\/www.volvetia.com\/en\/#breadcrumb\"},\"inLanguage\":\"en-US\",\"potentialAction\":[{\"@type\":\"ReadAction\",\"target\":[\"https:\/\/www.volvetia.com\/en\/\"]}]},{\"@type\":\"ImageObject\",\"inLanguage\":\"en-US\",\"@id\":\"https:\/\/www.volvetia.com\/en\/#primaryimage\",\"url\":\"https:\/\/www.volvetia.com\/wp-content\/uploads\/2021\/03\/kabel-Tubular-svg-1024x364.png\",\"contentUrl\":\"https:\/\/www.volvetia.com\/wp-content\/uploads\/2021\/03\/kabel-Tubular-svg-1024x364.png\"},{\"@type\":\"BreadcrumbList\",\"@id\":\"https:\/\/www.volvetia.com\/en\/#breadcrumb\",\"itemListElement\":[{\"@type\":\"ListItem\",\"position\":1,\"name\":\"Strona g\u0142\u00f3wna\",\"item\":\"https:\/\/www.volvetia.com\/en\/\"},{\"@type\":\"ListItem\",\"position\":2,\"name\":\"Home Page\"}]},{\"@type\":\"WebSite\",\"@id\":\"https:\/\/www.volvetia.com\/#website\",\"url\":\"https:\/\/www.volvetia.com\/\",\"name\":\"Volvetia\",\"description\":\"Kable \u015brednich napi\u0119\u0107\",\"potentialAction\":[{\"@type\":\"SearchAction\",\"target\":{\"@type\":\"EntryPoint\",\"urlTemplate\":\"https:\/\/www.volvetia.com\/?s={search_term_string}\"},\"query-input\":{\"@type\":\"PropertyValueSpecification\",\"valueRequired\":true,\"valueName\":\"search_term_string\"}}],\"inLanguage\":\"en-US\"}]}<\/script>\n<!-- \/ Yoast SEO plugin. -->","yoast_head_json":{"title":"Volvetia \u2013 Medium Voltage Cables \/ innovative TUBULAR Cable","description":"Innovative solutions for the transmission of electrical energy. Medium Voltage Cables, Tubular cable Better equivalent to the XRUHAKXS cable cost reduction by 15%","robots":{"index":"index","follow":"follow","max-snippet":"max-snippet:-1","max-image-preview":"max-image-preview:large","max-video-preview":"max-video-preview:-1"},"canonical":"https:\/\/www.volvetia.com\/en\/","og_locale":"en_US","og_type":"article","og_title":"Volvetia \u2013 Medium Voltage Cables \/ innovative TUBULAR Cable","og_description":"Innovative solutions for the transmission of electrical energy. Medium Voltage Cables, Tubular cable Better equivalent to the XRUHAKXS cable cost reduction by 15%","og_url":"https:\/\/www.volvetia.com\/en\/","og_site_name":"Volvetia","article_modified_time":"2021-08-10T09:26:08+00:00","og_image":[{"url":"https:\/\/www.volvetia.com\/wp-content\/uploads\/2021\/03\/kabel-Tubular-svg-1024x364.png","type":"","width":"","height":""}],"twitter_card":"summary_large_image","twitter_misc":{"Est. reading time":"1 minute"},"schema":{"@context":"https:\/\/schema.org","@graph":[{"@type":"WebPage","@id":"https:\/\/www.volvetia.com\/en\/","url":"https:\/\/www.volvetia.com\/en\/","name":"Volvetia \u2013 Medium Voltage Cables \/ innovative TUBULAR Cable","isPartOf":{"@id":"https:\/\/www.volvetia.com\/#website"},"primaryImageOfPage":{"@id":"https:\/\/www.volvetia.com\/en\/#primaryimage"},"image":{"@id":"https:\/\/www.volvetia.com\/en\/#primaryimage"},"thumbnailUrl":"https:\/\/www.volvetia.com\/wp-content\/uploads\/2021\/03\/kabel-Tubular-svg-1024x364.png","datePublished":"2021-02-20T12:45:13+00:00","dateModified":"2021-08-10T09:26:08+00:00","description":"Innovative solutions for the transmission of electrical energy. Medium Voltage Cables, Tubular cable Better equivalent to the XRUHAKXS cable cost reduction by 15%","breadcrumb":{"@id":"https:\/\/www.volvetia.com\/en\/#breadcrumb"},"inLanguage":"en-US","potentialAction":[{"@type":"ReadAction","target":["https:\/\/www.volvetia.com\/en\/"]}]},{"@type":"ImageObject","inLanguage":"en-US","@id":"https:\/\/www.volvetia.com\/en\/#primaryimage","url":"https:\/\/www.volvetia.com\/wp-content\/uploads\/2021\/03\/kabel-Tubular-svg-1024x364.png","contentUrl":"https:\/\/www.volvetia.com\/wp-content\/uploads\/2021\/03\/kabel-Tubular-svg-1024x364.png"},{"@type":"BreadcrumbList","@id":"https:\/\/www.volvetia.com\/en\/#breadcrumb","itemListElement":[{"@type":"ListItem","position":1,"name":"Strona g\u0142\u00f3wna","item":"https:\/\/www.volvetia.com\/en\/"},{"@type":"ListItem","position":2,"name":"Home Page"}]},{"@type":"WebSite","@id":"https:\/\/www.volvetia.com\/#website","url":"https:\/\/www.volvetia.com\/","name":"Volvetia","description":"Kable \u015brednich napi\u0119\u0107","potentialAction":[{"@type":"SearchAction","target":{"@type":"EntryPoint","urlTemplate":"https:\/\/www.volvetia.com\/?s={search_term_string}"},"query-input":{"@type":"PropertyValueSpecification","valueRequired":true,"valueName":"search_term_string"}}],"inLanguage":"en-US"}]}},"_links":{"self":[{"href":"https:\/\/www.volvetia.com\/en\/wp-json\/wp\/v2\/pages\/1827","targetHints":{"allow":["GET"]}}],"collection":[{"href":"https:\/\/www.volvetia.com\/en\/wp-json\/wp\/v2\/pages"}],"about":[{"href":"https:\/\/www.volvetia.com\/en\/wp-json\/wp\/v2\/types\/page"}],"author":[{"embeddable":true,"href":"https:\/\/www.volvetia.com\/en\/wp-json\/wp\/v2\/users\/1"}],"replies":[{"embeddable":true,"href":"https:\/\/www.volvetia.com\/en\/wp-json\/wp\/v2\/comments?post=1827"}],"version-history":[{"count":19,"href":"https:\/\/www.volvetia.com\/en\/wp-json\/wp\/v2\/pages\/1827\/revisions"}],"predecessor-version":[{"id":2553,"href":"https:\/\/www.volvetia.com\/en\/wp-json\/wp\/v2\/pages\/1827\/revisions\/2553"}],"wp:attachment":[{"href":"https:\/\/www.volvetia.com\/en\/wp-json\/wp\/v2\/media?parent=1827"}],"curies":[{"name":"wp","href":"https:\/\/api.w.org\/{rel}","templated":true}]}}