{"id":2940,"date":"2025-04-23T13:29:44","date_gmt":"2025-04-23T11:29:44","guid":{"rendered":"https:\/\/www.volvetia.com\/tubular-prezentacja-2\/"},"modified":"2025-04-28T07:31:58","modified_gmt":"2025-04-28T05:31:58","slug":"tubular-prezentacja-2","status":"publish","type":"page","link":"https:\/\/www.volvetia.com\/en\/tubular-prezentacja-2\/","title":{"rendered":"Tubular prezentacja &#8211; 2"},"content":{"rendered":"\n<div style=\"height:58px\" aria-hidden=\"true\" class=\"wp-block-spacer hidden-xs\"><\/div>\n\n\n\n<h2 class=\"wp-block-heading container\">Zalety kabla i przewaga nad XRUHAKXS<\/h2>\n\n\n\n<div class=\"wp-block-group alignwide\"><div class=\"wp-block-group__inner-container is-layout-flow wp-block-group-is-layout-flow\">\n<div class=\"wp-block-columns alignwide s-padding is-layout-flex wp-container-core-columns-is-layout-9d6595d7 wp-block-columns-is-layout-flex\">\n<div class=\"wp-block-column xs-col-2 is-layout-flow wp-block-column-is-layout-flow\">\n<div class=\"wp-block-group col-block-s\"><div class=\"wp-block-group__inner-container is-layout-flow wp-block-group-is-layout-flow\"><div class=\"wp-block-image\">\n<figure class=\"aligncenter size-large\"><img loading=\"lazy\" decoding=\"async\" width=\"225\" height=\"225\" src=\"http:\/\/volvetia.com\/wp-content\/uploads\/2021\/03\/nizsza-waga.png\" alt=\"\" class=\"wp-image-758\" srcset=\"https:\/\/www.volvetia.com\/wp-content\/uploads\/2021\/03\/nizsza-waga.png 225w, https:\/\/www.volvetia.com\/wp-content\/uploads\/2021\/03\/nizsza-waga-150x150.png 150w\" sizes=\"auto, (max-width: 225px) 100vw, 225px\" \/><\/figure>\n<\/div>\n\n\n<p class=\"has-text-align-center\">Ni\u017csza waga<\/p>\n<\/div><\/div>\n\n\n\n<div class=\"wp-block-group col-block-s\"><div class=\"wp-block-group__inner-container is-layout-flow wp-block-group-is-layout-flow\"><div class=\"wp-block-image\">\n<figure class=\"aligncenter size-large\"><img loading=\"lazy\" decoding=\"async\" width=\"225\" height=\"224\" src=\"http:\/\/volvetia.com\/wp-content\/uploads\/2021\/03\/lepsze-chlodzenie.png\" alt=\"\" class=\"wp-image-764\" srcset=\"https:\/\/www.volvetia.com\/wp-content\/uploads\/2021\/03\/lepsze-chlodzenie.png 225w, https:\/\/www.volvetia.com\/wp-content\/uploads\/2021\/03\/lepsze-chlodzenie-150x150.png 150w\" sizes=\"auto, (max-width: 225px) 100vw, 225px\" \/><\/figure>\n<\/div>\n\n\n<p class=\"has-text-align-center\">lepsze ch\u0142odzenie<\/p>\n<\/div><\/div>\n<\/div>\n\n\n\n<div class=\"wp-block-column xs-col-2 is-layout-flow wp-block-column-is-layout-flow\">\n<div class=\"wp-block-group col-block-s\"><div class=\"wp-block-group__inner-container is-layout-flow wp-block-group-is-layout-flow\"><div class=\"wp-block-image\">\n<figure class=\"aligncenter size-full\"><img loading=\"lazy\" decoding=\"async\" width=\"226\" height=\"226\" src=\"https:\/\/www.volvetia.com\/wp-content\/uploads\/2025\/04\/ikony_co2.png\" alt=\"\" class=\"wp-image-2728\" srcset=\"https:\/\/www.volvetia.com\/wp-content\/uploads\/2025\/04\/ikony_co2.png 226w, https:\/\/www.volvetia.com\/wp-content\/uploads\/2025\/04\/ikony_co2-150x150.png 150w\" sizes=\"auto, (max-width: 226px) 100vw, 226px\" \/><\/figure>\n<\/div>\n\n\n<p class=\"has-text-align-center\">mniejszy \u015blad w\u0119glowy<br>o kilkadziesi\u0105t procent<\/p>\n<\/div><\/div>\n\n\n\n<div class=\"wp-block-group col-block-s\"><div class=\"wp-block-group__inner-container is-layout-flow wp-block-group-is-layout-flow\"><div class=\"wp-block-image\">\n<figure class=\"aligncenter size-large\"><img loading=\"lazy\" decoding=\"async\" width=\"225\" height=\"224\" src=\"http:\/\/volvetia.com\/wp-content\/uploads\/2021\/03\/koszt-zakupu.png\" alt=\"\" class=\"wp-image-766\" srcset=\"https:\/\/www.volvetia.com\/wp-content\/uploads\/2021\/03\/koszt-zakupu.png 225w, https:\/\/www.volvetia.com\/wp-content\/uploads\/2021\/03\/koszt-zakupu-150x150.png 150w\" sizes=\"auto, (max-width: 225px) 100vw, 225px\" \/><\/figure>\n<\/div>\n\n\n<p class=\"has-text-align-center\">do 20% ni\u017csze<br>koszty zakupu<\/p>\n<\/div><\/div>\n<\/div>\n\n\n\n<div class=\"wp-block-column xs-col-2 is-layout-flow wp-block-column-is-layout-flow\">\n<div class=\"wp-block-group col-block-s\"><div class=\"wp-block-group__inner-container is-layout-flow wp-block-group-is-layout-flow\"><div class=\"wp-block-image\">\n<figure class=\"aligncenter size-large\"><img loading=\"lazy\" decoding=\"async\" width=\"224\" height=\"224\" src=\"http:\/\/volvetia.com\/wp-content\/uploads\/2021\/03\/lepsza-odciazalnosc.png\" alt=\"\" class=\"wp-image-762\" srcset=\"https:\/\/www.volvetia.com\/wp-content\/uploads\/2021\/03\/lepsza-odciazalnosc.png 224w, https:\/\/www.volvetia.com\/wp-content\/uploads\/2021\/03\/lepsza-odciazalnosc-150x150.png 150w\" sizes=\"auto, (max-width: 224px) 100vw, 224px\" \/><\/figure>\n<\/div>\n\n\n<p class=\"has-text-align-center\">lepsza obci\u0105\u017calno\u015b\u0107<br>d\u0142ugotrwa\u0142a \u017cy\u0142y roboczej<\/p>\n<\/div><\/div>\n\n\n\n<div class=\"wp-block-group col-block-s\"><div class=\"wp-block-group__inner-container is-layout-flow wp-block-group-is-layout-flow\"><div class=\"wp-block-image\">\n<figure class=\"aligncenter size-large\"><img loading=\"lazy\" decoding=\"async\" width=\"225\" height=\"224\" src=\"http:\/\/volvetia.com\/wp-content\/uploads\/2021\/03\/wyzszy-prad-zw.png\" alt=\"\" class=\"wp-image-768\" srcset=\"https:\/\/www.volvetia.com\/wp-content\/uploads\/2021\/03\/wyzszy-prad-zw.png 225w, https:\/\/www.volvetia.com\/wp-content\/uploads\/2021\/03\/wyzszy-prad-zw-150x150.png 150w\" sizes=\"auto, (max-width: 225px) 100vw, 225px\" \/><\/figure>\n<\/div>\n\n\n<p class=\"has-text-align-center\">Wy\u017cszy pr\u0105d zwarciowy<\/p>\n<\/div><\/div>\n<\/div>\n<\/div>\n<\/div><\/div>\n\n\n\n<div class=\"wp-block-group alignfull\"><div class=\"wp-block-group__inner-container is-layout-flow wp-block-group-is-layout-flow\">\n<div class=\"wp-block-columns alignfull box4 box6 tubular-cert box4--pink is-layout-flex wp-container-core-columns-is-layout-9d6595d7 wp-block-columns-is-layout-flex\">\n<div class=\"wp-block-column lewa-padding prawa-padding is-layout-flow wp-block-column-is-layout-flow\">\n<div style=\"height:50px\" aria-hidden=\"true\" class=\"wp-block-spacer\"><\/div>\n\n\n\n<p class=\"title-small\">Oferta<\/p>\n\n\n\n<h2 class=\"wp-block-heading\">Certyfikaty<\/h2>\n\n\n\n<p>Dysponujemy odpowiednimi certyfikatami i&nbsp;badaniami (Certyfikat Instytutu Energetyki w&nbsp;Warszawie na zgodno\u015b\u0107 z norm\u0105 IEC 60840, Raporty z bada\u0144 BBJ-SEP dla kabla TUBULAR\u2122TUB-AX 64\/110 kV).<\/p>\n\n\n\n<div style=\"height:100px\" aria-hidden=\"true\" class=\"wp-block-spacer hidden-xs\"><\/div>\n\n\n\n<p>Popro\u015b o przes\u0142anie certyfikatu<\/p>\n\n\n\n<p class=\"contact-list\"><span>m<\/span><img decoding=\"async\" loading=\"lazy\" class=\"wp-image-189\" style=\"width: 22px;\" src=\"https:\/\/www.volvetia.com\/wp-content\/uploads\/2021\/02\/arrow-left.svg\" alt=\"arrow left\" width=\"22\" height=\"20\"><a href=\"mailto:volvetia@volvetia.com\">volvetia@volvetia.com<\/a><\/p>\n\n\n\n<p class=\"contact-list\"><span>t<\/span><img decoding=\"async\" loading=\"lazy\" class=\"wp-image-189\" style=\"width: 22px;\" src=\"https:\/\/www.volvetia.com\/wp-content\/uploads\/2021\/02\/arrow-left.svg\" alt=\"arrow left\" width=\"22\" height=\"20\"> <a href=\"tel:+48 791 790 200\">+48 791 790 200<\/a><\/p>\n\n\n\n<p class=\"contact-list\"><span>t<\/span><img decoding=\"async\" loading=\"lazy\" class=\"wp-image-189\" style=\"width: 22px;\" src=\"https:\/\/www.volvetia.com\/wp-content\/uploads\/2021\/02\/arrow-left.svg\" alt=\"arrow left\" width=\"22\" height=\"20\"><a href=\"tel:+48 884 003 004\">+48 884 003 004<\/a><\/p>\n<\/div>\n\n\n\n<div class=\"wp-block-column is-layout-flow wp-block-column-is-layout-flow\"><div class=\"wp-block-image is-resized top50\">\n<figure class=\"alignright size-full\"><img loading=\"lazy\" decoding=\"async\" width=\"952\" height=\"859\" src=\"http:\/\/volvetia.com\/wp-content\/uploads\/2021\/03\/specyfikacja2.png\" alt=\"\" class=\"wp-image-781\" srcset=\"https:\/\/www.volvetia.com\/wp-content\/uploads\/2021\/03\/specyfikacja2.png 952w, https:\/\/www.volvetia.com\/wp-content\/uploads\/2021\/03\/specyfikacja2-300x271.png 300w, https:\/\/www.volvetia.com\/wp-content\/uploads\/2021\/03\/specyfikacja2-768x693.png 768w\" sizes=\"auto, (max-width: 952px) 100vw, 952px\" \/><\/figure>\n<\/div>\n\n\n<p><\/p>\n<\/div>\n<\/div>\n<\/div><\/div>\n\n\n\n<p><\/p>\n","protected":false},"excerpt":{"rendered":"<p>Zalety kabla i przewaga nad XRUHAKXS Ni\u017csza waga lepsze ch\u0142odzenie mniejszy \u015blad w\u0119glowyo kilkadziesi\u0105t procent do 20% ni\u017cszekoszty zakupu lepsza obci\u0105\u017calno\u015b\u0107d\u0142ugotrwa\u0142a \u017cy\u0142y roboczej Wy\u017cszy pr\u0105d zwarciowy Oferta Certyfikaty Dysponujemy odpowiednimi certyfikatami i&nbsp;badaniami (Certyfikat Instytutu Energetyki w&nbsp;Warszawie na zgodno\u015b\u0107 z norm\u0105 IEC 60840, Raporty z bada\u0144 BBJ-SEP dla kabla TUBULAR\u2122TUB-AX 64\/110 kV). Popro\u015b o przes\u0142anie certyfikatu [&hellip;]<\/p>\n","protected":false},"author":1,"featured_media":2733,"parent":0,"menu_order":0,"comment_status":"closed","ping_status":"closed","template":"page-full-header-big-specyfikacja-new.php","meta":{"_acf_changed":false,"inline_featured_image":false,"footnotes":""},"class_list":["post-2940","page","type-page","status-publish","has-post-thumbnail","hentry"],"acf":[],"yoast_head":"<!-- This site is optimized with the Yoast SEO plugin v24.8.1 - https:\/\/yoast.com\/wordpress\/plugins\/seo\/ -->\n<title>Tubular prezentacja - 2 - Volvetia<\/title>\n<meta name=\"description\" content=\"Kabel \u015bredniego napi\u0119cia Tubular TUB-AX. Lepszy odpowiednik kabla XRUHAKXS redukcja koszt\u00f3w o 15% \u2014 20%. Innowacyjny kabel chroniony patentem.\" \/>\n<meta name=\"robots\" content=\"index, follow, max-snippet:-1, max-image-preview:large, max-video-preview:-1\" \/>\n<link rel=\"canonical\" href=\"https:\/\/www.volvetia.com\/en\/tubular-prezentacja-2\/\" \/>\n<meta property=\"og:locale\" content=\"en_US\" \/>\n<meta property=\"og:type\" content=\"article\" \/>\n<meta property=\"og:title\" content=\"Tubular prezentacja - 2 - Volvetia\" \/>\n<meta property=\"og:description\" content=\"Kabel \u015bredniego napi\u0119cia Tubular TUB-AX. Lepszy odpowiednik kabla XRUHAKXS redukcja koszt\u00f3w o 15% \u2014 20%. Innowacyjny kabel chroniony patentem.\" \/>\n<meta property=\"og:url\" content=\"https:\/\/www.volvetia.com\/en\/tubular-prezentacja-2\/\" \/>\n<meta property=\"og:site_name\" content=\"Volvetia\" \/>\n<meta property=\"article:modified_time\" content=\"2025-04-28T05:31:58+00:00\" \/>\n<meta property=\"og:image\" content=\"https:\/\/www.volvetia.com\/wp-content\/uploads\/2025\/04\/TUBULAR\u2122TUB-AX-ALU-CIEN-CZARNY.png\" \/>\n\t<meta property=\"og:image:width\" content=\"1019\" \/>\n\t<meta property=\"og:image:height\" content=\"363\" \/>\n\t<meta property=\"og:image:type\" content=\"image\/png\" \/>\n<meta name=\"twitter:card\" content=\"summary_large_image\" \/>\n<meta name=\"twitter:label1\" content=\"Est. reading time\" \/>\n\t<meta name=\"twitter:data1\" content=\"3 minutes\" \/>\n<script type=\"application\/ld+json\" class=\"yoast-schema-graph\">{\"@context\":\"https:\/\/schema.org\",\"@graph\":[{\"@type\":\"WebPage\",\"@id\":\"https:\/\/www.volvetia.com\/en\/tubular-prezentacja-2\/\",\"url\":\"https:\/\/www.volvetia.com\/en\/tubular-prezentacja-2\/\",\"name\":\"Tubular prezentacja - 2 - Volvetia\",\"isPartOf\":{\"@id\":\"https:\/\/www.volvetia.com\/#website\"},\"primaryImageOfPage\":{\"@id\":\"https:\/\/www.volvetia.com\/en\/tubular-prezentacja-2\/#primaryimage\"},\"image\":{\"@id\":\"https:\/\/www.volvetia.com\/en\/tubular-prezentacja-2\/#primaryimage\"},\"thumbnailUrl\":\"https:\/\/www.volvetia.com\/wp-content\/uploads\/2025\/04\/TUBULAR\u2122TUB-AX-ALU-CIEN-CZARNY.png\",\"datePublished\":\"2025-04-23T11:29:44+00:00\",\"dateModified\":\"2025-04-28T05:31:58+00:00\",\"description\":\"Kabel \u015bredniego napi\u0119cia Tubular TUB-AX. Lepszy odpowiednik kabla XRUHAKXS redukcja koszt\u00f3w o 15% \u2014 20%. Innowacyjny kabel chroniony patentem.\",\"breadcrumb\":{\"@id\":\"https:\/\/www.volvetia.com\/en\/tubular-prezentacja-2\/#breadcrumb\"},\"inLanguage\":\"en-US\",\"potentialAction\":[{\"@type\":\"ReadAction\",\"target\":[\"https:\/\/www.volvetia.com\/en\/tubular-prezentacja-2\/\"]}]},{\"@type\":\"ImageObject\",\"inLanguage\":\"en-US\",\"@id\":\"https:\/\/www.volvetia.com\/en\/tubular-prezentacja-2\/#primaryimage\",\"url\":\"https:\/\/www.volvetia.com\/wp-content\/uploads\/2025\/04\/TUBULAR\u2122TUB-AX-ALU-CIEN-CZARNY.png\",\"contentUrl\":\"https:\/\/www.volvetia.com\/wp-content\/uploads\/2025\/04\/TUBULAR\u2122TUB-AX-ALU-CIEN-CZARNY.png\",\"width\":1019,\"height\":363},{\"@type\":\"BreadcrumbList\",\"@id\":\"https:\/\/www.volvetia.com\/en\/tubular-prezentacja-2\/#breadcrumb\",\"itemListElement\":[{\"@type\":\"ListItem\",\"position\":1,\"name\":\"Strona g\u0142\u00f3wna\",\"item\":\"https:\/\/www.volvetia.com\/en\/\"},{\"@type\":\"ListItem\",\"position\":2,\"name\":\"Tubular prezentacja &#8211; 2\"}]},{\"@type\":\"WebSite\",\"@id\":\"https:\/\/www.volvetia.com\/#website\",\"url\":\"https:\/\/www.volvetia.com\/\",\"name\":\"Volvetia\",\"description\":\"Kable \u015brednich napi\u0119\u0107\",\"potentialAction\":[{\"@type\":\"SearchAction\",\"target\":{\"@type\":\"EntryPoint\",\"urlTemplate\":\"https:\/\/www.volvetia.com\/?s={search_term_string}\"},\"query-input\":{\"@type\":\"PropertyValueSpecification\",\"valueRequired\":true,\"valueName\":\"search_term_string\"}}],\"inLanguage\":\"en-US\"}]}<\/script>\n<!-- \/ Yoast SEO plugin. -->","yoast_head_json":{"title":"Tubular prezentacja - 2 - Volvetia","description":"Kabel \u015bredniego napi\u0119cia Tubular TUB-AX. Lepszy odpowiednik kabla XRUHAKXS redukcja koszt\u00f3w o 15% \u2014 20%. Innowacyjny kabel chroniony patentem.","robots":{"index":"index","follow":"follow","max-snippet":"max-snippet:-1","max-image-preview":"max-image-preview:large","max-video-preview":"max-video-preview:-1"},"canonical":"https:\/\/www.volvetia.com\/en\/tubular-prezentacja-2\/","og_locale":"en_US","og_type":"article","og_title":"Tubular prezentacja - 2 - Volvetia","og_description":"Kabel \u015bredniego napi\u0119cia Tubular TUB-AX. Lepszy odpowiednik kabla XRUHAKXS redukcja koszt\u00f3w o 15% \u2014 20%. Innowacyjny kabel chroniony patentem.","og_url":"https:\/\/www.volvetia.com\/en\/tubular-prezentacja-2\/","og_site_name":"Volvetia","article_modified_time":"2025-04-28T05:31:58+00:00","og_image":[{"width":1019,"height":363,"url":"https:\/\/www.volvetia.com\/wp-content\/uploads\/2025\/04\/TUBULAR\u2122TUB-AX-ALU-CIEN-CZARNY.png","type":"image\/png"}],"twitter_card":"summary_large_image","twitter_misc":{"Est. reading time":"3 minutes"},"schema":{"@context":"https:\/\/schema.org","@graph":[{"@type":"WebPage","@id":"https:\/\/www.volvetia.com\/en\/tubular-prezentacja-2\/","url":"https:\/\/www.volvetia.com\/en\/tubular-prezentacja-2\/","name":"Tubular prezentacja - 2 - Volvetia","isPartOf":{"@id":"https:\/\/www.volvetia.com\/#website"},"primaryImageOfPage":{"@id":"https:\/\/www.volvetia.com\/en\/tubular-prezentacja-2\/#primaryimage"},"image":{"@id":"https:\/\/www.volvetia.com\/en\/tubular-prezentacja-2\/#primaryimage"},"thumbnailUrl":"https:\/\/www.volvetia.com\/wp-content\/uploads\/2025\/04\/TUBULAR\u2122TUB-AX-ALU-CIEN-CZARNY.png","datePublished":"2025-04-23T11:29:44+00:00","dateModified":"2025-04-28T05:31:58+00:00","description":"Kabel \u015bredniego napi\u0119cia Tubular TUB-AX. Lepszy odpowiednik kabla XRUHAKXS redukcja koszt\u00f3w o 15% \u2014 20%. Innowacyjny kabel chroniony patentem.","breadcrumb":{"@id":"https:\/\/www.volvetia.com\/en\/tubular-prezentacja-2\/#breadcrumb"},"inLanguage":"en-US","potentialAction":[{"@type":"ReadAction","target":["https:\/\/www.volvetia.com\/en\/tubular-prezentacja-2\/"]}]},{"@type":"ImageObject","inLanguage":"en-US","@id":"https:\/\/www.volvetia.com\/en\/tubular-prezentacja-2\/#primaryimage","url":"https:\/\/www.volvetia.com\/wp-content\/uploads\/2025\/04\/TUBULAR\u2122TUB-AX-ALU-CIEN-CZARNY.png","contentUrl":"https:\/\/www.volvetia.com\/wp-content\/uploads\/2025\/04\/TUBULAR\u2122TUB-AX-ALU-CIEN-CZARNY.png","width":1019,"height":363},{"@type":"BreadcrumbList","@id":"https:\/\/www.volvetia.com\/en\/tubular-prezentacja-2\/#breadcrumb","itemListElement":[{"@type":"ListItem","position":1,"name":"Strona g\u0142\u00f3wna","item":"https:\/\/www.volvetia.com\/en\/"},{"@type":"ListItem","position":2,"name":"Tubular prezentacja &#8211; 2"}]},{"@type":"WebSite","@id":"https:\/\/www.volvetia.com\/#website","url":"https:\/\/www.volvetia.com\/","name":"Volvetia","description":"Kable \u015brednich napi\u0119\u0107","potentialAction":[{"@type":"SearchAction","target":{"@type":"EntryPoint","urlTemplate":"https:\/\/www.volvetia.com\/?s={search_term_string}"},"query-input":{"@type":"PropertyValueSpecification","valueRequired":true,"valueName":"search_term_string"}}],"inLanguage":"en-US"}]}},"_links":{"self":[{"href":"https:\/\/www.volvetia.com\/en\/wp-json\/wp\/v2\/pages\/2940","targetHints":{"allow":["GET"]}}],"collection":[{"href":"https:\/\/www.volvetia.com\/en\/wp-json\/wp\/v2\/pages"}],"about":[{"href":"https:\/\/www.volvetia.com\/en\/wp-json\/wp\/v2\/types\/page"}],"author":[{"embeddable":true,"href":"https:\/\/www.volvetia.com\/en\/wp-json\/wp\/v2\/users\/1"}],"replies":[{"embeddable":true,"href":"https:\/\/www.volvetia.com\/en\/wp-json\/wp\/v2\/comments?post=2940"}],"version-history":[{"count":2,"href":"https:\/\/www.volvetia.com\/en\/wp-json\/wp\/v2\/pages\/2940\/revisions"}],"predecessor-version":[{"id":2952,"href":"https:\/\/www.volvetia.com\/en\/wp-json\/wp\/v2\/pages\/2940\/revisions\/2952"}],"wp:featuredmedia":[{"embeddable":true,"href":"https:\/\/www.volvetia.com\/en\/wp-json\/wp\/v2\/media\/2733"}],"wp:attachment":[{"href":"https:\/\/www.volvetia.com\/en\/wp-json\/wp\/v2\/media?parent=2940"}],"curies":[{"name":"wp","href":"https:\/\/api.w.org\/{rel}","templated":true}]}}